{"id":1037,"date":"2024-12-07T05:00:33","date_gmt":"2024-12-07T05:00:33","guid":{"rendered":"https:\/\/petlikepark.com\/?post_type=product&#038;p=1037"},"modified":"2024-12-09T06:14:03","modified_gmt":"2024-12-09T06:14:03","slug":"cat-ve-sinh-meo-5l-bentonite-cat-litter-floral-5l","status":"publish","type":"product","link":"https:\/\/petlikepark.com\/en\/product\/cat-ve-sinh-meo-5l-bentonite-cat-litter-floral-5l\/","title":{"rendered":"Bentonite Cat Litter Floral 5L"},"content":{"rendered":"<p><\/p>\n<h3>High-Quality Cat Litter Made from 100% Bentonite<\/h3>\n<ul>\n<li><strong>Effective Odor Control<\/strong>: Natural Bentonite ingredients quickly absorb and eliminate unpleasant odors.<\/li>\n<li><strong>Excellent Odor Absorption, Low Dust, Quick Clumping<\/strong>: Clumps instantly when exposed to moisture, preventing bacterial growth.<\/li>\n<li><strong>Easy Cleanup<\/strong>: Simply use a scoop to remove soiled litter, keeping your cat&#8217;s litter box fresh and clean.<\/li>\n<li><strong>Protect Your Cat&#8217;s Health<\/strong>: Daily use of this cat litter not only keeps your feline healthy but also ensures a clean and pleasant home environment.<\/li>\n<\/ul>\n<p>Choose <strong>100% Bentonite Cat Litter<\/strong> for the best experience for both you and your beloved cat!<\/p>","protected":false},"excerpt":{"rendered":"<ul>\n<li><span style=\"font-size: 10pt;\"><strong>Effective Odor Control<\/strong><\/span><\/li>\n<li><span style=\"font-size: 10pt;\"><strong>Excellent Odor Absorption, Low Dust, Quick Clumping<\/strong><\/span><\/li>\n<li><span style=\"font-size: 10pt;\"><strong>Easy Cleanup<\/strong><\/span><\/li>\n<li><span style=\"font-size: 10pt;\"><strong>Protect Your Cat&#8217;s Health<\/strong><\/span><\/li>\n<\/ul>\n","protected":false},"featured_media":1038,"comment_status":"open","ping_status":"closed","template":"","meta":[],"product_cat":[26],"product_tag":[],"yoast_head":"<!-- This site is optimized with the Yoast SEO plugin v20.2 - https:\/\/yoast.com\/wordpress\/plugins\/seo\/ -->\n<title>Bentonite Cat Litter Floral 5L - Pet Like Park<\/title>\n<meta name=\"description\" content=\"C\u00e1t v\u1ec7 sinh m\u00e8o ch\u1ea5t l\u01b0\u1ee3ng cao t\u1eeb 100% Bentonite Ki\u1ec3m so\u00e1t m\u00f9i h\u00f4i hi\u1ec7u qu\u1ea3: Th\u00e0nh ph\u1ea7n Bentonite t\u1ef1 nhi\u00ean gi\u00fap h\u1ea5p th\u1ee5 v\u00e0 lo\u1ea1i b\u1ecf m\u00f9i h\u00f4i nhanh ch\u00f3ng. Kh\u1eed m\u00f9i t\u1ed1t, \u00edt b\u1ee5i, v\u00f3n c\u1ee5c nhanh: C\u00e1t v\u00f3n c\u1ee5c ngay khi ti\u1ebfp x\u00fac v\u1edbi \u0111\u1ed9 \u1ea9m, h\u1ea1n ch\u1ebf vi khu\u1ea9n ph\u00e1t tri\u1ec3n. D\u1ec5 d\u00e0ng d\u1ecdn d\u1eb9p: S\u1eed d\u1ee5ng x\u1ebbng x\u00fac c\u00e1t \u0111\u1ec3 lo\u1ea1i b\u1ecf ph\u1ea7n c\u00e1t b\u1ea9n, gi\u00fap khay v\u1ec7 sinh c\u1ee7a m\u00e8o lu\u00f4n s\u1ea1ch s\u1ebd. B\u1ea3o v\u1ec7 s\u1ee9c kh\u1ecfe cho m\u00e8o y\u00eau: Vi\u1ec7c s\u1eed d\u1ee5ng c\u00e1t v\u1ec7 sinh h\u00e0ng ng\u00e0y kh\u00f4ng ch\u1ec9 gi\u00fap b\u00e9 m\u00e8o c\u1ee7a b\u1ea1n kh\u1ecfe m\u1ea1nh m\u00e0 c\u00f2n gi\u1eef cho ng\u00f4i nh\u00e0 lu\u00f4n s\u1ea1ch s\u1ebd, tho\u00e1ng m\u00e1t.H\u00e3y ch\u1ecdn c\u00e1t v\u1ec7 sinh t\u1eeb 100% Bentonite \u0111\u1ec3 mang \u0111\u1ebfn tr\u1ea3i nghi\u1ec7m t\u1ed1t nh\u1ea5t cho b\u1ea1n v\u00e0 m\u00e8o y\u00eau! High-Quality Cat Litter Made from 100% Bentonite Effective Odor Control: Natural Bentonite ingredients quickly absorb and eliminate unpleasant odors. Excellent Odor Absorption, Low Dust, Quick Clumping: Clumps instantly when exposed to moisture, preventing bacterial growth. Easy Cleanup: Simply use a scoop to remove soiled litter, keeping your cat&#039;s litter box fresh and clean. Protect Your Cat&#039;s Health: Daily use of this cat litter not only keeps your feline healthy but also ensures a clean and pleasant home environment. Choose 100% Bentonite Cat Litter for the best experience for both you and your beloved cat!\" \/>\n<meta name=\"robots\" content=\"index, follow, max-snippet:-1, max-image-preview:large, max-video-preview:-1\" \/>\n<link rel=\"canonical\" href=\"https:\/\/petlikepark.com\/product\/cat-ve-sinh-meo-5l-bentonite-cat-litter-floral-5l\/\" \/>\n<meta property=\"og:locale\" content=\"en_US\" \/>\n<meta property=\"og:type\" content=\"article\" \/>\n<meta property=\"og:title\" content=\"[:vi]C\u00e1t M\u00e8o Bentonite 5L (H\u01b0\u01a1ng Hoa T\u1ed5ng H\u1ee3p)[:en]Bentonite Cat Litter Floral 5L[:] - Pet Like Park\" \/>\n<meta property=\"og:description\" content=\"C\u00e1t v\u1ec7 sinh m\u00e8o ch\u1ea5t l\u01b0\u1ee3ng cao t\u1eeb 100% Bentonite Ki\u1ec3m so\u00e1t m\u00f9i h\u00f4i hi\u1ec7u qu\u1ea3: Th\u00e0nh ph\u1ea7n Bentonite t\u1ef1 nhi\u00ean gi\u00fap h\u1ea5p th\u1ee5 v\u00e0 lo\u1ea1i b\u1ecf m\u00f9i h\u00f4i nhanh ch\u00f3ng. Kh\u1eed m\u00f9i t\u1ed1t, \u00edt b\u1ee5i, v\u00f3n c\u1ee5c nhanh: C\u00e1t v\u00f3n c\u1ee5c ngay khi ti\u1ebfp x\u00fac v\u1edbi \u0111\u1ed9 \u1ea9m, h\u1ea1n ch\u1ebf vi khu\u1ea9n ph\u00e1t tri\u1ec3n. D\u1ec5 d\u00e0ng d\u1ecdn d\u1eb9p: S\u1eed d\u1ee5ng x\u1ebbng x\u00fac c\u00e1t \u0111\u1ec3 lo\u1ea1i b\u1ecf ph\u1ea7n c\u00e1t b\u1ea9n, gi\u00fap khay v\u1ec7 sinh c\u1ee7a m\u00e8o lu\u00f4n s\u1ea1ch s\u1ebd. B\u1ea3o v\u1ec7 s\u1ee9c kh\u1ecfe cho m\u00e8o y\u00eau: Vi\u1ec7c s\u1eed d\u1ee5ng c\u00e1t v\u1ec7 sinh h\u00e0ng ng\u00e0y kh\u00f4ng ch\u1ec9 gi\u00fap b\u00e9 m\u00e8o c\u1ee7a b\u1ea1n kh\u1ecfe m\u1ea1nh m\u00e0 c\u00f2n gi\u1eef cho ng\u00f4i nh\u00e0 lu\u00f4n s\u1ea1ch s\u1ebd, tho\u00e1ng m\u00e1t.H\u00e3y ch\u1ecdn c\u00e1t v\u1ec7 sinh t\u1eeb 100% Bentonite \u0111\u1ec3 mang \u0111\u1ebfn tr\u1ea3i nghi\u1ec7m t\u1ed1t nh\u1ea5t cho b\u1ea1n v\u00e0 m\u00e8o y\u00eau! High-Quality Cat Litter Made from 100% Bentonite Effective Odor Control: Natural Bentonite ingredients quickly absorb and eliminate unpleasant odors. Excellent Odor Absorption, Low Dust, Quick Clumping: Clumps instantly when exposed to moisture, preventing bacterial growth. Easy Cleanup: Simply use a scoop to remove soiled litter, keeping your cat&#039;s litter box fresh and clean. Protect Your Cat&#039;s Health: Daily use of this cat litter not only keeps your feline healthy but also ensures a clean and pleasant home environment. Choose 100% Bentonite Cat Litter for the best experience for both you and your beloved cat!\" \/>\n<meta property=\"og:url\" content=\"https:\/\/petlikepark.com\/product\/cat-ve-sinh-meo-5l-bentonite-cat-litter-floral-5l\/\" \/>\n<meta property=\"og:site_name\" content=\"Pet Like Park\" \/>\n<meta property=\"article:modified_time\" content=\"2024-12-09T06:14:03+00:00\" \/>\n<meta property=\"og:image\" content=\"https:\/\/petlikepark.com\/wp-content\/uploads\/2024\/12\/Cat-ve-sinh-Bentonite-Cat-Litter-Floral-5L.jpg\" \/>\n\t<meta property=\"og:image:width\" content=\"1000\" \/>\n\t<meta property=\"og:image:height\" content=\"1000\" \/>\n\t<meta property=\"og:image:type\" content=\"image\/jpeg\" \/>\n<meta name=\"twitter:card\" content=\"summary_large_image\" \/>\n<meta name=\"twitter:label1\" content=\"Est. reading time\" \/>\n\t<meta name=\"twitter:data1\" content=\"1 minute\" \/>\n<script type=\"application\/ld+json\" class=\"yoast-schema-graph\">{\"@context\":\"https:\/\/schema.org\",\"@graph\":[{\"@type\":\"WebPage\",\"@id\":\"https:\/\/petlikepark.com\/product\/cat-ve-sinh-meo-5l-bentonite-cat-litter-floral-5l\/\",\"url\":\"https:\/\/petlikepark.com\/product\/cat-ve-sinh-meo-5l-bentonite-cat-litter-floral-5l\/\",\"name\":\"[:vi]C\u00e1t M\u00e8o Bentonite 5L (H\u01b0\u01a1ng Hoa T\u1ed5ng H\u1ee3p)[:en]Bentonite Cat Litter Floral 5L[:] - Pet Like Park\",\"isPartOf\":{\"@id\":\"https:\/\/petlikepark.com\/#website\"},\"datePublished\":\"2024-12-07T05:00:33+00:00\",\"dateModified\":\"2024-12-09T06:14:03+00:00\",\"description\":\"C\u00e1t v\u1ec7 sinh m\u00e8o ch\u1ea5t l\u01b0\u1ee3ng cao t\u1eeb 100% Bentonite Ki\u1ec3m so\u00e1t m\u00f9i h\u00f4i hi\u1ec7u qu\u1ea3: Th\u00e0nh ph\u1ea7n Bentonite t\u1ef1 nhi\u00ean gi\u00fap h\u1ea5p th\u1ee5 v\u00e0 lo\u1ea1i b\u1ecf m\u00f9i h\u00f4i nhanh ch\u00f3ng. Kh\u1eed m\u00f9i t\u1ed1t, \u00edt b\u1ee5i, v\u00f3n c\u1ee5c nhanh: C\u00e1t v\u00f3n c\u1ee5c ngay khi ti\u1ebfp x\u00fac v\u1edbi \u0111\u1ed9 \u1ea9m, h\u1ea1n ch\u1ebf vi khu\u1ea9n ph\u00e1t tri\u1ec3n. D\u1ec5 d\u00e0ng d\u1ecdn d\u1eb9p: S\u1eed d\u1ee5ng x\u1ebbng x\u00fac c\u00e1t \u0111\u1ec3 lo\u1ea1i b\u1ecf ph\u1ea7n c\u00e1t b\u1ea9n, gi\u00fap khay v\u1ec7 sinh c\u1ee7a m\u00e8o lu\u00f4n s\u1ea1ch s\u1ebd. B\u1ea3o v\u1ec7 s\u1ee9c kh\u1ecfe cho m\u00e8o y\u00eau: Vi\u1ec7c s\u1eed d\u1ee5ng c\u00e1t v\u1ec7 sinh h\u00e0ng ng\u00e0y kh\u00f4ng ch\u1ec9 gi\u00fap b\u00e9 m\u00e8o c\u1ee7a b\u1ea1n kh\u1ecfe m\u1ea1nh m\u00e0 c\u00f2n gi\u1eef cho ng\u00f4i nh\u00e0 lu\u00f4n s\u1ea1ch s\u1ebd, tho\u00e1ng m\u00e1t.H\u00e3y ch\u1ecdn c\u00e1t v\u1ec7 sinh t\u1eeb 100% Bentonite \u0111\u1ec3 mang \u0111\u1ebfn tr\u1ea3i nghi\u1ec7m t\u1ed1t nh\u1ea5t cho b\u1ea1n v\u00e0 m\u00e8o y\u00eau! High-Quality Cat Litter Made from 100% Bentonite Effective Odor Control: Natural Bentonite ingredients quickly absorb and eliminate unpleasant odors. Excellent Odor Absorption, Low Dust, Quick Clumping: Clumps instantly when exposed to moisture, preventing bacterial growth. Easy Cleanup: Simply use a scoop to remove soiled litter, keeping your cat's litter box fresh and clean. Protect Your Cat's Health: Daily use of this cat litter not only keeps your feline healthy but also ensures a clean and pleasant home environment. Choose 100% Bentonite Cat Litter for the best experience for both you and your beloved cat!\",\"breadcrumb\":{\"@id\":\"https:\/\/petlikepark.com\/product\/cat-ve-sinh-meo-5l-bentonite-cat-litter-floral-5l\/#breadcrumb\"},\"inLanguage\":\"en-US\",\"potentialAction\":[{\"@type\":\"ReadAction\",\"target\":[\"https:\/\/petlikepark.com\/product\/cat-ve-sinh-meo-5l-bentonite-cat-litter-floral-5l\/\"]}]},{\"@type\":\"BreadcrumbList\",\"@id\":\"https:\/\/petlikepark.com\/product\/cat-ve-sinh-meo-5l-bentonite-cat-litter-floral-5l\/#breadcrumb\",\"itemListElement\":[{\"@type\":\"ListItem\",\"position\":1,\"name\":\"Home\",\"item\":\"https:\/\/petlikepark.com\/\"},{\"@type\":\"ListItem\",\"position\":2,\"name\":\"S\u1ea3n ph\u1ea9m\",\"item\":\"https:\/\/petlikepark.com\/san-pham\/\"},{\"@type\":\"ListItem\",\"position\":3,\"name\":\"C\u00e1t M\u00e8o Bentonite 5L (H\u01b0\u01a1ng Hoa T\u1ed5ng H\u1ee3p)\"}]},{\"@type\":\"WebSite\",\"@id\":\"https:\/\/petlikepark.com\/#website\",\"url\":\"https:\/\/petlikepark.com\/\",\"name\":\"Pet Like Park\",\"description\":\"\",\"publisher\":{\"@id\":\"https:\/\/petlikepark.com\/#organization\"},\"potentialAction\":[{\"@type\":\"SearchAction\",\"target\":{\"@type\":\"EntryPoint\",\"urlTemplate\":\"https:\/\/petlikepark.com\/?s={search_term_string}\"},\"query-input\":\"required name=search_term_string\"}],\"inLanguage\":\"en-US\"},{\"@type\":\"Organization\",\"@id\":\"https:\/\/petlikepark.com\/#organization\",\"name\":\"Pet Like Park\",\"url\":\"https:\/\/petlikepark.com\/\",\"logo\":{\"@type\":\"ImageObject\",\"inLanguage\":\"en-US\",\"@id\":\"https:\/\/petlikepark.com\/#\/schema\/logo\/image\/\",\"url\":\"https:\/\/petlikepark.com\/wp-content\/uploads\/2023\/12\/cropped-cropped-pet_like_park_logo-1.png\",\"contentUrl\":\"https:\/\/petlikepark.com\/wp-content\/uploads\/2023\/12\/cropped-cropped-pet_like_park_logo-1.png\",\"width\":250,\"height\":250,\"caption\":\"Pet Like Park\"},\"image\":{\"@id\":\"https:\/\/petlikepark.com\/#\/schema\/logo\/image\/\"}}]}<\/script>\n<!-- \/ Yoast SEO plugin. -->","yoast_head_json":{"title":"[:vi]C\u00e1t M\u00e8o Bentonite 5L (H\u01b0\u01a1ng Hoa T\u1ed5ng H\u1ee3p)[:en]Bentonite Cat Litter Floral 5L[:] - Pet Like Park","description":"C\u00e1t v\u1ec7 sinh m\u00e8o ch\u1ea5t l\u01b0\u1ee3ng cao t\u1eeb 100% Bentonite Ki\u1ec3m so\u00e1t m\u00f9i h\u00f4i hi\u1ec7u qu\u1ea3: Th\u00e0nh ph\u1ea7n Bentonite t\u1ef1 nhi\u00ean gi\u00fap h\u1ea5p th\u1ee5 v\u00e0 lo\u1ea1i b\u1ecf m\u00f9i h\u00f4i nhanh ch\u00f3ng. Kh\u1eed m\u00f9i t\u1ed1t, \u00edt b\u1ee5i, v\u00f3n c\u1ee5c nhanh: C\u00e1t v\u00f3n c\u1ee5c ngay khi ti\u1ebfp x\u00fac v\u1edbi \u0111\u1ed9 \u1ea9m, h\u1ea1n ch\u1ebf vi khu\u1ea9n ph\u00e1t tri\u1ec3n. D\u1ec5 d\u00e0ng d\u1ecdn d\u1eb9p: S\u1eed d\u1ee5ng x\u1ebbng x\u00fac c\u00e1t \u0111\u1ec3 lo\u1ea1i b\u1ecf ph\u1ea7n c\u00e1t b\u1ea9n, gi\u00fap khay v\u1ec7 sinh c\u1ee7a m\u00e8o lu\u00f4n s\u1ea1ch s\u1ebd. B\u1ea3o v\u1ec7 s\u1ee9c kh\u1ecfe cho m\u00e8o y\u00eau: Vi\u1ec7c s\u1eed d\u1ee5ng c\u00e1t v\u1ec7 sinh h\u00e0ng ng\u00e0y kh\u00f4ng ch\u1ec9 gi\u00fap b\u00e9 m\u00e8o c\u1ee7a b\u1ea1n kh\u1ecfe m\u1ea1nh m\u00e0 c\u00f2n gi\u1eef cho ng\u00f4i nh\u00e0 lu\u00f4n s\u1ea1ch s\u1ebd, tho\u00e1ng m\u00e1t.H\u00e3y ch\u1ecdn c\u00e1t v\u1ec7 sinh t\u1eeb 100% Bentonite \u0111\u1ec3 mang \u0111\u1ebfn tr\u1ea3i nghi\u1ec7m t\u1ed1t nh\u1ea5t cho b\u1ea1n v\u00e0 m\u00e8o y\u00eau! High-Quality Cat Litter Made from 100% Bentonite Effective Odor Control: Natural Bentonite ingredients quickly absorb and eliminate unpleasant odors. Excellent Odor Absorption, Low Dust, Quick Clumping: Clumps instantly when exposed to moisture, preventing bacterial growth. Easy Cleanup: Simply use a scoop to remove soiled litter, keeping your cat's litter box fresh and clean. Protect Your Cat's Health: Daily use of this cat litter not only keeps your feline healthy but also ensures a clean and pleasant home environment. Choose 100% Bentonite Cat Litter for the best experience for both you and your beloved cat!","robots":{"index":"index","follow":"follow","max-snippet":"max-snippet:-1","max-image-preview":"max-image-preview:large","max-video-preview":"max-video-preview:-1"},"canonical":"https:\/\/petlikepark.com\/product\/cat-ve-sinh-meo-5l-bentonite-cat-litter-floral-5l\/","og_locale":"en_US","og_type":"article","og_title":"[:vi]C\u00e1t M\u00e8o Bentonite 5L (H\u01b0\u01a1ng Hoa T\u1ed5ng H\u1ee3p)[:en]Bentonite Cat Litter Floral 5L[:] - Pet Like Park","og_description":"C\u00e1t v\u1ec7 sinh m\u00e8o ch\u1ea5t l\u01b0\u1ee3ng cao t\u1eeb 100% Bentonite Ki\u1ec3m so\u00e1t m\u00f9i h\u00f4i hi\u1ec7u qu\u1ea3: Th\u00e0nh ph\u1ea7n Bentonite t\u1ef1 nhi\u00ean gi\u00fap h\u1ea5p th\u1ee5 v\u00e0 lo\u1ea1i b\u1ecf m\u00f9i h\u00f4i nhanh ch\u00f3ng. Kh\u1eed m\u00f9i t\u1ed1t, \u00edt b\u1ee5i, v\u00f3n c\u1ee5c nhanh: C\u00e1t v\u00f3n c\u1ee5c ngay khi ti\u1ebfp x\u00fac v\u1edbi \u0111\u1ed9 \u1ea9m, h\u1ea1n ch\u1ebf vi khu\u1ea9n ph\u00e1t tri\u1ec3n. D\u1ec5 d\u00e0ng d\u1ecdn d\u1eb9p: S\u1eed d\u1ee5ng x\u1ebbng x\u00fac c\u00e1t \u0111\u1ec3 lo\u1ea1i b\u1ecf ph\u1ea7n c\u00e1t b\u1ea9n, gi\u00fap khay v\u1ec7 sinh c\u1ee7a m\u00e8o lu\u00f4n s\u1ea1ch s\u1ebd. B\u1ea3o v\u1ec7 s\u1ee9c kh\u1ecfe cho m\u00e8o y\u00eau: Vi\u1ec7c s\u1eed d\u1ee5ng c\u00e1t v\u1ec7 sinh h\u00e0ng ng\u00e0y kh\u00f4ng ch\u1ec9 gi\u00fap b\u00e9 m\u00e8o c\u1ee7a b\u1ea1n kh\u1ecfe m\u1ea1nh m\u00e0 c\u00f2n gi\u1eef cho ng\u00f4i nh\u00e0 lu\u00f4n s\u1ea1ch s\u1ebd, tho\u00e1ng m\u00e1t.H\u00e3y ch\u1ecdn c\u00e1t v\u1ec7 sinh t\u1eeb 100% Bentonite \u0111\u1ec3 mang \u0111\u1ebfn tr\u1ea3i nghi\u1ec7m t\u1ed1t nh\u1ea5t cho b\u1ea1n v\u00e0 m\u00e8o y\u00eau! High-Quality Cat Litter Made from 100% Bentonite Effective Odor Control: Natural Bentonite ingredients quickly absorb and eliminate unpleasant odors. Excellent Odor Absorption, Low Dust, Quick Clumping: Clumps instantly when exposed to moisture, preventing bacterial growth. Easy Cleanup: Simply use a scoop to remove soiled litter, keeping your cat's litter box fresh and clean. Protect Your Cat's Health: Daily use of this cat litter not only keeps your feline healthy but also ensures a clean and pleasant home environment. Choose 100% Bentonite Cat Litter for the best experience for both you and your beloved cat!","og_url":"https:\/\/petlikepark.com\/product\/cat-ve-sinh-meo-5l-bentonite-cat-litter-floral-5l\/","og_site_name":"Pet Like Park","article_modified_time":"2024-12-09T06:14:03+00:00","og_image":[{"width":1000,"height":1000,"url":"https:\/\/petlikepark.com\/wp-content\/uploads\/2024\/12\/Cat-ve-sinh-Bentonite-Cat-Litter-Floral-5L.jpg","type":"image\/jpeg"}],"twitter_card":"summary_large_image","twitter_misc":{"Est. reading time":"1 minute"},"schema":{"@context":"https:\/\/schema.org","@graph":[{"@type":"WebPage","@id":"https:\/\/petlikepark.com\/product\/cat-ve-sinh-meo-5l-bentonite-cat-litter-floral-5l\/","url":"https:\/\/petlikepark.com\/product\/cat-ve-sinh-meo-5l-bentonite-cat-litter-floral-5l\/","name":"[:vi]C\u00e1t M\u00e8o Bentonite 5L (H\u01b0\u01a1ng Hoa T\u1ed5ng H\u1ee3p)[:en]Bentonite Cat Litter Floral 5L[:] - Pet Like Park","isPartOf":{"@id":"https:\/\/petlikepark.com\/#website"},"datePublished":"2024-12-07T05:00:33+00:00","dateModified":"2024-12-09T06:14:03+00:00","description":"C\u00e1t v\u1ec7 sinh m\u00e8o ch\u1ea5t l\u01b0\u1ee3ng cao t\u1eeb 100% Bentonite Ki\u1ec3m so\u00e1t m\u00f9i h\u00f4i hi\u1ec7u qu\u1ea3: Th\u00e0nh ph\u1ea7n Bentonite t\u1ef1 nhi\u00ean gi\u00fap h\u1ea5p th\u1ee5 v\u00e0 lo\u1ea1i b\u1ecf m\u00f9i h\u00f4i nhanh ch\u00f3ng. Kh\u1eed m\u00f9i t\u1ed1t, \u00edt b\u1ee5i, v\u00f3n c\u1ee5c nhanh: C\u00e1t v\u00f3n c\u1ee5c ngay khi ti\u1ebfp x\u00fac v\u1edbi \u0111\u1ed9 \u1ea9m, h\u1ea1n ch\u1ebf vi khu\u1ea9n ph\u00e1t tri\u1ec3n. D\u1ec5 d\u00e0ng d\u1ecdn d\u1eb9p: S\u1eed d\u1ee5ng x\u1ebbng x\u00fac c\u00e1t \u0111\u1ec3 lo\u1ea1i b\u1ecf ph\u1ea7n c\u00e1t b\u1ea9n, gi\u00fap khay v\u1ec7 sinh c\u1ee7a m\u00e8o lu\u00f4n s\u1ea1ch s\u1ebd. B\u1ea3o v\u1ec7 s\u1ee9c kh\u1ecfe cho m\u00e8o y\u00eau: Vi\u1ec7c s\u1eed d\u1ee5ng c\u00e1t v\u1ec7 sinh h\u00e0ng ng\u00e0y kh\u00f4ng ch\u1ec9 gi\u00fap b\u00e9 m\u00e8o c\u1ee7a b\u1ea1n kh\u1ecfe m\u1ea1nh m\u00e0 c\u00f2n gi\u1eef cho ng\u00f4i nh\u00e0 lu\u00f4n s\u1ea1ch s\u1ebd, tho\u00e1ng m\u00e1t.H\u00e3y ch\u1ecdn c\u00e1t v\u1ec7 sinh t\u1eeb 100% Bentonite \u0111\u1ec3 mang \u0111\u1ebfn tr\u1ea3i nghi\u1ec7m t\u1ed1t nh\u1ea5t cho b\u1ea1n v\u00e0 m\u00e8o y\u00eau! High-Quality Cat Litter Made from 100% Bentonite Effective Odor Control: Natural Bentonite ingredients quickly absorb and eliminate unpleasant odors. Excellent Odor Absorption, Low Dust, Quick Clumping: Clumps instantly when exposed to moisture, preventing bacterial growth. Easy Cleanup: Simply use a scoop to remove soiled litter, keeping your cat's litter box fresh and clean. Protect Your Cat's Health: Daily use of this cat litter not only keeps your feline healthy but also ensures a clean and pleasant home environment. Choose 100% Bentonite Cat Litter for the best experience for both you and your beloved cat!","breadcrumb":{"@id":"https:\/\/petlikepark.com\/product\/cat-ve-sinh-meo-5l-bentonite-cat-litter-floral-5l\/#breadcrumb"},"inLanguage":"en-US","potentialAction":[{"@type":"ReadAction","target":["https:\/\/petlikepark.com\/product\/cat-ve-sinh-meo-5l-bentonite-cat-litter-floral-5l\/"]}]},{"@type":"BreadcrumbList","@id":"https:\/\/petlikepark.com\/product\/cat-ve-sinh-meo-5l-bentonite-cat-litter-floral-5l\/#breadcrumb","itemListElement":[{"@type":"ListItem","position":1,"name":"Home","item":"https:\/\/petlikepark.com\/"},{"@type":"ListItem","position":2,"name":"S\u1ea3n ph\u1ea9m","item":"https:\/\/petlikepark.com\/san-pham\/"},{"@type":"ListItem","position":3,"name":"C\u00e1t M\u00e8o Bentonite 5L (H\u01b0\u01a1ng Hoa T\u1ed5ng H\u1ee3p)"}]},{"@type":"WebSite","@id":"https:\/\/petlikepark.com\/#website","url":"https:\/\/petlikepark.com\/","name":"Pet Like Park","description":"","publisher":{"@id":"https:\/\/petlikepark.com\/#organization"},"potentialAction":[{"@type":"SearchAction","target":{"@type":"EntryPoint","urlTemplate":"https:\/\/petlikepark.com\/?s={search_term_string}"},"query-input":"required name=search_term_string"}],"inLanguage":"en-US"},{"@type":"Organization","@id":"https:\/\/petlikepark.com\/#organization","name":"Pet Like Park","url":"https:\/\/petlikepark.com\/","logo":{"@type":"ImageObject","inLanguage":"en-US","@id":"https:\/\/petlikepark.com\/#\/schema\/logo\/image\/","url":"https:\/\/petlikepark.com\/wp-content\/uploads\/2023\/12\/cropped-cropped-pet_like_park_logo-1.png","contentUrl":"https:\/\/petlikepark.com\/wp-content\/uploads\/2023\/12\/cropped-cropped-pet_like_park_logo-1.png","width":250,"height":250,"caption":"Pet Like Park"},"image":{"@id":"https:\/\/petlikepark.com\/#\/schema\/logo\/image\/"}}]}},"_links":{"self":[{"href":"https:\/\/petlikepark.com\/en\/wp-json\/wp\/v2\/product\/1037"}],"collection":[{"href":"https:\/\/petlikepark.com\/en\/wp-json\/wp\/v2\/product"}],"about":[{"href":"https:\/\/petlikepark.com\/en\/wp-json\/wp\/v2\/types\/product"}],"replies":[{"embeddable":true,"href":"https:\/\/petlikepark.com\/en\/wp-json\/wp\/v2\/comments?post=1037"}],"wp:featuredmedia":[{"embeddable":true,"href":"https:\/\/petlikepark.com\/en\/wp-json\/wp\/v2\/media\/1038"}],"wp:attachment":[{"href":"https:\/\/petlikepark.com\/en\/wp-json\/wp\/v2\/media?parent=1037"}],"wp:term":[{"taxonomy":"product_cat","embeddable":true,"href":"https:\/\/petlikepark.com\/en\/wp-json\/wp\/v2\/product_cat?post=1037"},{"taxonomy":"product_tag","embeddable":true,"href":"https:\/\/petlikepark.com\/en\/wp-json\/wp\/v2\/product_tag?post=1037"}],"curies":[{"name":"wp","href":"https:\/\/api.w.org\/{rel}","templated":true}]}}