{"id":1061,"date":"2024-12-09T04:17:52","date_gmt":"2024-12-09T04:17:52","guid":{"rendered":"https:\/\/petlikepark.com\/?post_type=product&#038;p=1061"},"modified":"2024-12-09T07:36:05","modified_gmt":"2024-12-09T07:36:05","slug":"cat-meo-ve-sinh-american-solution-khong-mui-american-solution-unscented-cat-litter","status":"publish","type":"product","link":"https:\/\/petlikepark.com\/en\/product\/cat-meo-ve-sinh-american-solution-khong-mui-american-solution-unscented-cat-litter\/","title":{"rendered":"American Solution Unscented 9Kg Cat Litter"},"content":{"rendered":"<p><strong>American Solution Cat Litter \u2013 The Perfect Choice with Advanced Technology<\/strong><\/p>\n<p>Are you looking for a cat litter solution that\u2019s both effective and safe? <strong>American Solution Cat Litter<\/strong> is the ideal product with outstanding benefits:<\/p>\n<h3><strong>1. Smart Odor Shield Technology<\/strong><\/h3>\n<ul>\n<li>Superior odor control and elimination lasting for over <strong>30 days<\/strong>.<\/li>\n<li>No more worries about unpleasant smells in your living space.<\/li>\n<\/ul>\n<h3><strong>2. Up to 99.9% Dust-Free<\/strong><\/h3>\n<ul>\n<li>Minimizes dust to ensure <strong>health and safety<\/strong> for you and your pet.<\/li>\n<li>Creates a clean, pet-friendly environment.<\/li>\n<\/ul>\n<h3><strong>3. Quick Clumping with No Unpleasant Odors<\/strong><\/h3>\n<ul>\n<li>Effortless cleaning with its <strong>quick clumping<\/strong> ability, saving you time.<\/li>\n<li>Keeps your space clean without any foul smells.<\/li>\n<\/ul>\n<h3><strong>4. Convenient Design<\/strong><\/h3>\n<ul>\n<li>Smart screw-cap lid makes it easy to add litter when needed, ensuring convenience and tidiness.<\/li>\n<\/ul>\n<h3><strong>Why Choose American Solution Cat Litter?<\/strong><\/h3>\n<p>This product not only excels at controlling odor and maintaining hygiene but also ensures comfort and safety for both you and your beloved cat.<\/p>\n<p><strong>Experience it today and make a difference in your home!<\/strong><\/p>\n<h4><strong>Suggested SEO Keywords:<\/strong><\/h4>\n<ul>\n<li>Cat litter<\/li>\n<li>Dust-free cat litter<\/li>\n<li>Odor-controlling cat litter<\/li>\n<li>Quick clumping cat litter<\/li>\n<li>American Solution cat litter<\/li>\n<\/ul>\n<p><\/p>","protected":false},"excerpt":{"rendered":"<p>American Solution clay litter \u2013 a brand from the US, helps to clump quickly, reduces unpleasant odors when cats go to the toilet, and produces little dust.<br \/>\nFor cats of all ages.<\/p>\n","protected":false},"featured_media":1062,"comment_status":"open","ping_status":"closed","template":"","meta":[],"product_cat":[26],"product_tag":[],"yoast_head":"<!-- This site is optimized with the Yoast SEO plugin v20.2 - https:\/\/yoast.com\/wordpress\/plugins\/seo\/ -->\n<title>American Solution Unscented 9Kg Cat Litter  - Pet Like Park<\/title>\n<meta name=\"robots\" content=\"index, follow, max-snippet:-1, max-image-preview:large, max-video-preview:-1\" \/>\n<link rel=\"canonical\" href=\"https:\/\/petlikepark.com\/product\/cat-meo-ve-sinh-american-solution-khong-mui-american-solution-unscented-cat-litter\/\" \/>\n<meta property=\"og:locale\" content=\"en_US\" \/>\n<meta property=\"og:type\" content=\"article\" \/>\n<meta property=\"og:title\" content=\"[:vi]C\u00e1t m\u00e8o v\u1ec7 sinh American Solution 9Kg (Kh\u00f4ng m\u00f9i) [:en]American Solution Unscented 9Kg Cat Litter [:] - Pet Like Park\" \/>\n<meta property=\"og:description\" content=\"[:vi]C\u00e1t \u0111\u1ea5t s\u00e9t American Solution \u2013 th\u01b0\u01a1ng hi\u1ec7u \u0111\u1ebfn t\u1eeb M\u1ef9, gi\u00fap v\u00f3n nhanh, gi\u1ea3m m\u00f9i h\u00f4i kh\u00f3 ch\u1ecbu khi m\u00e8o \u0111i v\u1ec7 sinh, \u00edt b\u1ee5i. D\u00e0nh cho m\u00e8o m\u1ecdi l\u1ee9a tu\u1ed5i.  &nbsp;[:en]American Solution clay litter \u2013 a brand from the US, helps to clump quickly, reduces unpleasant odors when cats go to the toilet, and produces little dust. For cats of all ages.[:]\" \/>\n<meta property=\"og:url\" content=\"https:\/\/petlikepark.com\/product\/cat-meo-ve-sinh-american-solution-khong-mui-american-solution-unscented-cat-litter\/\" \/>\n<meta property=\"og:site_name\" content=\"Pet Like Park\" \/>\n<meta property=\"article:modified_time\" content=\"2024-12-09T07:36:05+00:00\" \/>\n<meta property=\"og:image\" content=\"https:\/\/petlikepark.com\/wp-content\/uploads\/2024\/12\/Cat-ve-sinh-American-Solution-Unscented-768x768-1.jpg\" \/>\n\t<meta property=\"og:image:width\" content=\"768\" \/>\n\t<meta property=\"og:image:height\" content=\"768\" \/>\n\t<meta property=\"og:image:type\" content=\"image\/jpeg\" \/>\n<meta name=\"twitter:card\" content=\"summary_large_image\" \/>\n<meta name=\"twitter:label1\" content=\"Est. reading time\" \/>\n\t<meta name=\"twitter:data1\" content=\"1 minute\" \/>\n<script type=\"application\/ld+json\" class=\"yoast-schema-graph\">{\"@context\":\"https:\/\/schema.org\",\"@graph\":[{\"@type\":\"WebPage\",\"@id\":\"https:\/\/petlikepark.com\/product\/cat-meo-ve-sinh-american-solution-khong-mui-american-solution-unscented-cat-litter\/\",\"url\":\"https:\/\/petlikepark.com\/product\/cat-meo-ve-sinh-american-solution-khong-mui-american-solution-unscented-cat-litter\/\",\"name\":\"[:vi]C\u00e1t m\u00e8o v\u1ec7 sinh American Solution 9Kg (Kh\u00f4ng m\u00f9i) [:en]American Solution Unscented 9Kg Cat Litter [:] - Pet Like Park\",\"isPartOf\":{\"@id\":\"https:\/\/petlikepark.com\/#website\"},\"datePublished\":\"2024-12-09T04:17:52+00:00\",\"dateModified\":\"2024-12-09T07:36:05+00:00\",\"breadcrumb\":{\"@id\":\"https:\/\/petlikepark.com\/product\/cat-meo-ve-sinh-american-solution-khong-mui-american-solution-unscented-cat-litter\/#breadcrumb\"},\"inLanguage\":\"en-US\",\"potentialAction\":[{\"@type\":\"ReadAction\",\"target\":[\"https:\/\/petlikepark.com\/product\/cat-meo-ve-sinh-american-solution-khong-mui-american-solution-unscented-cat-litter\/\"]}]},{\"@type\":\"BreadcrumbList\",\"@id\":\"https:\/\/petlikepark.com\/product\/cat-meo-ve-sinh-american-solution-khong-mui-american-solution-unscented-cat-litter\/#breadcrumb\",\"itemListElement\":[{\"@type\":\"ListItem\",\"position\":1,\"name\":\"Home\",\"item\":\"https:\/\/petlikepark.com\/\"},{\"@type\":\"ListItem\",\"position\":2,\"name\":\"S\u1ea3n ph\u1ea9m\",\"item\":\"https:\/\/petlikepark.com\/san-pham\/\"},{\"@type\":\"ListItem\",\"position\":3,\"name\":\"C\u00e1t m\u00e8o v\u1ec7 sinh American Solution 9Kg (Kh\u00f4ng m\u00f9i)\"}]},{\"@type\":\"WebSite\",\"@id\":\"https:\/\/petlikepark.com\/#website\",\"url\":\"https:\/\/petlikepark.com\/\",\"name\":\"Pet Like Park\",\"description\":\"\",\"publisher\":{\"@id\":\"https:\/\/petlikepark.com\/#organization\"},\"potentialAction\":[{\"@type\":\"SearchAction\",\"target\":{\"@type\":\"EntryPoint\",\"urlTemplate\":\"https:\/\/petlikepark.com\/?s={search_term_string}\"},\"query-input\":\"required name=search_term_string\"}],\"inLanguage\":\"en-US\"},{\"@type\":\"Organization\",\"@id\":\"https:\/\/petlikepark.com\/#organization\",\"name\":\"Pet Like Park\",\"url\":\"https:\/\/petlikepark.com\/\",\"logo\":{\"@type\":\"ImageObject\",\"inLanguage\":\"en-US\",\"@id\":\"https:\/\/petlikepark.com\/#\/schema\/logo\/image\/\",\"url\":\"https:\/\/petlikepark.com\/wp-content\/uploads\/2023\/12\/cropped-cropped-pet_like_park_logo-1.png\",\"contentUrl\":\"https:\/\/petlikepark.com\/wp-content\/uploads\/2023\/12\/cropped-cropped-pet_like_park_logo-1.png\",\"width\":250,\"height\":250,\"caption\":\"Pet Like Park\"},\"image\":{\"@id\":\"https:\/\/petlikepark.com\/#\/schema\/logo\/image\/\"}}]}<\/script>\n<!-- \/ Yoast SEO plugin. -->","yoast_head_json":{"title":"[:vi]C\u00e1t m\u00e8o v\u1ec7 sinh American Solution 9Kg (Kh\u00f4ng m\u00f9i) [:en]American Solution Unscented 9Kg Cat Litter [:] - Pet Like Park","robots":{"index":"index","follow":"follow","max-snippet":"max-snippet:-1","max-image-preview":"max-image-preview:large","max-video-preview":"max-video-preview:-1"},"canonical":"https:\/\/petlikepark.com\/product\/cat-meo-ve-sinh-american-solution-khong-mui-american-solution-unscented-cat-litter\/","og_locale":"en_US","og_type":"article","og_title":"[:vi]C\u00e1t m\u00e8o v\u1ec7 sinh American Solution 9Kg (Kh\u00f4ng m\u00f9i) [:en]American Solution Unscented 9Kg Cat Litter [:] - Pet Like Park","og_description":"[:vi]C\u00e1t \u0111\u1ea5t s\u00e9t American Solution \u2013 th\u01b0\u01a1ng hi\u1ec7u \u0111\u1ebfn t\u1eeb M\u1ef9, gi\u00fap v\u00f3n nhanh, gi\u1ea3m m\u00f9i h\u00f4i kh\u00f3 ch\u1ecbu khi m\u00e8o \u0111i v\u1ec7 sinh, \u00edt b\u1ee5i. D\u00e0nh cho m\u00e8o m\u1ecdi l\u1ee9a tu\u1ed5i.  &nbsp;[:en]American Solution clay litter \u2013 a brand from the US, helps to clump quickly, reduces unpleasant odors when cats go to the toilet, and produces little dust. For cats of all ages.[:]","og_url":"https:\/\/petlikepark.com\/product\/cat-meo-ve-sinh-american-solution-khong-mui-american-solution-unscented-cat-litter\/","og_site_name":"Pet Like Park","article_modified_time":"2024-12-09T07:36:05+00:00","og_image":[{"width":768,"height":768,"url":"https:\/\/petlikepark.com\/wp-content\/uploads\/2024\/12\/Cat-ve-sinh-American-Solution-Unscented-768x768-1.jpg","type":"image\/jpeg"}],"twitter_card":"summary_large_image","twitter_misc":{"Est. reading time":"1 minute"},"schema":{"@context":"https:\/\/schema.org","@graph":[{"@type":"WebPage","@id":"https:\/\/petlikepark.com\/product\/cat-meo-ve-sinh-american-solution-khong-mui-american-solution-unscented-cat-litter\/","url":"https:\/\/petlikepark.com\/product\/cat-meo-ve-sinh-american-solution-khong-mui-american-solution-unscented-cat-litter\/","name":"[:vi]C\u00e1t m\u00e8o v\u1ec7 sinh American Solution 9Kg (Kh\u00f4ng m\u00f9i) [:en]American Solution Unscented 9Kg Cat Litter [:] - Pet Like Park","isPartOf":{"@id":"https:\/\/petlikepark.com\/#website"},"datePublished":"2024-12-09T04:17:52+00:00","dateModified":"2024-12-09T07:36:05+00:00","breadcrumb":{"@id":"https:\/\/petlikepark.com\/product\/cat-meo-ve-sinh-american-solution-khong-mui-american-solution-unscented-cat-litter\/#breadcrumb"},"inLanguage":"en-US","potentialAction":[{"@type":"ReadAction","target":["https:\/\/petlikepark.com\/product\/cat-meo-ve-sinh-american-solution-khong-mui-american-solution-unscented-cat-litter\/"]}]},{"@type":"BreadcrumbList","@id":"https:\/\/petlikepark.com\/product\/cat-meo-ve-sinh-american-solution-khong-mui-american-solution-unscented-cat-litter\/#breadcrumb","itemListElement":[{"@type":"ListItem","position":1,"name":"Home","item":"https:\/\/petlikepark.com\/"},{"@type":"ListItem","position":2,"name":"S\u1ea3n ph\u1ea9m","item":"https:\/\/petlikepark.com\/san-pham\/"},{"@type":"ListItem","position":3,"name":"C\u00e1t m\u00e8o v\u1ec7 sinh American Solution 9Kg (Kh\u00f4ng m\u00f9i)"}]},{"@type":"WebSite","@id":"https:\/\/petlikepark.com\/#website","url":"https:\/\/petlikepark.com\/","name":"Pet Like Park","description":"","publisher":{"@id":"https:\/\/petlikepark.com\/#organization"},"potentialAction":[{"@type":"SearchAction","target":{"@type":"EntryPoint","urlTemplate":"https:\/\/petlikepark.com\/?s={search_term_string}"},"query-input":"required name=search_term_string"}],"inLanguage":"en-US"},{"@type":"Organization","@id":"https:\/\/petlikepark.com\/#organization","name":"Pet Like Park","url":"https:\/\/petlikepark.com\/","logo":{"@type":"ImageObject","inLanguage":"en-US","@id":"https:\/\/petlikepark.com\/#\/schema\/logo\/image\/","url":"https:\/\/petlikepark.com\/wp-content\/uploads\/2023\/12\/cropped-cropped-pet_like_park_logo-1.png","contentUrl":"https:\/\/petlikepark.com\/wp-content\/uploads\/2023\/12\/cropped-cropped-pet_like_park_logo-1.png","width":250,"height":250,"caption":"Pet Like Park"},"image":{"@id":"https:\/\/petlikepark.com\/#\/schema\/logo\/image\/"}}]}},"_links":{"self":[{"href":"https:\/\/petlikepark.com\/en\/wp-json\/wp\/v2\/product\/1061"}],"collection":[{"href":"https:\/\/petlikepark.com\/en\/wp-json\/wp\/v2\/product"}],"about":[{"href":"https:\/\/petlikepark.com\/en\/wp-json\/wp\/v2\/types\/product"}],"replies":[{"embeddable":true,"href":"https:\/\/petlikepark.com\/en\/wp-json\/wp\/v2\/comments?post=1061"}],"wp:featuredmedia":[{"embeddable":true,"href":"https:\/\/petlikepark.com\/en\/wp-json\/wp\/v2\/media\/1062"}],"wp:attachment":[{"href":"https:\/\/petlikepark.com\/en\/wp-json\/wp\/v2\/media?parent=1061"}],"wp:term":[{"taxonomy":"product_cat","embeddable":true,"href":"https:\/\/petlikepark.com\/en\/wp-json\/wp\/v2\/product_cat?post=1061"},{"taxonomy":"product_tag","embeddable":true,"href":"https:\/\/petlikepark.com\/en\/wp-json\/wp\/v2\/product_tag?post=1061"}],"curies":[{"name":"wp","href":"https:\/\/api.w.org\/{rel}","templated":true}]}}