{"id":1099,"date":"2024-12-10T06:27:42","date_gmt":"2024-12-10T06:27:42","guid":{"rendered":"https:\/\/petlikepark.com\/?post_type=product&#038;p=1099"},"modified":"2024-12-11T02:58:47","modified_gmt":"2024-12-11T02:58:47","slug":"banh-thuong-obli-mini-meaty-training-treat-vi-thit-ga-va-thit-bo-xong-khoi","status":"publish","type":"product","link":"https:\/\/petlikepark.com\/en\/product\/banh-thuong-obli-mini-meaty-training-treat-vi-thit-ga-va-thit-bo-xong-khoi\/","title":{"rendered":"Obli Mini Meaty Training Treat Chicken and Bacon Flavor"},"content":{"rendered":"<p><\/p>\n<div>\n<p><span>Obli Mini Meaty Training Treat Chicken and Smoked Beef Flavor<\/span><\/p>\n<p><strong><span>When to use Obli:\u00a0<\/span><\/strong><\/p>\n<div>\n<div>\n<ul>\n<li><span>Let your pet practice sniffing by combining Obli with games<\/span><\/li>\n<li><span>Use Obli as a topping for picky dogs<\/span><\/li>\n<li><span>When your dog completes a move well, reward them with Obli.<\/span><\/li>\n<li><span>When your pet wants delicious and nutritious food, choose Obli<\/span><\/li>\n<li><span>When your pet is waiting for you at home, reward them with Obli.<\/span><\/li>\n<li><span>Reward your pet when they go for a walk with you.<\/span><\/li>\n<\/ul>\n<\/div>\n<\/div>\n<\/div>\n<p><span class=\"OYPEnA font-feature-liga-off font-feature-clig-off font-feature-calt-off text-decoration-none text-strikethrough-none\"><strong><span>Ingredients:<\/span><\/strong><span>\u00a0Crude protein &gt;7.5%, Crude fat &gt;5.5%, Calcium &gt;0.01%, Phosphorus &gt;0.09%, Crude fiber &lt;8%, Ash &lt;11%, Moisture &lt;38%<\/span><\/span><\/p>\n<p><span class=\"OYPEnA font-feature-liga-off font-feature-clig-off font-feature-calt-off text-decoration-none text-strikethrough-none\"><strong><span>Ingredients:<\/span><\/strong><span>\u00a0Chicken, rice flour, wheat flour, propylene glycol, glycerin, defatted soybean flour (NON-GMO), hydrated glucose, beef, prebiotic (Fructooligosacchandes), lactic acid bacteria blend (Lactobacillus plantarum, Lactobacillus casei, Lactobacillus acidophilus), yucca extract (root), Garcinia cambogia extract, L-theanine, phosphatidylserine, Ascophyllum nodosum, vitamin blend (vitamin A, B12, D, E), mineral blend (zinc, manganese), amino acid blend (DL-methionine, L-lysine), Smoke flavor, Food color, Potassium sorbate.<\/span><\/span><\/p>\n<p><span>Made in Korea and HACCP certified factory<\/span><\/p>\n<div>\n<p><span>Manufactured through safe and clean processes<\/span><\/p>\n<\/div>\n<p><\/p>","protected":false},"excerpt":{"rendered":"<p><span>Obli Dog Treats with Chicken\u00a0<\/span><span class=\"OYPEnA font-feature-liga-off font-feature-clig-off font-feature-calt-off text-decoration-none text-strikethrough-none\"><span>and Bacon\u00a0 Flavor<\/span><\/span><\/p>\n","protected":false},"featured_media":1102,"comment_status":"open","ping_status":"closed","template":"","meta":[],"product_cat":[21,25,52],"product_tag":[],"yoast_head":"<!-- This site is optimized with the Yoast SEO plugin v20.2 - https:\/\/yoast.com\/wordpress\/plugins\/seo\/ -->\n<title>Obli Mini Meaty Training Treat Chicken and Bacon Flavor - Pet Like Park<\/title>\n<meta name=\"robots\" content=\"index, follow, max-snippet:-1, max-image-preview:large, max-video-preview:-1\" \/>\n<link rel=\"canonical\" href=\"https:\/\/petlikepark.com\/product\/banh-thuong-obli-mini-meaty-training-treat-vi-thit-ga-va-thit-bo-xong-khoi\/\" \/>\n<meta property=\"og:locale\" content=\"en_US\" \/>\n<meta property=\"og:type\" content=\"article\" \/>\n<meta property=\"og:title\" content=\"[:vi]B\u00e1nh th\u01b0\u1edfng Obli Mini Meaty Training Treat (v\u1ecb Th\u1ecbt G\u00e0 v\u00e0 Th\u1ecbt B\u00f2 X\u00f4ng Kh\u00f3i)[:en]Obli Mini Meaty Training Treat Chicken and Bacon Flavor[:] - Pet Like Park\" \/>\n<meta property=\"og:description\" content=\"[:vi]B\u00e1nh th\u01b0\u1edfng Obli cho ch\u00f3 v\u1ecb th\u1ecbt\u00a0g\u00e0 v\u00e0 th\u1ecbt b\u00f2 x\u00f4ng kh\u00f3i\u00a0[:en]Obli Dog Treats with Chicken\u00a0and Bacon\u00a0 Flavor[:]\" \/>\n<meta property=\"og:url\" content=\"https:\/\/petlikepark.com\/product\/banh-thuong-obli-mini-meaty-training-treat-vi-thit-ga-va-thit-bo-xong-khoi\/\" \/>\n<meta property=\"og:site_name\" content=\"Pet Like Park\" \/>\n<meta property=\"article:modified_time\" content=\"2024-12-11T02:58:47+00:00\" \/>\n<meta property=\"og:image\" content=\"https:\/\/petlikepark.com\/wp-content\/uploads\/2024\/12\/obli-vang.png\" \/>\n\t<meta property=\"og:image:width\" content=\"768\" \/>\n\t<meta property=\"og:image:height\" content=\"768\" \/>\n\t<meta property=\"og:image:type\" content=\"image\/png\" \/>\n<meta name=\"twitter:card\" content=\"summary_large_image\" \/>\n<meta name=\"twitter:label1\" content=\"Est. reading time\" \/>\n\t<meta name=\"twitter:data1\" content=\"1 minute\" \/>\n<script type=\"application\/ld+json\" class=\"yoast-schema-graph\">{\"@context\":\"https:\/\/schema.org\",\"@graph\":[{\"@type\":\"WebPage\",\"@id\":\"https:\/\/petlikepark.com\/product\/banh-thuong-obli-mini-meaty-training-treat-vi-thit-ga-va-thit-bo-xong-khoi\/\",\"url\":\"https:\/\/petlikepark.com\/product\/banh-thuong-obli-mini-meaty-training-treat-vi-thit-ga-va-thit-bo-xong-khoi\/\",\"name\":\"[:vi]B\u00e1nh th\u01b0\u1edfng Obli Mini Meaty Training Treat (v\u1ecb Th\u1ecbt G\u00e0 v\u00e0 Th\u1ecbt B\u00f2 X\u00f4ng Kh\u00f3i)[:en]Obli Mini Meaty Training Treat Chicken and Bacon Flavor[:] - Pet Like Park\",\"isPartOf\":{\"@id\":\"https:\/\/petlikepark.com\/#website\"},\"datePublished\":\"2024-12-10T06:27:42+00:00\",\"dateModified\":\"2024-12-11T02:58:47+00:00\",\"breadcrumb\":{\"@id\":\"https:\/\/petlikepark.com\/product\/banh-thuong-obli-mini-meaty-training-treat-vi-thit-ga-va-thit-bo-xong-khoi\/#breadcrumb\"},\"inLanguage\":\"en-US\",\"potentialAction\":[{\"@type\":\"ReadAction\",\"target\":[\"https:\/\/petlikepark.com\/product\/banh-thuong-obli-mini-meaty-training-treat-vi-thit-ga-va-thit-bo-xong-khoi\/\"]}]},{\"@type\":\"BreadcrumbList\",\"@id\":\"https:\/\/petlikepark.com\/product\/banh-thuong-obli-mini-meaty-training-treat-vi-thit-ga-va-thit-bo-xong-khoi\/#breadcrumb\",\"itemListElement\":[{\"@type\":\"ListItem\",\"position\":1,\"name\":\"Home\",\"item\":\"https:\/\/petlikepark.com\/\"},{\"@type\":\"ListItem\",\"position\":2,\"name\":\"S\u1ea3n ph\u1ea9m\",\"item\":\"https:\/\/petlikepark.com\/san-pham\/\"},{\"@type\":\"ListItem\",\"position\":3,\"name\":\"[:vi]B\u00e1nh th\u01b0\u1edfng Obli Mini Meaty Training Treat (v\u1ecb Th\u1ecbt G\u00e0 v\u00e0 Th\u1ecbt B\u00f2 X\u00f4ng Kh\u00f3i)[:en]Obli Mini Meaty Training Treat Chicken and Bacon Flavor[:]\"}]},{\"@type\":\"WebSite\",\"@id\":\"https:\/\/petlikepark.com\/#website\",\"url\":\"https:\/\/petlikepark.com\/\",\"name\":\"Pet Like Park\",\"description\":\"\",\"publisher\":{\"@id\":\"https:\/\/petlikepark.com\/#organization\"},\"potentialAction\":[{\"@type\":\"SearchAction\",\"target\":{\"@type\":\"EntryPoint\",\"urlTemplate\":\"https:\/\/petlikepark.com\/?s={search_term_string}\"},\"query-input\":\"required name=search_term_string\"}],\"inLanguage\":\"en-US\"},{\"@type\":\"Organization\",\"@id\":\"https:\/\/petlikepark.com\/#organization\",\"name\":\"Pet Like Park\",\"url\":\"https:\/\/petlikepark.com\/\",\"logo\":{\"@type\":\"ImageObject\",\"inLanguage\":\"en-US\",\"@id\":\"https:\/\/petlikepark.com\/#\/schema\/logo\/image\/\",\"url\":\"https:\/\/petlikepark.com\/wp-content\/uploads\/2023\/12\/cropped-cropped-pet_like_park_logo-1.png\",\"contentUrl\":\"https:\/\/petlikepark.com\/wp-content\/uploads\/2023\/12\/cropped-cropped-pet_like_park_logo-1.png\",\"width\":250,\"height\":250,\"caption\":\"Pet Like Park\"},\"image\":{\"@id\":\"https:\/\/petlikepark.com\/#\/schema\/logo\/image\/\"}}]}<\/script>\n<!-- \/ Yoast SEO plugin. -->","yoast_head_json":{"title":"[:vi]B\u00e1nh th\u01b0\u1edfng Obli Mini Meaty Training Treat (v\u1ecb Th\u1ecbt G\u00e0 v\u00e0 Th\u1ecbt B\u00f2 X\u00f4ng Kh\u00f3i)[:en]Obli Mini Meaty Training Treat Chicken and Bacon Flavor[:] - Pet Like Park","robots":{"index":"index","follow":"follow","max-snippet":"max-snippet:-1","max-image-preview":"max-image-preview:large","max-video-preview":"max-video-preview:-1"},"canonical":"https:\/\/petlikepark.com\/product\/banh-thuong-obli-mini-meaty-training-treat-vi-thit-ga-va-thit-bo-xong-khoi\/","og_locale":"en_US","og_type":"article","og_title":"[:vi]B\u00e1nh th\u01b0\u1edfng Obli Mini Meaty Training Treat (v\u1ecb Th\u1ecbt G\u00e0 v\u00e0 Th\u1ecbt B\u00f2 X\u00f4ng Kh\u00f3i)[:en]Obli Mini Meaty Training Treat Chicken and Bacon Flavor[:] - Pet Like Park","og_description":"[:vi]B\u00e1nh th\u01b0\u1edfng Obli cho ch\u00f3 v\u1ecb th\u1ecbt\u00a0g\u00e0 v\u00e0 th\u1ecbt b\u00f2 x\u00f4ng kh\u00f3i\u00a0[:en]Obli Dog Treats with Chicken\u00a0and Bacon\u00a0 Flavor[:]","og_url":"https:\/\/petlikepark.com\/product\/banh-thuong-obli-mini-meaty-training-treat-vi-thit-ga-va-thit-bo-xong-khoi\/","og_site_name":"Pet Like Park","article_modified_time":"2024-12-11T02:58:47+00:00","og_image":[{"width":768,"height":768,"url":"https:\/\/petlikepark.com\/wp-content\/uploads\/2024\/12\/obli-vang.png","type":"image\/png"}],"twitter_card":"summary_large_image","twitter_misc":{"Est. reading time":"1 minute"},"schema":{"@context":"https:\/\/schema.org","@graph":[{"@type":"WebPage","@id":"https:\/\/petlikepark.com\/product\/banh-thuong-obli-mini-meaty-training-treat-vi-thit-ga-va-thit-bo-xong-khoi\/","url":"https:\/\/petlikepark.com\/product\/banh-thuong-obli-mini-meaty-training-treat-vi-thit-ga-va-thit-bo-xong-khoi\/","name":"[:vi]B\u00e1nh th\u01b0\u1edfng Obli Mini Meaty Training Treat (v\u1ecb Th\u1ecbt G\u00e0 v\u00e0 Th\u1ecbt B\u00f2 X\u00f4ng Kh\u00f3i)[:en]Obli Mini Meaty Training Treat Chicken and Bacon Flavor[:] - Pet Like Park","isPartOf":{"@id":"https:\/\/petlikepark.com\/#website"},"datePublished":"2024-12-10T06:27:42+00:00","dateModified":"2024-12-11T02:58:47+00:00","breadcrumb":{"@id":"https:\/\/petlikepark.com\/product\/banh-thuong-obli-mini-meaty-training-treat-vi-thit-ga-va-thit-bo-xong-khoi\/#breadcrumb"},"inLanguage":"en-US","potentialAction":[{"@type":"ReadAction","target":["https:\/\/petlikepark.com\/product\/banh-thuong-obli-mini-meaty-training-treat-vi-thit-ga-va-thit-bo-xong-khoi\/"]}]},{"@type":"BreadcrumbList","@id":"https:\/\/petlikepark.com\/product\/banh-thuong-obli-mini-meaty-training-treat-vi-thit-ga-va-thit-bo-xong-khoi\/#breadcrumb","itemListElement":[{"@type":"ListItem","position":1,"name":"Home","item":"https:\/\/petlikepark.com\/"},{"@type":"ListItem","position":2,"name":"S\u1ea3n ph\u1ea9m","item":"https:\/\/petlikepark.com\/san-pham\/"},{"@type":"ListItem","position":3,"name":"[:vi]B\u00e1nh th\u01b0\u1edfng Obli Mini Meaty Training Treat (v\u1ecb Th\u1ecbt G\u00e0 v\u00e0 Th\u1ecbt B\u00f2 X\u00f4ng Kh\u00f3i)[:en]Obli Mini Meaty Training Treat Chicken and Bacon Flavor[:]"}]},{"@type":"WebSite","@id":"https:\/\/petlikepark.com\/#website","url":"https:\/\/petlikepark.com\/","name":"Pet Like Park","description":"","publisher":{"@id":"https:\/\/petlikepark.com\/#organization"},"potentialAction":[{"@type":"SearchAction","target":{"@type":"EntryPoint","urlTemplate":"https:\/\/petlikepark.com\/?s={search_term_string}"},"query-input":"required name=search_term_string"}],"inLanguage":"en-US"},{"@type":"Organization","@id":"https:\/\/petlikepark.com\/#organization","name":"Pet Like Park","url":"https:\/\/petlikepark.com\/","logo":{"@type":"ImageObject","inLanguage":"en-US","@id":"https:\/\/petlikepark.com\/#\/schema\/logo\/image\/","url":"https:\/\/petlikepark.com\/wp-content\/uploads\/2023\/12\/cropped-cropped-pet_like_park_logo-1.png","contentUrl":"https:\/\/petlikepark.com\/wp-content\/uploads\/2023\/12\/cropped-cropped-pet_like_park_logo-1.png","width":250,"height":250,"caption":"Pet Like Park"},"image":{"@id":"https:\/\/petlikepark.com\/#\/schema\/logo\/image\/"}}]}},"_links":{"self":[{"href":"https:\/\/petlikepark.com\/en\/wp-json\/wp\/v2\/product\/1099"}],"collection":[{"href":"https:\/\/petlikepark.com\/en\/wp-json\/wp\/v2\/product"}],"about":[{"href":"https:\/\/petlikepark.com\/en\/wp-json\/wp\/v2\/types\/product"}],"replies":[{"embeddable":true,"href":"https:\/\/petlikepark.com\/en\/wp-json\/wp\/v2\/comments?post=1099"}],"wp:featuredmedia":[{"embeddable":true,"href":"https:\/\/petlikepark.com\/en\/wp-json\/wp\/v2\/media\/1102"}],"wp:attachment":[{"href":"https:\/\/petlikepark.com\/en\/wp-json\/wp\/v2\/media?parent=1099"}],"wp:term":[{"taxonomy":"product_cat","embeddable":true,"href":"https:\/\/petlikepark.com\/en\/wp-json\/wp\/v2\/product_cat?post=1099"},{"taxonomy":"product_tag","embeddable":true,"href":"https:\/\/petlikepark.com\/en\/wp-json\/wp\/v2\/product_tag?post=1099"}],"curies":[{"name":"wp","href":"https:\/\/api.w.org\/{rel}","templated":true}]}}