{"id":1101,"date":"2024-12-10T07:46:01","date_gmt":"2024-12-10T07:46:01","guid":{"rendered":"https:\/\/petlikepark.com\/?post_type=product&#038;p=1101"},"modified":"2024-12-11T02:57:54","modified_gmt":"2024-12-11T02:57:54","slug":"dau-xa-cho-cho-sirius-groom-conditioner-lovely-berry-scent-470ml","status":"publish","type":"product","link":"https:\/\/petlikepark.com\/en\/product\/dau-xa-cho-cho-sirius-groom-conditioner-lovely-berry-scent-470ml\/","title":{"rendered":"Sirius Groom Conditioner Lovely Berry Scent 470ml"},"content":{"rendered":"<p><\/p>\n<p class=\"QN2lPu\">Sirius Groom Conditioner Lovely Berry Scent (Strawberry and Raspberry Scent) is a cosmetic brand exclusively for pets from Korea, a combination of science and technology and natural ingredients to help your pet have a great experience when using it.<\/p>\n<p class=\"QN2lPu\">\u2013 Mild product does not contain Silicon, does not cause skin irritation, extremely safe for pet health.<\/p>\n<p class=\"QN2lPu\">\u2013 Natural extracts from Camellia essential oil provide many soothing nutrients, deeply moisturize the skin, suitable for pets with sensitive skin.<\/p>\n<p class=\"QN2lPu\">\u2013 Sweet and long lasting scent of strawberry and raspberry<\/p>\n<p class=\"QN2lPu\"><strong>Product Uses<\/strong><\/p>\n<p class=\"QN2lPu\">\u2013 Helps clean dirt on skin and fur<\/p>\n<p class=\"QN2lPu\">\u2013 Maintains the shine and softness of the coat<\/p>\n<p class=\"QN2lPu\">\u2013 Sweet and long lasting fragrance<\/p>\n<p class=\"QN2lPu\"><strong>Ingredient<\/strong><\/p>\n<p class=\"QN2lPu\">Aqua, Cetearyl, Alcohol, Caprylic\/Capric, Triglyceride, Behentrimonium, Chloride, Fragrance, Glycerin, Camellia Japonica Seed Oil, Isopropyl Alcohol, Caprylyl Glycol, Glyceryl Stearate, Laruyl Alcohol, PEG-100 Stearate, Dicaprylyl Ether, Pathenol, Polysorbate 20, Disodium EDTA, Aloe Barbadensis Leaf juice Powder, Tocopherol.<\/p>\n<p class=\"QN2lPu\"><strong>User Manual<\/strong><\/p>\n<p class=\"QN2lPu\">\u2013 Before use, brush your pet&#8217;s hair.<\/p>\n<p class=\"QN2lPu\">\u2013 Wet the dog&#8217;s fur thoroughly with warm water.<\/p>\n<p class=\"QN2lPu\">\u2013 Take a sufficient amount, create foam and massage evenly onto baby&#8217;s skin and hair.<\/p>\n<p class=\"QN2lPu\">\u2013 Rinse with water.<\/p>\n<p class=\"QN2lPu\"><strong>Preserve<\/strong><\/p>\n<p class=\"QN2lPu\">Store product in a cool, dry place and away from direct sunlight.<\/p>\n<p><\/p>","protected":false},"excerpt":{"rendered":"<p>A combination of science and technology and natural ingredients to give your pet a great experience when using it.<\/p>\n","protected":false},"featured_media":1104,"comment_status":"open","ping_status":"closed","template":"","meta":[],"product_cat":[29,28],"product_tag":[],"yoast_head":"<!-- This site is optimized with the Yoast SEO plugin v20.2 - https:\/\/yoast.com\/wordpress\/plugins\/seo\/ -->\n<title>Sirius Groom Conditioner Lovely Berry Scent 470ml - Pet Like Park<\/title>\n<meta name=\"robots\" content=\"index, follow, max-snippet:-1, max-image-preview:large, max-video-preview:-1\" \/>\n<link rel=\"canonical\" href=\"https:\/\/petlikepark.com\/product\/dau-xa-cho-cho-sirius-groom-conditioner-lovely-berry-scent-470ml\/\" \/>\n<meta property=\"og:locale\" content=\"en_US\" \/>\n<meta property=\"og:type\" content=\"article\" \/>\n<meta property=\"og:title\" content=\"[:vi]D\u1ea7u x\u1ea3 cho Ch\u00f3 Sirius Groom Conditioner Lovely Berry Scent 470ml[:en]Sirius Groom Conditioner Lovely Berry Scent 470ml[:] - Pet Like Park\" \/>\n<meta property=\"og:description\" content=\"[:vi]L\u00e0 s\u1ef1 k\u1ebft h\u1ee3p gi\u1eefa khoa h\u1ecdc c\u00f4ng ngh\u1ec7 v\u00e0 th\u00e0nh ph\u1ea7n t\u1ef1 nhi\u00ean gi\u00fap th\u00fa c\u01b0ng c\u1ee7a b\u1ea1n c\u00f3 tr\u1ea3i nghi\u1ec7m tuy\u1ec7t v\u1eddi khi s\u1eed d\u1ee5ng.[:en]A combination of science and technology and natural ingredients to give your pet a great experience when using it.[:]\" \/>\n<meta property=\"og:url\" content=\"https:\/\/petlikepark.com\/product\/dau-xa-cho-cho-sirius-groom-conditioner-lovely-berry-scent-470ml\/\" \/>\n<meta property=\"og:site_name\" content=\"Pet Like Park\" \/>\n<meta property=\"article:modified_time\" content=\"2024-12-11T02:57:54+00:00\" \/>\n<meta property=\"og:image\" content=\"https:\/\/petlikepark.com\/wp-content\/uploads\/2024\/12\/download-24.png\" \/>\n\t<meta property=\"og:image:width\" content=\"768\" \/>\n\t<meta property=\"og:image:height\" content=\"768\" \/>\n\t<meta property=\"og:image:type\" content=\"image\/png\" \/>\n<meta name=\"twitter:card\" content=\"summary_large_image\" \/>\n<meta name=\"twitter:label1\" content=\"Est. reading time\" \/>\n\t<meta name=\"twitter:data1\" content=\"2 minutes\" \/>\n<script type=\"application\/ld+json\" class=\"yoast-schema-graph\">{\"@context\":\"https:\/\/schema.org\",\"@graph\":[{\"@type\":\"WebPage\",\"@id\":\"https:\/\/petlikepark.com\/product\/dau-xa-cho-cho-sirius-groom-conditioner-lovely-berry-scent-470ml\/\",\"url\":\"https:\/\/petlikepark.com\/product\/dau-xa-cho-cho-sirius-groom-conditioner-lovely-berry-scent-470ml\/\",\"name\":\"[:vi]D\u1ea7u x\u1ea3 cho Ch\u00f3 Sirius Groom Conditioner Lovely Berry Scent 470ml[:en]Sirius Groom Conditioner Lovely Berry Scent 470ml[:] - Pet Like Park\",\"isPartOf\":{\"@id\":\"https:\/\/petlikepark.com\/#website\"},\"datePublished\":\"2024-12-10T07:46:01+00:00\",\"dateModified\":\"2024-12-11T02:57:54+00:00\",\"breadcrumb\":{\"@id\":\"https:\/\/petlikepark.com\/product\/dau-xa-cho-cho-sirius-groom-conditioner-lovely-berry-scent-470ml\/#breadcrumb\"},\"inLanguage\":\"en-US\",\"potentialAction\":[{\"@type\":\"ReadAction\",\"target\":[\"https:\/\/petlikepark.com\/product\/dau-xa-cho-cho-sirius-groom-conditioner-lovely-berry-scent-470ml\/\"]}]},{\"@type\":\"BreadcrumbList\",\"@id\":\"https:\/\/petlikepark.com\/product\/dau-xa-cho-cho-sirius-groom-conditioner-lovely-berry-scent-470ml\/#breadcrumb\",\"itemListElement\":[{\"@type\":\"ListItem\",\"position\":1,\"name\":\"Home\",\"item\":\"https:\/\/petlikepark.com\/\"},{\"@type\":\"ListItem\",\"position\":2,\"name\":\"S\u1ea3n ph\u1ea9m\",\"item\":\"https:\/\/petlikepark.com\/san-pham\/\"},{\"@type\":\"ListItem\",\"position\":3,\"name\":\"[:vi]D\u1ea7u x\u1ea3 cho Ch\u00f3 Sirius Groom Conditioner Lovely Berry Scent 470ml[:en]Sirius Groom Conditioner Lovely Berry Scent 470ml[:]\"}]},{\"@type\":\"WebSite\",\"@id\":\"https:\/\/petlikepark.com\/#website\",\"url\":\"https:\/\/petlikepark.com\/\",\"name\":\"Pet Like Park\",\"description\":\"\",\"publisher\":{\"@id\":\"https:\/\/petlikepark.com\/#organization\"},\"potentialAction\":[{\"@type\":\"SearchAction\",\"target\":{\"@type\":\"EntryPoint\",\"urlTemplate\":\"https:\/\/petlikepark.com\/?s={search_term_string}\"},\"query-input\":\"required name=search_term_string\"}],\"inLanguage\":\"en-US\"},{\"@type\":\"Organization\",\"@id\":\"https:\/\/petlikepark.com\/#organization\",\"name\":\"Pet Like Park\",\"url\":\"https:\/\/petlikepark.com\/\",\"logo\":{\"@type\":\"ImageObject\",\"inLanguage\":\"en-US\",\"@id\":\"https:\/\/petlikepark.com\/#\/schema\/logo\/image\/\",\"url\":\"https:\/\/petlikepark.com\/wp-content\/uploads\/2023\/12\/cropped-cropped-pet_like_park_logo-1.png\",\"contentUrl\":\"https:\/\/petlikepark.com\/wp-content\/uploads\/2023\/12\/cropped-cropped-pet_like_park_logo-1.png\",\"width\":250,\"height\":250,\"caption\":\"Pet Like Park\"},\"image\":{\"@id\":\"https:\/\/petlikepark.com\/#\/schema\/logo\/image\/\"}}]}<\/script>\n<!-- \/ Yoast SEO plugin. -->","yoast_head_json":{"title":"[:vi]D\u1ea7u x\u1ea3 cho Ch\u00f3 Sirius Groom Conditioner Lovely Berry Scent 470ml[:en]Sirius Groom Conditioner Lovely Berry Scent 470ml[:] - Pet Like Park","robots":{"index":"index","follow":"follow","max-snippet":"max-snippet:-1","max-image-preview":"max-image-preview:large","max-video-preview":"max-video-preview:-1"},"canonical":"https:\/\/petlikepark.com\/product\/dau-xa-cho-cho-sirius-groom-conditioner-lovely-berry-scent-470ml\/","og_locale":"en_US","og_type":"article","og_title":"[:vi]D\u1ea7u x\u1ea3 cho Ch\u00f3 Sirius Groom Conditioner Lovely Berry Scent 470ml[:en]Sirius Groom Conditioner Lovely Berry Scent 470ml[:] - Pet Like Park","og_description":"[:vi]L\u00e0 s\u1ef1 k\u1ebft h\u1ee3p gi\u1eefa khoa h\u1ecdc c\u00f4ng ngh\u1ec7 v\u00e0 th\u00e0nh ph\u1ea7n t\u1ef1 nhi\u00ean gi\u00fap th\u00fa c\u01b0ng c\u1ee7a b\u1ea1n c\u00f3 tr\u1ea3i nghi\u1ec7m tuy\u1ec7t v\u1eddi khi s\u1eed d\u1ee5ng.[:en]A combination of science and technology and natural ingredients to give your pet a great experience when using it.[:]","og_url":"https:\/\/petlikepark.com\/product\/dau-xa-cho-cho-sirius-groom-conditioner-lovely-berry-scent-470ml\/","og_site_name":"Pet Like Park","article_modified_time":"2024-12-11T02:57:54+00:00","og_image":[{"width":768,"height":768,"url":"https:\/\/petlikepark.com\/wp-content\/uploads\/2024\/12\/download-24.png","type":"image\/png"}],"twitter_card":"summary_large_image","twitter_misc":{"Est. reading time":"2 minutes"},"schema":{"@context":"https:\/\/schema.org","@graph":[{"@type":"WebPage","@id":"https:\/\/petlikepark.com\/product\/dau-xa-cho-cho-sirius-groom-conditioner-lovely-berry-scent-470ml\/","url":"https:\/\/petlikepark.com\/product\/dau-xa-cho-cho-sirius-groom-conditioner-lovely-berry-scent-470ml\/","name":"[:vi]D\u1ea7u x\u1ea3 cho Ch\u00f3 Sirius Groom Conditioner Lovely Berry Scent 470ml[:en]Sirius Groom Conditioner Lovely Berry Scent 470ml[:] - Pet Like Park","isPartOf":{"@id":"https:\/\/petlikepark.com\/#website"},"datePublished":"2024-12-10T07:46:01+00:00","dateModified":"2024-12-11T02:57:54+00:00","breadcrumb":{"@id":"https:\/\/petlikepark.com\/product\/dau-xa-cho-cho-sirius-groom-conditioner-lovely-berry-scent-470ml\/#breadcrumb"},"inLanguage":"en-US","potentialAction":[{"@type":"ReadAction","target":["https:\/\/petlikepark.com\/product\/dau-xa-cho-cho-sirius-groom-conditioner-lovely-berry-scent-470ml\/"]}]},{"@type":"BreadcrumbList","@id":"https:\/\/petlikepark.com\/product\/dau-xa-cho-cho-sirius-groom-conditioner-lovely-berry-scent-470ml\/#breadcrumb","itemListElement":[{"@type":"ListItem","position":1,"name":"Home","item":"https:\/\/petlikepark.com\/"},{"@type":"ListItem","position":2,"name":"S\u1ea3n ph\u1ea9m","item":"https:\/\/petlikepark.com\/san-pham\/"},{"@type":"ListItem","position":3,"name":"[:vi]D\u1ea7u x\u1ea3 cho Ch\u00f3 Sirius Groom Conditioner Lovely Berry Scent 470ml[:en]Sirius Groom Conditioner Lovely Berry Scent 470ml[:]"}]},{"@type":"WebSite","@id":"https:\/\/petlikepark.com\/#website","url":"https:\/\/petlikepark.com\/","name":"Pet Like Park","description":"","publisher":{"@id":"https:\/\/petlikepark.com\/#organization"},"potentialAction":[{"@type":"SearchAction","target":{"@type":"EntryPoint","urlTemplate":"https:\/\/petlikepark.com\/?s={search_term_string}"},"query-input":"required name=search_term_string"}],"inLanguage":"en-US"},{"@type":"Organization","@id":"https:\/\/petlikepark.com\/#organization","name":"Pet Like Park","url":"https:\/\/petlikepark.com\/","logo":{"@type":"ImageObject","inLanguage":"en-US","@id":"https:\/\/petlikepark.com\/#\/schema\/logo\/image\/","url":"https:\/\/petlikepark.com\/wp-content\/uploads\/2023\/12\/cropped-cropped-pet_like_park_logo-1.png","contentUrl":"https:\/\/petlikepark.com\/wp-content\/uploads\/2023\/12\/cropped-cropped-pet_like_park_logo-1.png","width":250,"height":250,"caption":"Pet Like Park"},"image":{"@id":"https:\/\/petlikepark.com\/#\/schema\/logo\/image\/"}}]}},"_links":{"self":[{"href":"https:\/\/petlikepark.com\/en\/wp-json\/wp\/v2\/product\/1101"}],"collection":[{"href":"https:\/\/petlikepark.com\/en\/wp-json\/wp\/v2\/product"}],"about":[{"href":"https:\/\/petlikepark.com\/en\/wp-json\/wp\/v2\/types\/product"}],"replies":[{"embeddable":true,"href":"https:\/\/petlikepark.com\/en\/wp-json\/wp\/v2\/comments?post=1101"}],"wp:featuredmedia":[{"embeddable":true,"href":"https:\/\/petlikepark.com\/en\/wp-json\/wp\/v2\/media\/1104"}],"wp:attachment":[{"href":"https:\/\/petlikepark.com\/en\/wp-json\/wp\/v2\/media?parent=1101"}],"wp:term":[{"taxonomy":"product_cat","embeddable":true,"href":"https:\/\/petlikepark.com\/en\/wp-json\/wp\/v2\/product_cat?post=1101"},{"taxonomy":"product_tag","embeddable":true,"href":"https:\/\/petlikepark.com\/en\/wp-json\/wp\/v2\/product_tag?post=1101"}],"curies":[{"name":"wp","href":"https:\/\/api.w.org\/{rel}","templated":true}]}}