{"id":1114,"date":"2024-12-10T07:58:32","date_gmt":"2024-12-10T07:58:32","guid":{"rendered":"https:\/\/petlikepark.com\/?post_type=product&#038;p=1114"},"modified":"2024-12-10T07:59:20","modified_gmt":"2024-12-10T07:59:20","slug":"thuc-an-cho-cho-nho-duolight-dog-puppy-2kg","status":"publish","type":"product","link":"https:\/\/petlikepark.com\/en\/product\/thuc-an-cho-cho-nho-duolight-dog-puppy-2kg\/","title":{"rendered":"Duolight Dog Puppy Food for Small Dogs 2kg"},"content":{"rendered":"<p><\/p>\n<div><strong>Duolight Dog Puppy Food for Small Dogs\u00a0<\/strong><\/div>\n<div><\/div>\n<div><strong>Features\/Uses:<\/strong><\/div>\n<div>\u00a0+ Puppy Brain Development: Ingredients include egg yolk, which helps stimulate the brain and lecithin to support cognitive development and brain development of puppies.<\/div>\n<div>\u00a0+ Bone and Muscle Development: The product balances essential amino acids and the ratio of calcium, phosphorus and vitamin D3 to support muscle development and strengthen bones.<\/div>\n<div>\u00a0+ Optimal Formula for Puppy Intestinal Health: Protein from egg yolk helps to digest easily. Prebiotics and beta-glucans support the development of intestinal villi in absorbing nutrients and enhance intestinal immunity, protecting against harmful agents.<\/div>\n<div>\u00a0+ Healthy Skin for Puppies: Enhanced with omega-3 and omega-6 in the right ratio, helps fight inflammation and supports the development of healthy skin and shiny coat for puppies.<\/div>\n<div>\n<div><\/div>\n<div><strong>Ingredient:<\/strong><\/div>\n<div>Animal protein blend (chicken, salmon, pork), corn, corn gluten, wheat, chicken oil, beet pulp, hydrolyzed flavor, egg yolk, Lecithin, Monocalcium phosphate, CaCO3, Lysine sulphate, Cellulose, DL-Methionine, Salt, Potassium Chloride, Choline Chloride, Citric acid, vitamin mixture (A, B, D, E, K, Biotin, Folic acid, ..), mineral mixture (Zn, Cu, Fe, Se, &#8230;), vegetable mixture, yeast extract (Mannan-oligosaccharide, Beta-glucan), Yucca extract, Beta-carotene.<\/div>\n<div><\/div>\n<div><strong>Nutritional composition:<\/strong><\/div>\n<div>Crude protein: (minimum) 31%<\/div>\n<div>Crude fat: (minimum) 13%<\/div>\n<div>Crude fiber: (max) 5%<\/div>\n<div>Coarse ash: (max) 10%<\/div>\n<div>Humidity: (max) 12%<\/div>\n<div><\/div>\n<\/div>\n<div><strong>Target users:<\/strong>\u00a0For puppies under 1 year old<\/div>\n<div><strong>Directions for use:<\/strong>\u00a0Feed according to body weight and age.<\/div>\n<div><strong>Storage instructions:<\/strong>\u00a0Store in a cool, dry place, away from direct sunlight and insects.<\/div>\n<div><strong>Packaging:<\/strong>\u00a0bag<\/div>\n<div><strong>Production date:<\/strong>\u00a0See on packaging<\/div>\n<div><strong>Expiry date:<\/strong>\u00a018 months from date of manufacture or see on packaging.<\/div>\n<p><\/p>","protected":false},"excerpt":{"rendered":"<p>Duolight Dog Puppy food for small dogs with quality ingredients, safe and is a great product for your pet.<\/p>\n","protected":false},"featured_media":1109,"comment_status":"open","ping_status":"closed","template":"","meta":[],"product_cat":[21,23,52],"product_tag":[],"yoast_head":"<!-- This site is optimized with the Yoast SEO plugin v20.2 - https:\/\/yoast.com\/wordpress\/plugins\/seo\/ -->\n<title>Duolight Dog Puppy Food for Small Dogs 2kg - Pet Like Park<\/title>\n<meta name=\"robots\" content=\"index, follow, max-snippet:-1, max-image-preview:large, max-video-preview:-1\" \/>\n<link rel=\"canonical\" href=\"https:\/\/petlikepark.com\/product\/thuc-an-cho-cho-nho-duolight-dog-puppy-2kg\/\" \/>\n<meta property=\"og:locale\" content=\"en_US\" \/>\n<meta property=\"og:type\" content=\"article\" \/>\n<meta property=\"og:title\" content=\"[:vi]Th\u1ee9c \u0103n cho ch\u00f3 nh\u1ecf Duolight Dog Puppy 2kg[:en]Duolight Dog Puppy Food for Small Dogs 2kg[:] - Pet Like Park\" \/>\n<meta property=\"og:description\" content=\"[:vi]Th\u1ee9c \u0103n d\u00e0nh cho ch\u00f3 nh\u1ecf Duolight Dog Puppy v\u1edbi th\u00e0nh ph\u1ea7n nguy\u00ean li\u1ec7u ch\u1ea5t l\u01b0\u1ee3ng, an to\u00e0n v\u00e0 l\u00e0 s\u1ea3n ph\u1ea9m tuy\u1ec7t v\u1eddi d\u00e0nh cho th\u00fa c\u01b0ng c\u1ee7a b\u1ea1n.[:en]Duolight Dog Puppy food for small dogs with quality ingredients, safe and is a great product for your pet.[:]\" \/>\n<meta property=\"og:url\" content=\"https:\/\/petlikepark.com\/product\/thuc-an-cho-cho-nho-duolight-dog-puppy-2kg\/\" \/>\n<meta property=\"og:site_name\" content=\"Pet Like Park\" \/>\n<meta property=\"article:modified_time\" content=\"2024-12-10T07:59:20+00:00\" \/>\n<meta property=\"og:image\" content=\"https:\/\/petlikepark.com\/wp-content\/uploads\/2024\/12\/duolight-dog-puppy.png\" \/>\n\t<meta property=\"og:image:width\" content=\"768\" \/>\n\t<meta property=\"og:image:height\" content=\"768\" \/>\n\t<meta property=\"og:image:type\" content=\"image\/png\" \/>\n<meta name=\"twitter:card\" content=\"summary_large_image\" \/>\n<meta name=\"twitter:label1\" content=\"Est. reading time\" \/>\n\t<meta name=\"twitter:data1\" content=\"2 minutes\" \/>\n<script type=\"application\/ld+json\" class=\"yoast-schema-graph\">{\"@context\":\"https:\/\/schema.org\",\"@graph\":[{\"@type\":\"WebPage\",\"@id\":\"https:\/\/petlikepark.com\/product\/thuc-an-cho-cho-nho-duolight-dog-puppy-2kg\/\",\"url\":\"https:\/\/petlikepark.com\/product\/thuc-an-cho-cho-nho-duolight-dog-puppy-2kg\/\",\"name\":\"[:vi]Th\u1ee9c \u0103n cho ch\u00f3 nh\u1ecf Duolight Dog Puppy 2kg[:en]Duolight Dog Puppy Food for Small Dogs 2kg[:] - Pet Like Park\",\"isPartOf\":{\"@id\":\"https:\/\/petlikepark.com\/#website\"},\"datePublished\":\"2024-12-10T07:58:32+00:00\",\"dateModified\":\"2024-12-10T07:59:20+00:00\",\"breadcrumb\":{\"@id\":\"https:\/\/petlikepark.com\/product\/thuc-an-cho-cho-nho-duolight-dog-puppy-2kg\/#breadcrumb\"},\"inLanguage\":\"en-US\",\"potentialAction\":[{\"@type\":\"ReadAction\",\"target\":[\"https:\/\/petlikepark.com\/product\/thuc-an-cho-cho-nho-duolight-dog-puppy-2kg\/\"]}]},{\"@type\":\"BreadcrumbList\",\"@id\":\"https:\/\/petlikepark.com\/product\/thuc-an-cho-cho-nho-duolight-dog-puppy-2kg\/#breadcrumb\",\"itemListElement\":[{\"@type\":\"ListItem\",\"position\":1,\"name\":\"Home\",\"item\":\"https:\/\/petlikepark.com\/\"},{\"@type\":\"ListItem\",\"position\":2,\"name\":\"S\u1ea3n ph\u1ea9m\",\"item\":\"https:\/\/petlikepark.com\/san-pham\/\"},{\"@type\":\"ListItem\",\"position\":3,\"name\":\"Th\u1ee9c \u0103n cho ch\u00f3 nh\u1ecf Duolight Dog Puppy 2kg\"}]},{\"@type\":\"WebSite\",\"@id\":\"https:\/\/petlikepark.com\/#website\",\"url\":\"https:\/\/petlikepark.com\/\",\"name\":\"Pet Like Park\",\"description\":\"\",\"publisher\":{\"@id\":\"https:\/\/petlikepark.com\/#organization\"},\"potentialAction\":[{\"@type\":\"SearchAction\",\"target\":{\"@type\":\"EntryPoint\",\"urlTemplate\":\"https:\/\/petlikepark.com\/?s={search_term_string}\"},\"query-input\":\"required name=search_term_string\"}],\"inLanguage\":\"en-US\"},{\"@type\":\"Organization\",\"@id\":\"https:\/\/petlikepark.com\/#organization\",\"name\":\"Pet Like Park\",\"url\":\"https:\/\/petlikepark.com\/\",\"logo\":{\"@type\":\"ImageObject\",\"inLanguage\":\"en-US\",\"@id\":\"https:\/\/petlikepark.com\/#\/schema\/logo\/image\/\",\"url\":\"https:\/\/petlikepark.com\/wp-content\/uploads\/2023\/12\/cropped-cropped-pet_like_park_logo-1.png\",\"contentUrl\":\"https:\/\/petlikepark.com\/wp-content\/uploads\/2023\/12\/cropped-cropped-pet_like_park_logo-1.png\",\"width\":250,\"height\":250,\"caption\":\"Pet Like Park\"},\"image\":{\"@id\":\"https:\/\/petlikepark.com\/#\/schema\/logo\/image\/\"}}]}<\/script>\n<!-- \/ Yoast SEO plugin. -->","yoast_head_json":{"title":"[:vi]Th\u1ee9c \u0103n cho ch\u00f3 nh\u1ecf Duolight Dog Puppy 2kg[:en]Duolight Dog Puppy Food for Small Dogs 2kg[:] - Pet Like Park","robots":{"index":"index","follow":"follow","max-snippet":"max-snippet:-1","max-image-preview":"max-image-preview:large","max-video-preview":"max-video-preview:-1"},"canonical":"https:\/\/petlikepark.com\/product\/thuc-an-cho-cho-nho-duolight-dog-puppy-2kg\/","og_locale":"en_US","og_type":"article","og_title":"[:vi]Th\u1ee9c \u0103n cho ch\u00f3 nh\u1ecf Duolight Dog Puppy 2kg[:en]Duolight Dog Puppy Food for Small Dogs 2kg[:] - Pet Like Park","og_description":"[:vi]Th\u1ee9c \u0103n d\u00e0nh cho ch\u00f3 nh\u1ecf Duolight Dog Puppy v\u1edbi th\u00e0nh ph\u1ea7n nguy\u00ean li\u1ec7u ch\u1ea5t l\u01b0\u1ee3ng, an to\u00e0n v\u00e0 l\u00e0 s\u1ea3n ph\u1ea9m tuy\u1ec7t v\u1eddi d\u00e0nh cho th\u00fa c\u01b0ng c\u1ee7a b\u1ea1n.[:en]Duolight Dog Puppy food for small dogs with quality ingredients, safe and is a great product for your pet.[:]","og_url":"https:\/\/petlikepark.com\/product\/thuc-an-cho-cho-nho-duolight-dog-puppy-2kg\/","og_site_name":"Pet Like Park","article_modified_time":"2024-12-10T07:59:20+00:00","og_image":[{"width":768,"height":768,"url":"https:\/\/petlikepark.com\/wp-content\/uploads\/2024\/12\/duolight-dog-puppy.png","type":"image\/png"}],"twitter_card":"summary_large_image","twitter_misc":{"Est. reading time":"2 minutes"},"schema":{"@context":"https:\/\/schema.org","@graph":[{"@type":"WebPage","@id":"https:\/\/petlikepark.com\/product\/thuc-an-cho-cho-nho-duolight-dog-puppy-2kg\/","url":"https:\/\/petlikepark.com\/product\/thuc-an-cho-cho-nho-duolight-dog-puppy-2kg\/","name":"[:vi]Th\u1ee9c \u0103n cho ch\u00f3 nh\u1ecf Duolight Dog Puppy 2kg[:en]Duolight Dog Puppy Food for Small Dogs 2kg[:] - Pet Like Park","isPartOf":{"@id":"https:\/\/petlikepark.com\/#website"},"datePublished":"2024-12-10T07:58:32+00:00","dateModified":"2024-12-10T07:59:20+00:00","breadcrumb":{"@id":"https:\/\/petlikepark.com\/product\/thuc-an-cho-cho-nho-duolight-dog-puppy-2kg\/#breadcrumb"},"inLanguage":"en-US","potentialAction":[{"@type":"ReadAction","target":["https:\/\/petlikepark.com\/product\/thuc-an-cho-cho-nho-duolight-dog-puppy-2kg\/"]}]},{"@type":"BreadcrumbList","@id":"https:\/\/petlikepark.com\/product\/thuc-an-cho-cho-nho-duolight-dog-puppy-2kg\/#breadcrumb","itemListElement":[{"@type":"ListItem","position":1,"name":"Home","item":"https:\/\/petlikepark.com\/"},{"@type":"ListItem","position":2,"name":"S\u1ea3n ph\u1ea9m","item":"https:\/\/petlikepark.com\/san-pham\/"},{"@type":"ListItem","position":3,"name":"Th\u1ee9c \u0103n cho ch\u00f3 nh\u1ecf Duolight Dog Puppy 2kg"}]},{"@type":"WebSite","@id":"https:\/\/petlikepark.com\/#website","url":"https:\/\/petlikepark.com\/","name":"Pet Like Park","description":"","publisher":{"@id":"https:\/\/petlikepark.com\/#organization"},"potentialAction":[{"@type":"SearchAction","target":{"@type":"EntryPoint","urlTemplate":"https:\/\/petlikepark.com\/?s={search_term_string}"},"query-input":"required name=search_term_string"}],"inLanguage":"en-US"},{"@type":"Organization","@id":"https:\/\/petlikepark.com\/#organization","name":"Pet Like Park","url":"https:\/\/petlikepark.com\/","logo":{"@type":"ImageObject","inLanguage":"en-US","@id":"https:\/\/petlikepark.com\/#\/schema\/logo\/image\/","url":"https:\/\/petlikepark.com\/wp-content\/uploads\/2023\/12\/cropped-cropped-pet_like_park_logo-1.png","contentUrl":"https:\/\/petlikepark.com\/wp-content\/uploads\/2023\/12\/cropped-cropped-pet_like_park_logo-1.png","width":250,"height":250,"caption":"Pet Like Park"},"image":{"@id":"https:\/\/petlikepark.com\/#\/schema\/logo\/image\/"}}]}},"_links":{"self":[{"href":"https:\/\/petlikepark.com\/en\/wp-json\/wp\/v2\/product\/1114"}],"collection":[{"href":"https:\/\/petlikepark.com\/en\/wp-json\/wp\/v2\/product"}],"about":[{"href":"https:\/\/petlikepark.com\/en\/wp-json\/wp\/v2\/types\/product"}],"replies":[{"embeddable":true,"href":"https:\/\/petlikepark.com\/en\/wp-json\/wp\/v2\/comments?post=1114"}],"wp:featuredmedia":[{"embeddable":true,"href":"https:\/\/petlikepark.com\/en\/wp-json\/wp\/v2\/media\/1109"}],"wp:attachment":[{"href":"https:\/\/petlikepark.com\/en\/wp-json\/wp\/v2\/media?parent=1114"}],"wp:term":[{"taxonomy":"product_cat","embeddable":true,"href":"https:\/\/petlikepark.com\/en\/wp-json\/wp\/v2\/product_cat?post=1114"},{"taxonomy":"product_tag","embeddable":true,"href":"https:\/\/petlikepark.com\/en\/wp-json\/wp\/v2\/product_tag?post=1114"}],"curies":[{"name":"wp","href":"https:\/\/api.w.org\/{rel}","templated":true}]}}