{"id":2075,"date":"2025-06-24T09:22:35","date_gmt":"2025-06-24T09:22:35","guid":{"rendered":"https:\/\/petlikepark.com\/?post_type=product&#038;p=2075"},"modified":"2025-06-24T09:33:47","modified_gmt":"2025-06-24T09:33:47","slug":"2075","status":"publish","type":"product","link":"https:\/\/petlikepark.com\/en\/product\/2075\/","title":{"rendered":"Pate CareCat Eye Care 90g"},"content":{"rendered":"<p class=\"qtranxs-available-languages-message qtranxs-available-languages-message-en\">Sorry, this entry is only available in <a href=\"https:\/\/petlikepark.com\/vi\/wp-json\/wp\/v2\/product\/2075\" class=\"qtranxs-available-language-link qtranxs-available-language-link-vi\" title=\"Ti\u1ebfng Vi\u1ec7t\">Vietnamese<\/a>.<\/p>","protected":false},"excerpt":{"rendered":"<p class=\"qtranxs-available-languages-message qtranxs-available-languages-message-en\">Sorry, this entry is only available in <a href=\"https:\/\/petlikepark.com\/vi\/wp-json\/wp\/v2\/product\/2075\" class=\"qtranxs-available-language-link qtranxs-available-language-link-vi\" title=\"Ti\u1ebfng Vi\u1ec7t\">Vietnamese<\/a>.<\/p>\n","protected":false},"featured_media":2076,"comment_status":"open","ping_status":"closed","template":"","meta":[],"product_cat":[24],"product_tag":[],"yoast_head":"<!-- This site is optimized with the Yoast SEO plugin v20.2 - https:\/\/yoast.com\/wordpress\/plugins\/seo\/ -->\n<title><\/title>\n<meta name=\"description\" content=\"Pate CareCat Eye Care l\u00e0 s\u1ea3n ph\u1ea9m dinh d\u01b0\u1ee1ng \u0111\u01b0\u1ee3c thi\u1ebft k\u1ebf ri\u00eang nh\u1eb1m h\u1ed7 tr\u1ee3 v\u00e0 b\u1ea3o v\u1ec7 s\u1ee9c kh\u1ecfe \u0111\u00f4i m\u1eaft cho m\u00e8o \u1edf m\u1ecdi l\u1ee9a tu\u1ed5i. V\u1edbi c\u00f4ng th\u1ee9c gi\u00e0u vitamin A, taurine, omega\u20113 (DHA\/EPA) c\u00f9ng c\u00e1c ch\u1ea5t ch\u1ed1ng oxy h\u00f3a nh\u01b0 lutein, vitamin E v\u00e0 k\u1ebdm, s\u1ea3n ph\u1ea9m gi\u00fap t\u0103ng c\u01b0\u1eddng th\u1ecb l\u1ef1c, b\u1ea3o v\u1ec7 v\u00f5ng m\u1ea1c v\u00e0 l\u00e0m ch\u1eadm qu\u00e1 tr\u00ecnh tho\u00e1i h\u00f3a m\u1eaft \u1edf m\u00e8o.\" \/>\n<meta name=\"robots\" content=\"index, follow, max-snippet:-1, max-image-preview:large, max-video-preview:-1\" \/>\n<link rel=\"canonical\" href=\"https:\/\/petlikepark.com\/product\/2075\/\" \/>\n<meta property=\"og:locale\" content=\"en_US\" \/>\n<meta property=\"og:type\" content=\"article\" \/>\n<meta property=\"og:title\" content=\"[:vi]Pate CareCat Eye Care 90g[:] - Pet Like Park\" \/>\n<meta property=\"og:description\" content=\"Pate CareCat Eye Care l\u00e0 s\u1ea3n ph\u1ea9m dinh d\u01b0\u1ee1ng \u0111\u01b0\u1ee3c thi\u1ebft k\u1ebf ri\u00eang nh\u1eb1m h\u1ed7 tr\u1ee3 v\u00e0 b\u1ea3o v\u1ec7 s\u1ee9c kh\u1ecfe \u0111\u00f4i m\u1eaft cho m\u00e8o \u1edf m\u1ecdi l\u1ee9a tu\u1ed5i. V\u1edbi c\u00f4ng th\u1ee9c gi\u00e0u vitamin A, taurine, omega\u20113 (DHA\/EPA) c\u00f9ng c\u00e1c ch\u1ea5t ch\u1ed1ng oxy h\u00f3a nh\u01b0 lutein, vitamin E v\u00e0 k\u1ebdm, s\u1ea3n ph\u1ea9m gi\u00fap t\u0103ng c\u01b0\u1eddng th\u1ecb l\u1ef1c, b\u1ea3o v\u1ec7 v\u00f5ng m\u1ea1c v\u00e0 l\u00e0m ch\u1eadm qu\u00e1 tr\u00ecnh tho\u00e1i h\u00f3a m\u1eaft \u1edf m\u00e8o.\" \/>\n<meta property=\"og:url\" content=\"https:\/\/petlikepark.com\/product\/2075\/\" \/>\n<meta property=\"og:site_name\" content=\"Pet Like Park\" \/>\n<meta property=\"article:modified_time\" content=\"2025-06-24T09:33:47+00:00\" \/>\n<meta property=\"og:image\" content=\"https:\/\/petlikepark.com\/wp-content\/uploads\/2025\/06\/\ucf00\uc5b4\ucea3\ub208\uac74\uac15.jpg\" \/>\n\t<meta property=\"og:image:width\" content=\"1000\" \/>\n\t<meta property=\"og:image:height\" content=\"1000\" \/>\n\t<meta property=\"og:image:type\" content=\"image\/jpeg\" \/>\n<meta name=\"twitter:card\" content=\"summary_large_image\" \/>\n<meta name=\"twitter:label1\" content=\"Est. reading time\" \/>\n\t<meta name=\"twitter:data1\" content=\"2 minutes\" \/>\n<script type=\"application\/ld+json\" class=\"yoast-schema-graph\">{\"@context\":\"https:\/\/schema.org\",\"@graph\":[{\"@type\":\"WebPage\",\"@id\":\"https:\/\/petlikepark.com\/product\/2075\/\",\"url\":\"https:\/\/petlikepark.com\/product\/2075\/\",\"name\":\"[:vi]Pate CareCat Eye Care 90g[:] - Pet Like Park\",\"isPartOf\":{\"@id\":\"https:\/\/petlikepark.com\/#website\"},\"datePublished\":\"2025-06-24T09:22:35+00:00\",\"dateModified\":\"2025-06-24T09:33:47+00:00\",\"description\":\"Pate CareCat Eye Care l\u00e0 s\u1ea3n ph\u1ea9m dinh d\u01b0\u1ee1ng \u0111\u01b0\u1ee3c thi\u1ebft k\u1ebf ri\u00eang nh\u1eb1m h\u1ed7 tr\u1ee3 v\u00e0 b\u1ea3o v\u1ec7 s\u1ee9c kh\u1ecfe \u0111\u00f4i m\u1eaft cho m\u00e8o \u1edf m\u1ecdi l\u1ee9a tu\u1ed5i. V\u1edbi c\u00f4ng th\u1ee9c gi\u00e0u vitamin A, taurine, omega\u20113 (DHA\/EPA) c\u00f9ng c\u00e1c ch\u1ea5t ch\u1ed1ng oxy h\u00f3a nh\u01b0 lutein, vitamin E v\u00e0 k\u1ebdm, s\u1ea3n ph\u1ea9m gi\u00fap t\u0103ng c\u01b0\u1eddng th\u1ecb l\u1ef1c, b\u1ea3o v\u1ec7 v\u00f5ng m\u1ea1c v\u00e0 l\u00e0m ch\u1eadm qu\u00e1 tr\u00ecnh tho\u00e1i h\u00f3a m\u1eaft \u1edf m\u00e8o.\",\"breadcrumb\":{\"@id\":\"https:\/\/petlikepark.com\/product\/2075\/#breadcrumb\"},\"inLanguage\":\"en-US\",\"potentialAction\":[{\"@type\":\"ReadAction\",\"target\":[\"https:\/\/petlikepark.com\/product\/2075\/\"]}]},{\"@type\":\"BreadcrumbList\",\"@id\":\"https:\/\/petlikepark.com\/product\/2075\/#breadcrumb\",\"itemListElement\":[{\"@type\":\"ListItem\",\"position\":1,\"name\":\"Home\",\"item\":\"https:\/\/petlikepark.com\/\"},{\"@type\":\"ListItem\",\"position\":2,\"name\":\"S\u1ea3n ph\u1ea9m\",\"item\":\"https:\/\/petlikepark.com\/san-pham\/\"},{\"@type\":\"ListItem\",\"position\":3,\"name\":\"Pate CareCat Eye Care 90g\"}]},{\"@type\":\"WebSite\",\"@id\":\"https:\/\/petlikepark.com\/#website\",\"url\":\"https:\/\/petlikepark.com\/\",\"name\":\"Pet Like Park\",\"description\":\"\",\"publisher\":{\"@id\":\"https:\/\/petlikepark.com\/#organization\"},\"potentialAction\":[{\"@type\":\"SearchAction\",\"target\":{\"@type\":\"EntryPoint\",\"urlTemplate\":\"https:\/\/petlikepark.com\/?s={search_term_string}\"},\"query-input\":\"required name=search_term_string\"}],\"inLanguage\":\"en-US\"},{\"@type\":\"Organization\",\"@id\":\"https:\/\/petlikepark.com\/#organization\",\"name\":\"Pet Like Park\",\"url\":\"https:\/\/petlikepark.com\/\",\"logo\":{\"@type\":\"ImageObject\",\"inLanguage\":\"en-US\",\"@id\":\"https:\/\/petlikepark.com\/#\/schema\/logo\/image\/\",\"url\":\"https:\/\/petlikepark.com\/wp-content\/uploads\/2023\/12\/cropped-cropped-pet_like_park_logo-1.png\",\"contentUrl\":\"https:\/\/petlikepark.com\/wp-content\/uploads\/2023\/12\/cropped-cropped-pet_like_park_logo-1.png\",\"width\":250,\"height\":250,\"caption\":\"Pet Like Park\"},\"image\":{\"@id\":\"https:\/\/petlikepark.com\/#\/schema\/logo\/image\/\"}}]}<\/script>\n<!-- \/ Yoast SEO plugin. -->","yoast_head_json":{"title":"[:vi]Pate CareCat Eye Care 90g[:] - Pet Like Park","description":"Pate CareCat Eye Care l\u00e0 s\u1ea3n ph\u1ea9m dinh d\u01b0\u1ee1ng \u0111\u01b0\u1ee3c thi\u1ebft k\u1ebf ri\u00eang nh\u1eb1m h\u1ed7 tr\u1ee3 v\u00e0 b\u1ea3o v\u1ec7 s\u1ee9c kh\u1ecfe \u0111\u00f4i m\u1eaft cho m\u00e8o \u1edf m\u1ecdi l\u1ee9a tu\u1ed5i. V\u1edbi c\u00f4ng th\u1ee9c gi\u00e0u vitamin A, taurine, omega\u20113 (DHA\/EPA) c\u00f9ng c\u00e1c ch\u1ea5t ch\u1ed1ng oxy h\u00f3a nh\u01b0 lutein, vitamin E v\u00e0 k\u1ebdm, s\u1ea3n ph\u1ea9m gi\u00fap t\u0103ng c\u01b0\u1eddng th\u1ecb l\u1ef1c, b\u1ea3o v\u1ec7 v\u00f5ng m\u1ea1c v\u00e0 l\u00e0m ch\u1eadm qu\u00e1 tr\u00ecnh tho\u00e1i h\u00f3a m\u1eaft \u1edf m\u00e8o.","robots":{"index":"index","follow":"follow","max-snippet":"max-snippet:-1","max-image-preview":"max-image-preview:large","max-video-preview":"max-video-preview:-1"},"canonical":"https:\/\/petlikepark.com\/product\/2075\/","og_locale":"en_US","og_type":"article","og_title":"[:vi]Pate CareCat Eye Care 90g[:] - Pet Like Park","og_description":"Pate CareCat Eye Care l\u00e0 s\u1ea3n ph\u1ea9m dinh d\u01b0\u1ee1ng \u0111\u01b0\u1ee3c thi\u1ebft k\u1ebf ri\u00eang nh\u1eb1m h\u1ed7 tr\u1ee3 v\u00e0 b\u1ea3o v\u1ec7 s\u1ee9c kh\u1ecfe \u0111\u00f4i m\u1eaft cho m\u00e8o \u1edf m\u1ecdi l\u1ee9a tu\u1ed5i. V\u1edbi c\u00f4ng th\u1ee9c gi\u00e0u vitamin A, taurine, omega\u20113 (DHA\/EPA) c\u00f9ng c\u00e1c ch\u1ea5t ch\u1ed1ng oxy h\u00f3a nh\u01b0 lutein, vitamin E v\u00e0 k\u1ebdm, s\u1ea3n ph\u1ea9m gi\u00fap t\u0103ng c\u01b0\u1eddng th\u1ecb l\u1ef1c, b\u1ea3o v\u1ec7 v\u00f5ng m\u1ea1c v\u00e0 l\u00e0m ch\u1eadm qu\u00e1 tr\u00ecnh tho\u00e1i h\u00f3a m\u1eaft \u1edf m\u00e8o.","og_url":"https:\/\/petlikepark.com\/product\/2075\/","og_site_name":"Pet Like Park","article_modified_time":"2025-06-24T09:33:47+00:00","og_image":[{"width":1000,"height":1000,"url":"https:\/\/petlikepark.com\/wp-content\/uploads\/2025\/06\/\ucf00\uc5b4\ucea3\ub208\uac74\uac15.jpg","type":"image\/jpeg"}],"twitter_card":"summary_large_image","twitter_misc":{"Est. reading time":"2 minutes"},"schema":{"@context":"https:\/\/schema.org","@graph":[{"@type":"WebPage","@id":"https:\/\/petlikepark.com\/product\/2075\/","url":"https:\/\/petlikepark.com\/product\/2075\/","name":"[:vi]Pate CareCat Eye Care 90g[:] - Pet Like Park","isPartOf":{"@id":"https:\/\/petlikepark.com\/#website"},"datePublished":"2025-06-24T09:22:35+00:00","dateModified":"2025-06-24T09:33:47+00:00","description":"Pate CareCat Eye Care l\u00e0 s\u1ea3n ph\u1ea9m dinh d\u01b0\u1ee1ng \u0111\u01b0\u1ee3c thi\u1ebft k\u1ebf ri\u00eang nh\u1eb1m h\u1ed7 tr\u1ee3 v\u00e0 b\u1ea3o v\u1ec7 s\u1ee9c kh\u1ecfe \u0111\u00f4i m\u1eaft cho m\u00e8o \u1edf m\u1ecdi l\u1ee9a tu\u1ed5i. V\u1edbi c\u00f4ng th\u1ee9c gi\u00e0u vitamin A, taurine, omega\u20113 (DHA\/EPA) c\u00f9ng c\u00e1c ch\u1ea5t ch\u1ed1ng oxy h\u00f3a nh\u01b0 lutein, vitamin E v\u00e0 k\u1ebdm, s\u1ea3n ph\u1ea9m gi\u00fap t\u0103ng c\u01b0\u1eddng th\u1ecb l\u1ef1c, b\u1ea3o v\u1ec7 v\u00f5ng m\u1ea1c v\u00e0 l\u00e0m ch\u1eadm qu\u00e1 tr\u00ecnh tho\u00e1i h\u00f3a m\u1eaft \u1edf m\u00e8o.","breadcrumb":{"@id":"https:\/\/petlikepark.com\/product\/2075\/#breadcrumb"},"inLanguage":"en-US","potentialAction":[{"@type":"ReadAction","target":["https:\/\/petlikepark.com\/product\/2075\/"]}]},{"@type":"BreadcrumbList","@id":"https:\/\/petlikepark.com\/product\/2075\/#breadcrumb","itemListElement":[{"@type":"ListItem","position":1,"name":"Home","item":"https:\/\/petlikepark.com\/"},{"@type":"ListItem","position":2,"name":"S\u1ea3n ph\u1ea9m","item":"https:\/\/petlikepark.com\/san-pham\/"},{"@type":"ListItem","position":3,"name":"Pate CareCat Eye Care 90g"}]},{"@type":"WebSite","@id":"https:\/\/petlikepark.com\/#website","url":"https:\/\/petlikepark.com\/","name":"Pet Like Park","description":"","publisher":{"@id":"https:\/\/petlikepark.com\/#organization"},"potentialAction":[{"@type":"SearchAction","target":{"@type":"EntryPoint","urlTemplate":"https:\/\/petlikepark.com\/?s={search_term_string}"},"query-input":"required name=search_term_string"}],"inLanguage":"en-US"},{"@type":"Organization","@id":"https:\/\/petlikepark.com\/#organization","name":"Pet Like Park","url":"https:\/\/petlikepark.com\/","logo":{"@type":"ImageObject","inLanguage":"en-US","@id":"https:\/\/petlikepark.com\/#\/schema\/logo\/image\/","url":"https:\/\/petlikepark.com\/wp-content\/uploads\/2023\/12\/cropped-cropped-pet_like_park_logo-1.png","contentUrl":"https:\/\/petlikepark.com\/wp-content\/uploads\/2023\/12\/cropped-cropped-pet_like_park_logo-1.png","width":250,"height":250,"caption":"Pet Like Park"},"image":{"@id":"https:\/\/petlikepark.com\/#\/schema\/logo\/image\/"}}]}},"_links":{"self":[{"href":"https:\/\/petlikepark.com\/en\/wp-json\/wp\/v2\/product\/2075"}],"collection":[{"href":"https:\/\/petlikepark.com\/en\/wp-json\/wp\/v2\/product"}],"about":[{"href":"https:\/\/petlikepark.com\/en\/wp-json\/wp\/v2\/types\/product"}],"replies":[{"embeddable":true,"href":"https:\/\/petlikepark.com\/en\/wp-json\/wp\/v2\/comments?post=2075"}],"wp:featuredmedia":[{"embeddable":true,"href":"https:\/\/petlikepark.com\/en\/wp-json\/wp\/v2\/media\/2076"}],"wp:attachment":[{"href":"https:\/\/petlikepark.com\/en\/wp-json\/wp\/v2\/media?parent=2075"}],"wp:term":[{"taxonomy":"product_cat","embeddable":true,"href":"https:\/\/petlikepark.com\/en\/wp-json\/wp\/v2\/product_cat?post=2075"},{"taxonomy":"product_tag","embeddable":true,"href":"https:\/\/petlikepark.com\/en\/wp-json\/wp\/v2\/product_tag?post=2075"}],"curies":[{"name":"wp","href":"https:\/\/api.w.org\/{rel}","templated":true}]}}