{"id":2081,"date":"2025-06-24T09:31:28","date_gmt":"2025-06-24T09:31:28","guid":{"rendered":"https:\/\/petlikepark.com\/?post_type=product&#038;p=2081"},"modified":"2025-06-24T09:34:13","modified_gmt":"2025-06-24T09:34:13","slug":"care-cat-intestine-skin-90g","status":"publish","type":"product","link":"https:\/\/petlikepark.com\/en\/product\/care-cat-intestine-skin-90g\/","title":{"rendered":"Care Cat Intestine &#038; Skin 90g"},"content":{"rendered":"<p class=\"qtranxs-available-languages-message qtranxs-available-languages-message-en\">Sorry, this entry is only available in <a href=\"https:\/\/petlikepark.com\/vi\/wp-json\/wp\/v2\/product\/2081\" class=\"qtranxs-available-language-link qtranxs-available-language-link-vi\" title=\"Ti\u1ebfng Vi\u1ec7t\">Vietnamese<\/a>.<\/p>","protected":false},"excerpt":{"rendered":"<p class=\"qtranxs-available-languages-message qtranxs-available-languages-message-en\">Sorry, this entry is only available in <a href=\"https:\/\/petlikepark.com\/vi\/wp-json\/wp\/v2\/product\/2081\" class=\"qtranxs-available-language-link qtranxs-available-language-link-vi\" title=\"Ti\u1ebfng Vi\u1ec7t\">Vietnamese<\/a>.<\/p>\n","protected":false},"featured_media":2077,"comment_status":"open","ping_status":"closed","template":"","meta":[],"product_cat":[24],"product_tag":[],"yoast_head":"<!-- This site is optimized with the Yoast SEO plugin v20.2 - https:\/\/yoast.com\/wordpress\/plugins\/seo\/ -->\n<title><\/title>\n<meta name=\"description\" content=\"Care Cat Intestine &amp; Skin l\u00e0 d\u00f2ng pate ch\u1ee9c n\u0103ng gi\u00fap t\u0103ng c\u01b0\u1eddng s\u1ee9c kh\u1ecfe h\u1ec7 ti\u00eau h\u00f3a v\u00e0 nu\u00f4i d\u01b0\u1ee1ng l\u00e0n da, b\u1ed9 l\u00f4ng cho m\u00e8o. S\u1ea3n ph\u1ea9m ch\u1ee9a ch\u1ea5t x\u01a1 t\u1ef1 nhi\u00ean h\u1ed7 tr\u1ee3 qu\u00e1 tr\u00ecnh ti\u00eau h\u00f3a hi\u1ec7u qu\u1ea3, gi\u1ea3m nguy c\u01a1 r\u1ed1i lo\u1ea1n ti\u00eau h\u00f3a v\u00e0 c\u1ea3i thi\u1ec7n kh\u1ea3 n\u0103ng h\u1ea5p thu dinh d\u01b0\u1ee1ng.\" \/>\n<meta name=\"robots\" content=\"index, follow, max-snippet:-1, max-image-preview:large, max-video-preview:-1\" \/>\n<link rel=\"canonical\" href=\"https:\/\/petlikepark.com\/product\/care-cat-intestine-skin-90g\/\" \/>\n<meta property=\"og:locale\" content=\"en_US\" \/>\n<meta property=\"og:type\" content=\"article\" \/>\n<meta property=\"og:title\" content=\"[:vi]Care Cat Intestine &amp; Skin 90g[:] - Pet Like Park\" \/>\n<meta property=\"og:description\" content=\"Care Cat Intestine &amp; Skin l\u00e0 d\u00f2ng pate ch\u1ee9c n\u0103ng gi\u00fap t\u0103ng c\u01b0\u1eddng s\u1ee9c kh\u1ecfe h\u1ec7 ti\u00eau h\u00f3a v\u00e0 nu\u00f4i d\u01b0\u1ee1ng l\u00e0n da, b\u1ed9 l\u00f4ng cho m\u00e8o. S\u1ea3n ph\u1ea9m ch\u1ee9a ch\u1ea5t x\u01a1 t\u1ef1 nhi\u00ean h\u1ed7 tr\u1ee3 qu\u00e1 tr\u00ecnh ti\u00eau h\u00f3a hi\u1ec7u qu\u1ea3, gi\u1ea3m nguy c\u01a1 r\u1ed1i lo\u1ea1n ti\u00eau h\u00f3a v\u00e0 c\u1ea3i thi\u1ec7n kh\u1ea3 n\u0103ng h\u1ea5p thu dinh d\u01b0\u1ee1ng.\" \/>\n<meta property=\"og:url\" content=\"https:\/\/petlikepark.com\/product\/care-cat-intestine-skin-90g\/\" \/>\n<meta property=\"og:site_name\" content=\"Pet Like Park\" \/>\n<meta property=\"article:modified_time\" content=\"2025-06-24T09:34:13+00:00\" \/>\n<meta property=\"og:image\" content=\"https:\/\/petlikepark.com\/wp-content\/uploads\/2025\/06\/\ucf00\uc5b4\ucea3\uc7a5\ud53c\ubd80.jpg\" \/>\n\t<meta property=\"og:image:width\" content=\"1000\" \/>\n\t<meta property=\"og:image:height\" content=\"1000\" \/>\n\t<meta property=\"og:image:type\" content=\"image\/jpeg\" \/>\n<meta name=\"twitter:card\" content=\"summary_large_image\" \/>\n<meta name=\"twitter:label1\" content=\"Est. reading time\" \/>\n\t<meta name=\"twitter:data1\" content=\"1 minute\" \/>\n<script type=\"application\/ld+json\" class=\"yoast-schema-graph\">{\"@context\":\"https:\/\/schema.org\",\"@graph\":[{\"@type\":\"WebPage\",\"@id\":\"https:\/\/petlikepark.com\/product\/care-cat-intestine-skin-90g\/\",\"url\":\"https:\/\/petlikepark.com\/product\/care-cat-intestine-skin-90g\/\",\"name\":\"[:vi]Care Cat Intestine & Skin 90g[:] - Pet Like Park\",\"isPartOf\":{\"@id\":\"https:\/\/petlikepark.com\/#website\"},\"datePublished\":\"2025-06-24T09:31:28+00:00\",\"dateModified\":\"2025-06-24T09:34:13+00:00\",\"description\":\"Care Cat Intestine & Skin l\u00e0 d\u00f2ng pate ch\u1ee9c n\u0103ng gi\u00fap t\u0103ng c\u01b0\u1eddng s\u1ee9c kh\u1ecfe h\u1ec7 ti\u00eau h\u00f3a v\u00e0 nu\u00f4i d\u01b0\u1ee1ng l\u00e0n da, b\u1ed9 l\u00f4ng cho m\u00e8o. S\u1ea3n ph\u1ea9m ch\u1ee9a ch\u1ea5t x\u01a1 t\u1ef1 nhi\u00ean h\u1ed7 tr\u1ee3 qu\u00e1 tr\u00ecnh ti\u00eau h\u00f3a hi\u1ec7u qu\u1ea3, gi\u1ea3m nguy c\u01a1 r\u1ed1i lo\u1ea1n ti\u00eau h\u00f3a v\u00e0 c\u1ea3i thi\u1ec7n kh\u1ea3 n\u0103ng h\u1ea5p thu dinh d\u01b0\u1ee1ng.\",\"breadcrumb\":{\"@id\":\"https:\/\/petlikepark.com\/product\/care-cat-intestine-skin-90g\/#breadcrumb\"},\"inLanguage\":\"en-US\",\"potentialAction\":[{\"@type\":\"ReadAction\",\"target\":[\"https:\/\/petlikepark.com\/product\/care-cat-intestine-skin-90g\/\"]}]},{\"@type\":\"BreadcrumbList\",\"@id\":\"https:\/\/petlikepark.com\/product\/care-cat-intestine-skin-90g\/#breadcrumb\",\"itemListElement\":[{\"@type\":\"ListItem\",\"position\":1,\"name\":\"Home\",\"item\":\"https:\/\/petlikepark.com\/\"},{\"@type\":\"ListItem\",\"position\":2,\"name\":\"S\u1ea3n ph\u1ea9m\",\"item\":\"https:\/\/petlikepark.com\/san-pham\/\"},{\"@type\":\"ListItem\",\"position\":3,\"name\":\"Care Cat Intestine &#038; Skin 90g\"}]},{\"@type\":\"WebSite\",\"@id\":\"https:\/\/petlikepark.com\/#website\",\"url\":\"https:\/\/petlikepark.com\/\",\"name\":\"Pet Like Park\",\"description\":\"\",\"publisher\":{\"@id\":\"https:\/\/petlikepark.com\/#organization\"},\"potentialAction\":[{\"@type\":\"SearchAction\",\"target\":{\"@type\":\"EntryPoint\",\"urlTemplate\":\"https:\/\/petlikepark.com\/?s={search_term_string}\"},\"query-input\":\"required name=search_term_string\"}],\"inLanguage\":\"en-US\"},{\"@type\":\"Organization\",\"@id\":\"https:\/\/petlikepark.com\/#organization\",\"name\":\"Pet Like Park\",\"url\":\"https:\/\/petlikepark.com\/\",\"logo\":{\"@type\":\"ImageObject\",\"inLanguage\":\"en-US\",\"@id\":\"https:\/\/petlikepark.com\/#\/schema\/logo\/image\/\",\"url\":\"https:\/\/petlikepark.com\/wp-content\/uploads\/2023\/12\/cropped-cropped-pet_like_park_logo-1.png\",\"contentUrl\":\"https:\/\/petlikepark.com\/wp-content\/uploads\/2023\/12\/cropped-cropped-pet_like_park_logo-1.png\",\"width\":250,\"height\":250,\"caption\":\"Pet Like Park\"},\"image\":{\"@id\":\"https:\/\/petlikepark.com\/#\/schema\/logo\/image\/\"}}]}<\/script>\n<!-- \/ Yoast SEO plugin. -->","yoast_head_json":{"title":"[:vi]Care Cat Intestine & Skin 90g[:] - Pet Like Park","description":"Care Cat Intestine & Skin l\u00e0 d\u00f2ng pate ch\u1ee9c n\u0103ng gi\u00fap t\u0103ng c\u01b0\u1eddng s\u1ee9c kh\u1ecfe h\u1ec7 ti\u00eau h\u00f3a v\u00e0 nu\u00f4i d\u01b0\u1ee1ng l\u00e0n da, b\u1ed9 l\u00f4ng cho m\u00e8o. S\u1ea3n ph\u1ea9m ch\u1ee9a ch\u1ea5t x\u01a1 t\u1ef1 nhi\u00ean h\u1ed7 tr\u1ee3 qu\u00e1 tr\u00ecnh ti\u00eau h\u00f3a hi\u1ec7u qu\u1ea3, gi\u1ea3m nguy c\u01a1 r\u1ed1i lo\u1ea1n ti\u00eau h\u00f3a v\u00e0 c\u1ea3i thi\u1ec7n kh\u1ea3 n\u0103ng h\u1ea5p thu dinh d\u01b0\u1ee1ng.","robots":{"index":"index","follow":"follow","max-snippet":"max-snippet:-1","max-image-preview":"max-image-preview:large","max-video-preview":"max-video-preview:-1"},"canonical":"https:\/\/petlikepark.com\/product\/care-cat-intestine-skin-90g\/","og_locale":"en_US","og_type":"article","og_title":"[:vi]Care Cat Intestine & Skin 90g[:] - Pet Like Park","og_description":"Care Cat Intestine & Skin l\u00e0 d\u00f2ng pate ch\u1ee9c n\u0103ng gi\u00fap t\u0103ng c\u01b0\u1eddng s\u1ee9c kh\u1ecfe h\u1ec7 ti\u00eau h\u00f3a v\u00e0 nu\u00f4i d\u01b0\u1ee1ng l\u00e0n da, b\u1ed9 l\u00f4ng cho m\u00e8o. S\u1ea3n ph\u1ea9m ch\u1ee9a ch\u1ea5t x\u01a1 t\u1ef1 nhi\u00ean h\u1ed7 tr\u1ee3 qu\u00e1 tr\u00ecnh ti\u00eau h\u00f3a hi\u1ec7u qu\u1ea3, gi\u1ea3m nguy c\u01a1 r\u1ed1i lo\u1ea1n ti\u00eau h\u00f3a v\u00e0 c\u1ea3i thi\u1ec7n kh\u1ea3 n\u0103ng h\u1ea5p thu dinh d\u01b0\u1ee1ng.","og_url":"https:\/\/petlikepark.com\/product\/care-cat-intestine-skin-90g\/","og_site_name":"Pet Like Park","article_modified_time":"2025-06-24T09:34:13+00:00","og_image":[{"width":1000,"height":1000,"url":"https:\/\/petlikepark.com\/wp-content\/uploads\/2025\/06\/\ucf00\uc5b4\ucea3\uc7a5\ud53c\ubd80.jpg","type":"image\/jpeg"}],"twitter_card":"summary_large_image","twitter_misc":{"Est. reading time":"1 minute"},"schema":{"@context":"https:\/\/schema.org","@graph":[{"@type":"WebPage","@id":"https:\/\/petlikepark.com\/product\/care-cat-intestine-skin-90g\/","url":"https:\/\/petlikepark.com\/product\/care-cat-intestine-skin-90g\/","name":"[:vi]Care Cat Intestine & Skin 90g[:] - Pet Like Park","isPartOf":{"@id":"https:\/\/petlikepark.com\/#website"},"datePublished":"2025-06-24T09:31:28+00:00","dateModified":"2025-06-24T09:34:13+00:00","description":"Care Cat Intestine & Skin l\u00e0 d\u00f2ng pate ch\u1ee9c n\u0103ng gi\u00fap t\u0103ng c\u01b0\u1eddng s\u1ee9c kh\u1ecfe h\u1ec7 ti\u00eau h\u00f3a v\u00e0 nu\u00f4i d\u01b0\u1ee1ng l\u00e0n da, b\u1ed9 l\u00f4ng cho m\u00e8o. S\u1ea3n ph\u1ea9m ch\u1ee9a ch\u1ea5t x\u01a1 t\u1ef1 nhi\u00ean h\u1ed7 tr\u1ee3 qu\u00e1 tr\u00ecnh ti\u00eau h\u00f3a hi\u1ec7u qu\u1ea3, gi\u1ea3m nguy c\u01a1 r\u1ed1i lo\u1ea1n ti\u00eau h\u00f3a v\u00e0 c\u1ea3i thi\u1ec7n kh\u1ea3 n\u0103ng h\u1ea5p thu dinh d\u01b0\u1ee1ng.","breadcrumb":{"@id":"https:\/\/petlikepark.com\/product\/care-cat-intestine-skin-90g\/#breadcrumb"},"inLanguage":"en-US","potentialAction":[{"@type":"ReadAction","target":["https:\/\/petlikepark.com\/product\/care-cat-intestine-skin-90g\/"]}]},{"@type":"BreadcrumbList","@id":"https:\/\/petlikepark.com\/product\/care-cat-intestine-skin-90g\/#breadcrumb","itemListElement":[{"@type":"ListItem","position":1,"name":"Home","item":"https:\/\/petlikepark.com\/"},{"@type":"ListItem","position":2,"name":"S\u1ea3n ph\u1ea9m","item":"https:\/\/petlikepark.com\/san-pham\/"},{"@type":"ListItem","position":3,"name":"Care Cat Intestine &#038; Skin 90g"}]},{"@type":"WebSite","@id":"https:\/\/petlikepark.com\/#website","url":"https:\/\/petlikepark.com\/","name":"Pet Like Park","description":"","publisher":{"@id":"https:\/\/petlikepark.com\/#organization"},"potentialAction":[{"@type":"SearchAction","target":{"@type":"EntryPoint","urlTemplate":"https:\/\/petlikepark.com\/?s={search_term_string}"},"query-input":"required name=search_term_string"}],"inLanguage":"en-US"},{"@type":"Organization","@id":"https:\/\/petlikepark.com\/#organization","name":"Pet Like Park","url":"https:\/\/petlikepark.com\/","logo":{"@type":"ImageObject","inLanguage":"en-US","@id":"https:\/\/petlikepark.com\/#\/schema\/logo\/image\/","url":"https:\/\/petlikepark.com\/wp-content\/uploads\/2023\/12\/cropped-cropped-pet_like_park_logo-1.png","contentUrl":"https:\/\/petlikepark.com\/wp-content\/uploads\/2023\/12\/cropped-cropped-pet_like_park_logo-1.png","width":250,"height":250,"caption":"Pet Like Park"},"image":{"@id":"https:\/\/petlikepark.com\/#\/schema\/logo\/image\/"}}]}},"_links":{"self":[{"href":"https:\/\/petlikepark.com\/en\/wp-json\/wp\/v2\/product\/2081"}],"collection":[{"href":"https:\/\/petlikepark.com\/en\/wp-json\/wp\/v2\/product"}],"about":[{"href":"https:\/\/petlikepark.com\/en\/wp-json\/wp\/v2\/types\/product"}],"replies":[{"embeddable":true,"href":"https:\/\/petlikepark.com\/en\/wp-json\/wp\/v2\/comments?post=2081"}],"wp:featuredmedia":[{"embeddable":true,"href":"https:\/\/petlikepark.com\/en\/wp-json\/wp\/v2\/media\/2077"}],"wp:attachment":[{"href":"https:\/\/petlikepark.com\/en\/wp-json\/wp\/v2\/media?parent=2081"}],"wp:term":[{"taxonomy":"product_cat","embeddable":true,"href":"https:\/\/petlikepark.com\/en\/wp-json\/wp\/v2\/product_cat?post=2081"},{"taxonomy":"product_tag","embeddable":true,"href":"https:\/\/petlikepark.com\/en\/wp-json\/wp\/v2\/product_tag?post=2081"}],"curies":[{"name":"wp","href":"https:\/\/api.w.org\/{rel}","templated":true}]}}