{"id":2083,"date":"2025-06-24T09:37:25","date_gmt":"2025-06-24T09:37:25","guid":{"rendered":"https:\/\/petlikepark.com\/?post_type=product&#038;p=2083"},"modified":"2025-11-27T08:16:20","modified_gmt":"2025-11-27T08:16:20","slug":"care-cat-anti-inflammatory-90g","status":"publish","type":"product","link":"https:\/\/petlikepark.com\/en\/product\/care-cat-anti-inflammatory-90g\/","title":{"rendered":"Care Cat Anti-inflammatory 90g"},"content":{"rendered":"<p class=\"qtranxs-available-languages-message qtranxs-available-languages-message-en\">Sorry, this entry is only available in <a href=\"https:\/\/petlikepark.com\/vi\/wp-json\/wp\/v2\/product\/2083\" class=\"qtranxs-available-language-link qtranxs-available-language-link-vi\" title=\"Ti\u1ebfng Vi\u1ec7t\">Vietnamese<\/a>.<\/p>","protected":false},"excerpt":{"rendered":"<p class=\"qtranxs-available-languages-message qtranxs-available-languages-message-en\">Sorry, this entry is only available in <a href=\"https:\/\/petlikepark.com\/vi\/wp-json\/wp\/v2\/product\/2083\" class=\"qtranxs-available-language-link qtranxs-available-language-link-vi\" title=\"Ti\u1ebfng Vi\u1ec7t\">Vietnamese<\/a>.<\/p>\n","protected":false},"featured_media":2078,"comment_status":"open","ping_status":"closed","template":"","meta":[],"product_cat":[24],"product_tag":[],"yoast_head":"<!-- This site is optimized with the Yoast SEO plugin v20.2 - https:\/\/yoast.com\/wordpress\/plugins\/seo\/ -->\n<title><\/title>\n<meta name=\"description\" content=\"Care Cat Anti-inflammatory l\u00e0 d\u00f2ng pate ch\u1ee9c n\u0103ng \u0111\u1eb7c bi\u1ec7t gi\u00fap h\u1ed7 tr\u1ee3 ki\u1ec3m so\u00e1t t\u00ecnh tr\u1ea1ng vi\u00eam trong c\u01a1 th\u1ec3 m\u00e8o, nh\u1ea5t l\u00e0 \u1edf c\u00e1c tr\u01b0\u1eddng h\u1ee3p c\u00f3 bi\u1ec3u hi\u1ec7n vi\u00eam da, vi\u00eam \u0111\u01b0\u1eddng ti\u00eau h\u00f3a ho\u1eb7c vi\u00eam kh\u1edbp nh\u1eb9. S\u1ea3n ph\u1ea9m ch\u1ee9a c\u00e1c d\u01b0\u1ee1ng ch\u1ea5t c\u00f3 \u0111\u1eb7c t\u00ednh kh\u00e1ng vi\u00eam t\u1ef1 nhi\u00ean nh\u01b0 omega-3 (DHA\/EPA), vitamin E, c\u00f9ng c\u00e1c ch\u1ea5t ch\u1ed1ng oxy h\u00f3a gi\u00fap l\u00e0m d\u1ecbu ph\u1ea3n \u1ee9ng vi\u00eam, gi\u1ea3m kh\u00f3 ch\u1ecbu v\u00e0 h\u1ed7 tr\u1ee3 qu\u00e1 tr\u00ecnh h\u1ed3i ph\u1ee5c.\" \/>\n<meta name=\"robots\" content=\"index, follow, max-snippet:-1, max-image-preview:large, max-video-preview:-1\" \/>\n<link rel=\"canonical\" href=\"https:\/\/petlikepark.com\/product\/care-cat-anti-inflammatory-90g\/\" \/>\n<meta property=\"og:locale\" content=\"en_US\" \/>\n<meta property=\"og:type\" content=\"article\" \/>\n<meta property=\"og:title\" content=\"[:vi]Care Cat Anti-inflammatory 90g[:] - Pet Like Park\" \/>\n<meta property=\"og:description\" content=\"Care Cat Anti-inflammatory l\u00e0 d\u00f2ng pate ch\u1ee9c n\u0103ng \u0111\u1eb7c bi\u1ec7t gi\u00fap h\u1ed7 tr\u1ee3 ki\u1ec3m so\u00e1t t\u00ecnh tr\u1ea1ng vi\u00eam trong c\u01a1 th\u1ec3 m\u00e8o, nh\u1ea5t l\u00e0 \u1edf c\u00e1c tr\u01b0\u1eddng h\u1ee3p c\u00f3 bi\u1ec3u hi\u1ec7n vi\u00eam da, vi\u00eam \u0111\u01b0\u1eddng ti\u00eau h\u00f3a ho\u1eb7c vi\u00eam kh\u1edbp nh\u1eb9. S\u1ea3n ph\u1ea9m ch\u1ee9a c\u00e1c d\u01b0\u1ee1ng ch\u1ea5t c\u00f3 \u0111\u1eb7c t\u00ednh kh\u00e1ng vi\u00eam t\u1ef1 nhi\u00ean nh\u01b0 omega-3 (DHA\/EPA), vitamin E, c\u00f9ng c\u00e1c ch\u1ea5t ch\u1ed1ng oxy h\u00f3a gi\u00fap l\u00e0m d\u1ecbu ph\u1ea3n \u1ee9ng vi\u00eam, gi\u1ea3m kh\u00f3 ch\u1ecbu v\u00e0 h\u1ed7 tr\u1ee3 qu\u00e1 tr\u00ecnh h\u1ed3i ph\u1ee5c.\" \/>\n<meta property=\"og:url\" content=\"https:\/\/petlikepark.com\/product\/care-cat-anti-inflammatory-90g\/\" \/>\n<meta property=\"og:site_name\" content=\"Pet Like Park\" \/>\n<meta property=\"article:modified_time\" content=\"2025-11-27T08:16:20+00:00\" \/>\n<meta property=\"og:image\" content=\"https:\/\/petlikepark.com\/wp-content\/uploads\/2025\/06\/\ucf00\uc5b4\ucea3\ud56d\uc5fc\uc99d.jpg\" \/>\n\t<meta property=\"og:image:width\" content=\"1000\" \/>\n\t<meta property=\"og:image:height\" content=\"1000\" \/>\n\t<meta property=\"og:image:type\" content=\"image\/jpeg\" \/>\n<meta name=\"twitter:card\" content=\"summary_large_image\" \/>\n<meta name=\"twitter:label1\" content=\"Est. reading time\" \/>\n\t<meta name=\"twitter:data1\" content=\"2 minutes\" \/>\n<script type=\"application\/ld+json\" class=\"yoast-schema-graph\">{\"@context\":\"https:\/\/schema.org\",\"@graph\":[{\"@type\":\"WebPage\",\"@id\":\"https:\/\/petlikepark.com\/product\/care-cat-anti-inflammatory-90g\/\",\"url\":\"https:\/\/petlikepark.com\/product\/care-cat-anti-inflammatory-90g\/\",\"name\":\"[:vi]Care Cat Anti-inflammatory 90g[:] - Pet Like Park\",\"isPartOf\":{\"@id\":\"https:\/\/petlikepark.com\/#website\"},\"datePublished\":\"2025-06-24T09:37:25+00:00\",\"dateModified\":\"2025-11-27T08:16:20+00:00\",\"description\":\"Care Cat Anti-inflammatory l\u00e0 d\u00f2ng pate ch\u1ee9c n\u0103ng \u0111\u1eb7c bi\u1ec7t gi\u00fap h\u1ed7 tr\u1ee3 ki\u1ec3m so\u00e1t t\u00ecnh tr\u1ea1ng vi\u00eam trong c\u01a1 th\u1ec3 m\u00e8o, nh\u1ea5t l\u00e0 \u1edf c\u00e1c tr\u01b0\u1eddng h\u1ee3p c\u00f3 bi\u1ec3u hi\u1ec7n vi\u00eam da, vi\u00eam \u0111\u01b0\u1eddng ti\u00eau h\u00f3a ho\u1eb7c vi\u00eam kh\u1edbp nh\u1eb9. S\u1ea3n ph\u1ea9m ch\u1ee9a c\u00e1c d\u01b0\u1ee1ng ch\u1ea5t c\u00f3 \u0111\u1eb7c t\u00ednh kh\u00e1ng vi\u00eam t\u1ef1 nhi\u00ean nh\u01b0 omega-3 (DHA\/EPA), vitamin E, c\u00f9ng c\u00e1c ch\u1ea5t ch\u1ed1ng oxy h\u00f3a gi\u00fap l\u00e0m d\u1ecbu ph\u1ea3n \u1ee9ng vi\u00eam, gi\u1ea3m kh\u00f3 ch\u1ecbu v\u00e0 h\u1ed7 tr\u1ee3 qu\u00e1 tr\u00ecnh h\u1ed3i ph\u1ee5c.\",\"breadcrumb\":{\"@id\":\"https:\/\/petlikepark.com\/product\/care-cat-anti-inflammatory-90g\/#breadcrumb\"},\"inLanguage\":\"en-US\",\"potentialAction\":[{\"@type\":\"ReadAction\",\"target\":[\"https:\/\/petlikepark.com\/product\/care-cat-anti-inflammatory-90g\/\"]}]},{\"@type\":\"BreadcrumbList\",\"@id\":\"https:\/\/petlikepark.com\/product\/care-cat-anti-inflammatory-90g\/#breadcrumb\",\"itemListElement\":[{\"@type\":\"ListItem\",\"position\":1,\"name\":\"Home\",\"item\":\"https:\/\/petlikepark.com\/\"},{\"@type\":\"ListItem\",\"position\":2,\"name\":\"S\u1ea3n ph\u1ea9m\",\"item\":\"https:\/\/petlikepark.com\/san-pham\/\"},{\"@type\":\"ListItem\",\"position\":3,\"name\":\"Care Cat Anti-inflammatory 90g\"}]},{\"@type\":\"WebSite\",\"@id\":\"https:\/\/petlikepark.com\/#website\",\"url\":\"https:\/\/petlikepark.com\/\",\"name\":\"Pet Like Park\",\"description\":\"\",\"publisher\":{\"@id\":\"https:\/\/petlikepark.com\/#organization\"},\"potentialAction\":[{\"@type\":\"SearchAction\",\"target\":{\"@type\":\"EntryPoint\",\"urlTemplate\":\"https:\/\/petlikepark.com\/?s={search_term_string}\"},\"query-input\":\"required name=search_term_string\"}],\"inLanguage\":\"en-US\"},{\"@type\":\"Organization\",\"@id\":\"https:\/\/petlikepark.com\/#organization\",\"name\":\"Pet Like Park\",\"url\":\"https:\/\/petlikepark.com\/\",\"logo\":{\"@type\":\"ImageObject\",\"inLanguage\":\"en-US\",\"@id\":\"https:\/\/petlikepark.com\/#\/schema\/logo\/image\/\",\"url\":\"https:\/\/petlikepark.com\/wp-content\/uploads\/2023\/12\/cropped-cropped-pet_like_park_logo-1.png\",\"contentUrl\":\"https:\/\/petlikepark.com\/wp-content\/uploads\/2023\/12\/cropped-cropped-pet_like_park_logo-1.png\",\"width\":250,\"height\":250,\"caption\":\"Pet Like Park\"},\"image\":{\"@id\":\"https:\/\/petlikepark.com\/#\/schema\/logo\/image\/\"}}]}<\/script>\n<!-- \/ Yoast SEO plugin. -->","yoast_head_json":{"title":"[:vi]Care Cat Anti-inflammatory 90g[:] - Pet Like Park","description":"Care Cat Anti-inflammatory l\u00e0 d\u00f2ng pate ch\u1ee9c n\u0103ng \u0111\u1eb7c bi\u1ec7t gi\u00fap h\u1ed7 tr\u1ee3 ki\u1ec3m so\u00e1t t\u00ecnh tr\u1ea1ng vi\u00eam trong c\u01a1 th\u1ec3 m\u00e8o, nh\u1ea5t l\u00e0 \u1edf c\u00e1c tr\u01b0\u1eddng h\u1ee3p c\u00f3 bi\u1ec3u hi\u1ec7n vi\u00eam da, vi\u00eam \u0111\u01b0\u1eddng ti\u00eau h\u00f3a ho\u1eb7c vi\u00eam kh\u1edbp nh\u1eb9. S\u1ea3n ph\u1ea9m ch\u1ee9a c\u00e1c d\u01b0\u1ee1ng ch\u1ea5t c\u00f3 \u0111\u1eb7c t\u00ednh kh\u00e1ng vi\u00eam t\u1ef1 nhi\u00ean nh\u01b0 omega-3 (DHA\/EPA), vitamin E, c\u00f9ng c\u00e1c ch\u1ea5t ch\u1ed1ng oxy h\u00f3a gi\u00fap l\u00e0m d\u1ecbu ph\u1ea3n \u1ee9ng vi\u00eam, gi\u1ea3m kh\u00f3 ch\u1ecbu v\u00e0 h\u1ed7 tr\u1ee3 qu\u00e1 tr\u00ecnh h\u1ed3i ph\u1ee5c.","robots":{"index":"index","follow":"follow","max-snippet":"max-snippet:-1","max-image-preview":"max-image-preview:large","max-video-preview":"max-video-preview:-1"},"canonical":"https:\/\/petlikepark.com\/product\/care-cat-anti-inflammatory-90g\/","og_locale":"en_US","og_type":"article","og_title":"[:vi]Care Cat Anti-inflammatory 90g[:] - Pet Like Park","og_description":"Care Cat Anti-inflammatory l\u00e0 d\u00f2ng pate ch\u1ee9c n\u0103ng \u0111\u1eb7c bi\u1ec7t gi\u00fap h\u1ed7 tr\u1ee3 ki\u1ec3m so\u00e1t t\u00ecnh tr\u1ea1ng vi\u00eam trong c\u01a1 th\u1ec3 m\u00e8o, nh\u1ea5t l\u00e0 \u1edf c\u00e1c tr\u01b0\u1eddng h\u1ee3p c\u00f3 bi\u1ec3u hi\u1ec7n vi\u00eam da, vi\u00eam \u0111\u01b0\u1eddng ti\u00eau h\u00f3a ho\u1eb7c vi\u00eam kh\u1edbp nh\u1eb9. S\u1ea3n ph\u1ea9m ch\u1ee9a c\u00e1c d\u01b0\u1ee1ng ch\u1ea5t c\u00f3 \u0111\u1eb7c t\u00ednh kh\u00e1ng vi\u00eam t\u1ef1 nhi\u00ean nh\u01b0 omega-3 (DHA\/EPA), vitamin E, c\u00f9ng c\u00e1c ch\u1ea5t ch\u1ed1ng oxy h\u00f3a gi\u00fap l\u00e0m d\u1ecbu ph\u1ea3n \u1ee9ng vi\u00eam, gi\u1ea3m kh\u00f3 ch\u1ecbu v\u00e0 h\u1ed7 tr\u1ee3 qu\u00e1 tr\u00ecnh h\u1ed3i ph\u1ee5c.","og_url":"https:\/\/petlikepark.com\/product\/care-cat-anti-inflammatory-90g\/","og_site_name":"Pet Like Park","article_modified_time":"2025-11-27T08:16:20+00:00","og_image":[{"width":1000,"height":1000,"url":"https:\/\/petlikepark.com\/wp-content\/uploads\/2025\/06\/\ucf00\uc5b4\ucea3\ud56d\uc5fc\uc99d.jpg","type":"image\/jpeg"}],"twitter_card":"summary_large_image","twitter_misc":{"Est. reading time":"2 minutes"},"schema":{"@context":"https:\/\/schema.org","@graph":[{"@type":"WebPage","@id":"https:\/\/petlikepark.com\/product\/care-cat-anti-inflammatory-90g\/","url":"https:\/\/petlikepark.com\/product\/care-cat-anti-inflammatory-90g\/","name":"[:vi]Care Cat Anti-inflammatory 90g[:] - Pet Like Park","isPartOf":{"@id":"https:\/\/petlikepark.com\/#website"},"datePublished":"2025-06-24T09:37:25+00:00","dateModified":"2025-11-27T08:16:20+00:00","description":"Care Cat Anti-inflammatory l\u00e0 d\u00f2ng pate ch\u1ee9c n\u0103ng \u0111\u1eb7c bi\u1ec7t gi\u00fap h\u1ed7 tr\u1ee3 ki\u1ec3m so\u00e1t t\u00ecnh tr\u1ea1ng vi\u00eam trong c\u01a1 th\u1ec3 m\u00e8o, nh\u1ea5t l\u00e0 \u1edf c\u00e1c tr\u01b0\u1eddng h\u1ee3p c\u00f3 bi\u1ec3u hi\u1ec7n vi\u00eam da, vi\u00eam \u0111\u01b0\u1eddng ti\u00eau h\u00f3a ho\u1eb7c vi\u00eam kh\u1edbp nh\u1eb9. S\u1ea3n ph\u1ea9m ch\u1ee9a c\u00e1c d\u01b0\u1ee1ng ch\u1ea5t c\u00f3 \u0111\u1eb7c t\u00ednh kh\u00e1ng vi\u00eam t\u1ef1 nhi\u00ean nh\u01b0 omega-3 (DHA\/EPA), vitamin E, c\u00f9ng c\u00e1c ch\u1ea5t ch\u1ed1ng oxy h\u00f3a gi\u00fap l\u00e0m d\u1ecbu ph\u1ea3n \u1ee9ng vi\u00eam, gi\u1ea3m kh\u00f3 ch\u1ecbu v\u00e0 h\u1ed7 tr\u1ee3 qu\u00e1 tr\u00ecnh h\u1ed3i ph\u1ee5c.","breadcrumb":{"@id":"https:\/\/petlikepark.com\/product\/care-cat-anti-inflammatory-90g\/#breadcrumb"},"inLanguage":"en-US","potentialAction":[{"@type":"ReadAction","target":["https:\/\/petlikepark.com\/product\/care-cat-anti-inflammatory-90g\/"]}]},{"@type":"BreadcrumbList","@id":"https:\/\/petlikepark.com\/product\/care-cat-anti-inflammatory-90g\/#breadcrumb","itemListElement":[{"@type":"ListItem","position":1,"name":"Home","item":"https:\/\/petlikepark.com\/"},{"@type":"ListItem","position":2,"name":"S\u1ea3n ph\u1ea9m","item":"https:\/\/petlikepark.com\/san-pham\/"},{"@type":"ListItem","position":3,"name":"Care Cat Anti-inflammatory 90g"}]},{"@type":"WebSite","@id":"https:\/\/petlikepark.com\/#website","url":"https:\/\/petlikepark.com\/","name":"Pet Like Park","description":"","publisher":{"@id":"https:\/\/petlikepark.com\/#organization"},"potentialAction":[{"@type":"SearchAction","target":{"@type":"EntryPoint","urlTemplate":"https:\/\/petlikepark.com\/?s={search_term_string}"},"query-input":"required name=search_term_string"}],"inLanguage":"en-US"},{"@type":"Organization","@id":"https:\/\/petlikepark.com\/#organization","name":"Pet Like Park","url":"https:\/\/petlikepark.com\/","logo":{"@type":"ImageObject","inLanguage":"en-US","@id":"https:\/\/petlikepark.com\/#\/schema\/logo\/image\/","url":"https:\/\/petlikepark.com\/wp-content\/uploads\/2023\/12\/cropped-cropped-pet_like_park_logo-1.png","contentUrl":"https:\/\/petlikepark.com\/wp-content\/uploads\/2023\/12\/cropped-cropped-pet_like_park_logo-1.png","width":250,"height":250,"caption":"Pet Like Park"},"image":{"@id":"https:\/\/petlikepark.com\/#\/schema\/logo\/image\/"}}]}},"_links":{"self":[{"href":"https:\/\/petlikepark.com\/en\/wp-json\/wp\/v2\/product\/2083"}],"collection":[{"href":"https:\/\/petlikepark.com\/en\/wp-json\/wp\/v2\/product"}],"about":[{"href":"https:\/\/petlikepark.com\/en\/wp-json\/wp\/v2\/types\/product"}],"replies":[{"embeddable":true,"href":"https:\/\/petlikepark.com\/en\/wp-json\/wp\/v2\/comments?post=2083"}],"wp:featuredmedia":[{"embeddable":true,"href":"https:\/\/petlikepark.com\/en\/wp-json\/wp\/v2\/media\/2078"}],"wp:attachment":[{"href":"https:\/\/petlikepark.com\/en\/wp-json\/wp\/v2\/media?parent=2083"}],"wp:term":[{"taxonomy":"product_cat","embeddable":true,"href":"https:\/\/petlikepark.com\/en\/wp-json\/wp\/v2\/product_cat?post=2083"},{"taxonomy":"product_tag","embeddable":true,"href":"https:\/\/petlikepark.com\/en\/wp-json\/wp\/v2\/product_tag?post=2083"}],"curies":[{"name":"wp","href":"https:\/\/api.w.org\/{rel}","templated":true}]}}