{"id":2085,"date":"2025-06-24T09:51:22","date_gmt":"2025-06-24T09:51:22","guid":{"rendered":"https:\/\/petlikepark.com\/?post_type=product&#038;p=2085"},"modified":"2025-06-24T09:59:49","modified_gmt":"2025-06-24T09:59:49","slug":"thuc-an-cho-cho-moi-lua-tuoi-care-dog-all-life","status":"publish","type":"product","link":"https:\/\/petlikepark.com\/en\/product\/thuc-an-cho-cho-moi-lua-tuoi-care-dog-all-life\/","title":{"rendered":"Th\u1ee9c \u0103n cho ch\u00f3 m\u1ecdi l\u1ee9a tu\u1ed5i Care Dog All Life"},"content":{"rendered":"<p class=\"qtranxs-available-languages-message qtranxs-available-languages-message-en\">Sorry, this entry is only available in <a href=\"https:\/\/petlikepark.com\/vi\/wp-json\/wp\/v2\/product\/2085\" class=\"qtranxs-available-language-link qtranxs-available-language-link-vi\" title=\"Ti\u1ebfng Vi\u1ec7t\">Vietnamese<\/a>.<\/p>","protected":false},"excerpt":{"rendered":"<p class=\"qtranxs-available-languages-message qtranxs-available-languages-message-en\">Sorry, this entry is only available in <a href=\"https:\/\/petlikepark.com\/vi\/wp-json\/wp\/v2\/product\/2085\" class=\"qtranxs-available-language-link qtranxs-available-language-link-vi\" title=\"Ti\u1ebfng Vi\u1ec7t\">Vietnamese<\/a>.<\/p>\n","protected":false},"featured_media":2087,"comment_status":"open","ping_status":"closed","template":"","meta":[],"product_cat":[21,23,52],"product_tag":[],"yoast_head":"<!-- This site is optimized with the Yoast SEO plugin v20.2 - https:\/\/yoast.com\/wordpress\/plugins\/seo\/ -->\n<title><\/title>\n<meta name=\"description\" content=\"&quot;Care Dog All Life&quot; l\u00e0 m\u1ed9t lo\u1ea1i th\u1ee9c \u0103n cho ch\u00f3, \u0111\u01b0\u1ee3c thi\u1ebft k\u1ebf \u0111\u1ec3 \u0111\u00e1p \u1ee9ng nhu c\u1ea7u dinh d\u01b0\u1ee1ng c\u1ee7a ch\u00f3 \u1edf m\u1ecdi giai \u0111o\u1ea1n ph\u00e1t tri\u1ec3n, t\u1eeb ch\u00f3 con \u0111\u1ebfn ch\u00f3 tr\u01b0\u1edfng th\u00e0nh.\" \/>\n<meta name=\"robots\" content=\"index, follow, max-snippet:-1, max-image-preview:large, max-video-preview:-1\" \/>\n<link rel=\"canonical\" href=\"https:\/\/petlikepark.com\/product\/thuc-an-cho-cho-moi-lua-tuoi-care-dog-all-life\/\" \/>\n<meta property=\"og:locale\" content=\"en_US\" \/>\n<meta property=\"og:type\" content=\"article\" \/>\n<meta property=\"og:title\" content=\"[:vi]Th\u1ee9c \u0103n cho ch\u00f3 m\u1ecdi l\u1ee9a tu\u1ed5i Care Dog All Life [:] - Pet Like Park\" \/>\n<meta property=\"og:description\" content=\"&quot;Care Dog All Life&quot; l\u00e0 m\u1ed9t lo\u1ea1i th\u1ee9c \u0103n cho ch\u00f3, \u0111\u01b0\u1ee3c thi\u1ebft k\u1ebf \u0111\u1ec3 \u0111\u00e1p \u1ee9ng nhu c\u1ea7u dinh d\u01b0\u1ee1ng c\u1ee7a ch\u00f3 \u1edf m\u1ecdi giai \u0111o\u1ea1n ph\u00e1t tri\u1ec3n, t\u1eeb ch\u00f3 con \u0111\u1ebfn ch\u00f3 tr\u01b0\u1edfng th\u00e0nh.\" \/>\n<meta property=\"og:url\" content=\"https:\/\/petlikepark.com\/product\/thuc-an-cho-cho-moi-lua-tuoi-care-dog-all-life\/\" \/>\n<meta property=\"og:site_name\" content=\"Pet Like Park\" \/>\n<meta property=\"article:modified_time\" content=\"2025-06-24T09:59:49+00:00\" \/>\n<meta property=\"og:image\" content=\"https:\/\/petlikepark.com\/wp-content\/uploads\/2025\/06\/Care-Dog.png\" \/>\n\t<meta property=\"og:image:width\" content=\"1080\" \/>\n\t<meta property=\"og:image:height\" content=\"1080\" \/>\n\t<meta property=\"og:image:type\" content=\"image\/png\" \/>\n<meta name=\"twitter:card\" content=\"summary_large_image\" \/>\n<meta name=\"twitter:label1\" content=\"Est. reading time\" \/>\n\t<meta name=\"twitter:data1\" content=\"2 minutes\" \/>\n<script type=\"application\/ld+json\" class=\"yoast-schema-graph\">{\"@context\":\"https:\/\/schema.org\",\"@graph\":[{\"@type\":\"WebPage\",\"@id\":\"https:\/\/petlikepark.com\/product\/thuc-an-cho-cho-moi-lua-tuoi-care-dog-all-life\/\",\"url\":\"https:\/\/petlikepark.com\/product\/thuc-an-cho-cho-moi-lua-tuoi-care-dog-all-life\/\",\"name\":\"[:vi]Th\u1ee9c \u0103n cho ch\u00f3 m\u1ecdi l\u1ee9a tu\u1ed5i Care Dog All Life [:] - Pet Like Park\",\"isPartOf\":{\"@id\":\"https:\/\/petlikepark.com\/#website\"},\"datePublished\":\"2025-06-24T09:51:22+00:00\",\"dateModified\":\"2025-06-24T09:59:49+00:00\",\"description\":\"\\\"Care Dog All Life\\\" l\u00e0 m\u1ed9t lo\u1ea1i th\u1ee9c \u0103n cho ch\u00f3, \u0111\u01b0\u1ee3c thi\u1ebft k\u1ebf \u0111\u1ec3 \u0111\u00e1p \u1ee9ng nhu c\u1ea7u dinh d\u01b0\u1ee1ng c\u1ee7a ch\u00f3 \u1edf m\u1ecdi giai \u0111o\u1ea1n ph\u00e1t tri\u1ec3n, t\u1eeb ch\u00f3 con \u0111\u1ebfn ch\u00f3 tr\u01b0\u1edfng th\u00e0nh.\",\"breadcrumb\":{\"@id\":\"https:\/\/petlikepark.com\/product\/thuc-an-cho-cho-moi-lua-tuoi-care-dog-all-life\/#breadcrumb\"},\"inLanguage\":\"en-US\",\"potentialAction\":[{\"@type\":\"ReadAction\",\"target\":[\"https:\/\/petlikepark.com\/product\/thuc-an-cho-cho-moi-lua-tuoi-care-dog-all-life\/\"]}]},{\"@type\":\"BreadcrumbList\",\"@id\":\"https:\/\/petlikepark.com\/product\/thuc-an-cho-cho-moi-lua-tuoi-care-dog-all-life\/#breadcrumb\",\"itemListElement\":[{\"@type\":\"ListItem\",\"position\":1,\"name\":\"Home\",\"item\":\"https:\/\/petlikepark.com\/\"},{\"@type\":\"ListItem\",\"position\":2,\"name\":\"S\u1ea3n ph\u1ea9m\",\"item\":\"https:\/\/petlikepark.com\/san-pham\/\"},{\"@type\":\"ListItem\",\"position\":3,\"name\":\"Th\u1ee9c \u0103n cho ch\u00f3 m\u1ecdi l\u1ee9a tu\u1ed5i Care Dog All Life\"}]},{\"@type\":\"WebSite\",\"@id\":\"https:\/\/petlikepark.com\/#website\",\"url\":\"https:\/\/petlikepark.com\/\",\"name\":\"Pet Like Park\",\"description\":\"\",\"publisher\":{\"@id\":\"https:\/\/petlikepark.com\/#organization\"},\"potentialAction\":[{\"@type\":\"SearchAction\",\"target\":{\"@type\":\"EntryPoint\",\"urlTemplate\":\"https:\/\/petlikepark.com\/?s={search_term_string}\"},\"query-input\":\"required name=search_term_string\"}],\"inLanguage\":\"en-US\"},{\"@type\":\"Organization\",\"@id\":\"https:\/\/petlikepark.com\/#organization\",\"name\":\"Pet Like Park\",\"url\":\"https:\/\/petlikepark.com\/\",\"logo\":{\"@type\":\"ImageObject\",\"inLanguage\":\"en-US\",\"@id\":\"https:\/\/petlikepark.com\/#\/schema\/logo\/image\/\",\"url\":\"https:\/\/petlikepark.com\/wp-content\/uploads\/2023\/12\/cropped-cropped-pet_like_park_logo-1.png\",\"contentUrl\":\"https:\/\/petlikepark.com\/wp-content\/uploads\/2023\/12\/cropped-cropped-pet_like_park_logo-1.png\",\"width\":250,\"height\":250,\"caption\":\"Pet Like Park\"},\"image\":{\"@id\":\"https:\/\/petlikepark.com\/#\/schema\/logo\/image\/\"}}]}<\/script>\n<!-- \/ Yoast SEO plugin. -->","yoast_head_json":{"title":"[:vi]Th\u1ee9c \u0103n cho ch\u00f3 m\u1ecdi l\u1ee9a tu\u1ed5i Care Dog All Life [:] - Pet Like Park","description":"\"Care Dog All Life\" l\u00e0 m\u1ed9t lo\u1ea1i th\u1ee9c \u0103n cho ch\u00f3, \u0111\u01b0\u1ee3c thi\u1ebft k\u1ebf \u0111\u1ec3 \u0111\u00e1p \u1ee9ng nhu c\u1ea7u dinh d\u01b0\u1ee1ng c\u1ee7a ch\u00f3 \u1edf m\u1ecdi giai \u0111o\u1ea1n ph\u00e1t tri\u1ec3n, t\u1eeb ch\u00f3 con \u0111\u1ebfn ch\u00f3 tr\u01b0\u1edfng th\u00e0nh.","robots":{"index":"index","follow":"follow","max-snippet":"max-snippet:-1","max-image-preview":"max-image-preview:large","max-video-preview":"max-video-preview:-1"},"canonical":"https:\/\/petlikepark.com\/product\/thuc-an-cho-cho-moi-lua-tuoi-care-dog-all-life\/","og_locale":"en_US","og_type":"article","og_title":"[:vi]Th\u1ee9c \u0103n cho ch\u00f3 m\u1ecdi l\u1ee9a tu\u1ed5i Care Dog All Life [:] - Pet Like Park","og_description":"\"Care Dog All Life\" l\u00e0 m\u1ed9t lo\u1ea1i th\u1ee9c \u0103n cho ch\u00f3, \u0111\u01b0\u1ee3c thi\u1ebft k\u1ebf \u0111\u1ec3 \u0111\u00e1p \u1ee9ng nhu c\u1ea7u dinh d\u01b0\u1ee1ng c\u1ee7a ch\u00f3 \u1edf m\u1ecdi giai \u0111o\u1ea1n ph\u00e1t tri\u1ec3n, t\u1eeb ch\u00f3 con \u0111\u1ebfn ch\u00f3 tr\u01b0\u1edfng th\u00e0nh.","og_url":"https:\/\/petlikepark.com\/product\/thuc-an-cho-cho-moi-lua-tuoi-care-dog-all-life\/","og_site_name":"Pet Like Park","article_modified_time":"2025-06-24T09:59:49+00:00","og_image":[{"width":1080,"height":1080,"url":"https:\/\/petlikepark.com\/wp-content\/uploads\/2025\/06\/Care-Dog.png","type":"image\/png"}],"twitter_card":"summary_large_image","twitter_misc":{"Est. reading time":"2 minutes"},"schema":{"@context":"https:\/\/schema.org","@graph":[{"@type":"WebPage","@id":"https:\/\/petlikepark.com\/product\/thuc-an-cho-cho-moi-lua-tuoi-care-dog-all-life\/","url":"https:\/\/petlikepark.com\/product\/thuc-an-cho-cho-moi-lua-tuoi-care-dog-all-life\/","name":"[:vi]Th\u1ee9c \u0103n cho ch\u00f3 m\u1ecdi l\u1ee9a tu\u1ed5i Care Dog All Life [:] - Pet Like Park","isPartOf":{"@id":"https:\/\/petlikepark.com\/#website"},"datePublished":"2025-06-24T09:51:22+00:00","dateModified":"2025-06-24T09:59:49+00:00","description":"\"Care Dog All Life\" l\u00e0 m\u1ed9t lo\u1ea1i th\u1ee9c \u0103n cho ch\u00f3, \u0111\u01b0\u1ee3c thi\u1ebft k\u1ebf \u0111\u1ec3 \u0111\u00e1p \u1ee9ng nhu c\u1ea7u dinh d\u01b0\u1ee1ng c\u1ee7a ch\u00f3 \u1edf m\u1ecdi giai \u0111o\u1ea1n ph\u00e1t tri\u1ec3n, t\u1eeb ch\u00f3 con \u0111\u1ebfn ch\u00f3 tr\u01b0\u1edfng th\u00e0nh.","breadcrumb":{"@id":"https:\/\/petlikepark.com\/product\/thuc-an-cho-cho-moi-lua-tuoi-care-dog-all-life\/#breadcrumb"},"inLanguage":"en-US","potentialAction":[{"@type":"ReadAction","target":["https:\/\/petlikepark.com\/product\/thuc-an-cho-cho-moi-lua-tuoi-care-dog-all-life\/"]}]},{"@type":"BreadcrumbList","@id":"https:\/\/petlikepark.com\/product\/thuc-an-cho-cho-moi-lua-tuoi-care-dog-all-life\/#breadcrumb","itemListElement":[{"@type":"ListItem","position":1,"name":"Home","item":"https:\/\/petlikepark.com\/"},{"@type":"ListItem","position":2,"name":"S\u1ea3n ph\u1ea9m","item":"https:\/\/petlikepark.com\/san-pham\/"},{"@type":"ListItem","position":3,"name":"Th\u1ee9c \u0103n cho ch\u00f3 m\u1ecdi l\u1ee9a tu\u1ed5i Care Dog All Life"}]},{"@type":"WebSite","@id":"https:\/\/petlikepark.com\/#website","url":"https:\/\/petlikepark.com\/","name":"Pet Like Park","description":"","publisher":{"@id":"https:\/\/petlikepark.com\/#organization"},"potentialAction":[{"@type":"SearchAction","target":{"@type":"EntryPoint","urlTemplate":"https:\/\/petlikepark.com\/?s={search_term_string}"},"query-input":"required name=search_term_string"}],"inLanguage":"en-US"},{"@type":"Organization","@id":"https:\/\/petlikepark.com\/#organization","name":"Pet Like Park","url":"https:\/\/petlikepark.com\/","logo":{"@type":"ImageObject","inLanguage":"en-US","@id":"https:\/\/petlikepark.com\/#\/schema\/logo\/image\/","url":"https:\/\/petlikepark.com\/wp-content\/uploads\/2023\/12\/cropped-cropped-pet_like_park_logo-1.png","contentUrl":"https:\/\/petlikepark.com\/wp-content\/uploads\/2023\/12\/cropped-cropped-pet_like_park_logo-1.png","width":250,"height":250,"caption":"Pet Like Park"},"image":{"@id":"https:\/\/petlikepark.com\/#\/schema\/logo\/image\/"}}]}},"_links":{"self":[{"href":"https:\/\/petlikepark.com\/en\/wp-json\/wp\/v2\/product\/2085"}],"collection":[{"href":"https:\/\/petlikepark.com\/en\/wp-json\/wp\/v2\/product"}],"about":[{"href":"https:\/\/petlikepark.com\/en\/wp-json\/wp\/v2\/types\/product"}],"replies":[{"embeddable":true,"href":"https:\/\/petlikepark.com\/en\/wp-json\/wp\/v2\/comments?post=2085"}],"wp:featuredmedia":[{"embeddable":true,"href":"https:\/\/petlikepark.com\/en\/wp-json\/wp\/v2\/media\/2087"}],"wp:attachment":[{"href":"https:\/\/petlikepark.com\/en\/wp-json\/wp\/v2\/media?parent=2085"}],"wp:term":[{"taxonomy":"product_cat","embeddable":true,"href":"https:\/\/petlikepark.com\/en\/wp-json\/wp\/v2\/product_cat?post=2085"},{"taxonomy":"product_tag","embeddable":true,"href":"https:\/\/petlikepark.com\/en\/wp-json\/wp\/v2\/product_tag?post=2085"}],"curies":[{"name":"wp","href":"https:\/\/api.w.org\/{rel}","templated":true}]}}