{"id":2089,"date":"2025-06-24T10:07:28","date_gmt":"2025-06-24T10:07:28","guid":{"rendered":"https:\/\/petlikepark.com\/?post_type=product&#038;p=2089"},"modified":"2025-07-02T04:08:13","modified_gmt":"2025-07-02T04:08:13","slug":"thuc-an-cho-meo-cat-tigger","status":"publish","type":"product","link":"https:\/\/petlikepark.com\/en\/product\/thuc-an-cho-meo-cat-tigger\/","title":{"rendered":"Th\u1ee9c \u0103n cho m\u00e8o Cat Tigger"},"content":{"rendered":"<p class=\"qtranxs-available-languages-message qtranxs-available-languages-message-en\">Sorry, this entry is only available in <a href=\"https:\/\/petlikepark.com\/vi\/wp-json\/wp\/v2\/product\/2089\" class=\"qtranxs-available-language-link qtranxs-available-language-link-vi\" title=\"Ti\u1ebfng Vi\u1ec7t\">Vietnamese<\/a>.<\/p>","protected":false},"excerpt":{"rendered":"<p class=\"qtranxs-available-languages-message qtranxs-available-languages-message-en\">Sorry, this entry is only available in <a href=\"https:\/\/petlikepark.com\/vi\/wp-json\/wp\/v2\/product\/2089\" class=\"qtranxs-available-language-link qtranxs-available-language-link-vi\" title=\"Ti\u1ebfng Vi\u1ec7t\">Vietnamese<\/a>.<\/p>\n","protected":false},"featured_media":2090,"comment_status":"open","ping_status":"closed","template":"","meta":[],"product_cat":[48],"product_tag":[],"yoast_head":"<!-- This site is optimized with the Yoast SEO plugin v20.2 - https:\/\/yoast.com\/wordpress\/plugins\/seo\/ -->\n<title><\/title>\n<meta name=\"robots\" content=\"index, follow, max-snippet:-1, max-image-preview:large, max-video-preview:-1\" \/>\n<link rel=\"canonical\" href=\"https:\/\/petlikepark.com\/product\/thuc-an-cho-meo-cat-tigger\/\" \/>\n<meta property=\"og:locale\" content=\"en_US\" \/>\n<meta property=\"og:type\" content=\"article\" \/>\n<meta property=\"og:title\" content=\"[:vi]Th\u1ee9c \u0103n cho m\u00e8o Cat Tigger [:] - Pet Like Park\" \/>\n<meta property=\"og:description\" content=\"[:vi]Cat Tigger l\u00e0 d\u00f2ng th\u1ee9c \u0103n cho m\u00e8o \u0111\u1ebfn t\u1eeb t\u1eadp \u0111o\u00e0n SAJO H\u00e0n Qu\u1ed1c, g\u1ed3m hai d\u1ea1ng ch\u00ednh l\u00e0 h\u1ea1t v\u00e0 pate, \u0111\u01b0\u1ee3c \u0111\u00e1nh gi\u00e1 cao nh\u1edd th\u00e0nh ph\u1ea7n t\u1ef1 nhi\u00ean v\u00e0 m\u1ee9c gi\u00e1 h\u1ee3p l\u00fd. S\u1ea3n ph\u1ea9m n\u1ed5i b\u1eadt v\u1edbi c\u00e1c v\u1ecb ph\u1ed5 bi\u1ebfn nh\u01b0 c\u00e1 ng\u1eeb v\u00e0 c\u00e1 h\u1ed3i, k\u1ebft h\u1ee3p \u1ee9c g\u00e0 v\u00e0 c\u00e1c vi ch\u1ea5t thi\u1ebft y\u1ebfu, ph\u00f9 h\u1ee3p cho m\u00e8o \u1edf m\u1ecdi l\u1ee9a tu\u1ed5i. D\u00f2ng h\u1ea1t \u0111\u01b0\u1ee3c thi\u1ebft k\u1ebf gi\u00fap h\u1ed7 tr\u1ee3 ti\u00eau h\u00f3a, gi\u1ea3m m\u00f9i ch\u1ea5t th\u1ea3i v\u00e0 t\u0103ng h\u1ea5p thu protein. V\u1edbi ngu\u1ed3n g\u1ed1c r\u00f5 r\u00e0ng, c\u00f4ng th\u1ee9c gi\u00e0u dinh d\u01b0\u1ee1ng v\u00e0 \u0111a d\u1ea1ng l\u1ef1a ch\u1ecdn, Cat Tigger l\u00e0 l\u1ef1a ch\u1ecdn \u0111\u00e1ng tin c\u1eady cho ng\u01b0\u1eddi nu\u00f4i m\u00e8o. Khi s\u1eed d\u1ee5ng, n\u00ean tu\u00e2n theo h\u01b0\u1edbng d\u1eabn cho \u0103n v\u00e0 b\u1ea3o qu\u1ea3n \u0111\u00fang c\u00e1ch \u0111\u1ec3 \u0111\u1ea3m b\u1ea3o hi\u1ec7u qu\u1ea3 dinh d\u01b0\u1ee1ng v\u00e0 ch\u1ea5t l\u01b0\u1ee3ng s\u1ea3n ph\u1ea9m.[:]\" \/>\n<meta property=\"og:url\" content=\"https:\/\/petlikepark.com\/product\/thuc-an-cho-meo-cat-tigger\/\" \/>\n<meta property=\"og:site_name\" content=\"Pet Like Park\" \/>\n<meta property=\"article:modified_time\" content=\"2025-07-02T04:08:13+00:00\" \/>\n<meta property=\"og:image\" content=\"https:\/\/petlikepark.com\/wp-content\/uploads\/2025\/06\/Cat-Tigger-Mock-Up-1-scaled.jpg\" \/>\n\t<meta property=\"og:image:width\" content=\"2560\" \/>\n\t<meta property=\"og:image:height\" content=\"2560\" \/>\n\t<meta property=\"og:image:type\" content=\"image\/jpeg\" \/>\n<meta name=\"twitter:card\" content=\"summary_large_image\" \/>\n<meta name=\"twitter:label1\" content=\"Est. reading time\" \/>\n\t<meta name=\"twitter:data1\" content=\"2 minutes\" \/>\n<script type=\"application\/ld+json\" class=\"yoast-schema-graph\">{\"@context\":\"https:\/\/schema.org\",\"@graph\":[{\"@type\":\"WebPage\",\"@id\":\"https:\/\/petlikepark.com\/product\/thuc-an-cho-meo-cat-tigger\/\",\"url\":\"https:\/\/petlikepark.com\/product\/thuc-an-cho-meo-cat-tigger\/\",\"name\":\"[:vi]Th\u1ee9c \u0103n cho m\u00e8o Cat Tigger [:] - Pet Like Park\",\"isPartOf\":{\"@id\":\"https:\/\/petlikepark.com\/#website\"},\"datePublished\":\"2025-06-24T10:07:28+00:00\",\"dateModified\":\"2025-07-02T04:08:13+00:00\",\"breadcrumb\":{\"@id\":\"https:\/\/petlikepark.com\/product\/thuc-an-cho-meo-cat-tigger\/#breadcrumb\"},\"inLanguage\":\"en-US\",\"potentialAction\":[{\"@type\":\"ReadAction\",\"target\":[\"https:\/\/petlikepark.com\/product\/thuc-an-cho-meo-cat-tigger\/\"]}]},{\"@type\":\"BreadcrumbList\",\"@id\":\"https:\/\/petlikepark.com\/product\/thuc-an-cho-meo-cat-tigger\/#breadcrumb\",\"itemListElement\":[{\"@type\":\"ListItem\",\"position\":1,\"name\":\"Home\",\"item\":\"https:\/\/petlikepark.com\/\"},{\"@type\":\"ListItem\",\"position\":2,\"name\":\"S\u1ea3n ph\u1ea9m\",\"item\":\"https:\/\/petlikepark.com\/san-pham\/\"},{\"@type\":\"ListItem\",\"position\":3,\"name\":\"[:vi]Th\u1ee9c \u0103n cho m\u00e8o Cat Tigger [:]\"}]},{\"@type\":\"WebSite\",\"@id\":\"https:\/\/petlikepark.com\/#website\",\"url\":\"https:\/\/petlikepark.com\/\",\"name\":\"Pet Like Park\",\"description\":\"\",\"publisher\":{\"@id\":\"https:\/\/petlikepark.com\/#organization\"},\"potentialAction\":[{\"@type\":\"SearchAction\",\"target\":{\"@type\":\"EntryPoint\",\"urlTemplate\":\"https:\/\/petlikepark.com\/?s={search_term_string}\"},\"query-input\":\"required name=search_term_string\"}],\"inLanguage\":\"en-US\"},{\"@type\":\"Organization\",\"@id\":\"https:\/\/petlikepark.com\/#organization\",\"name\":\"Pet Like Park\",\"url\":\"https:\/\/petlikepark.com\/\",\"logo\":{\"@type\":\"ImageObject\",\"inLanguage\":\"en-US\",\"@id\":\"https:\/\/petlikepark.com\/#\/schema\/logo\/image\/\",\"url\":\"https:\/\/petlikepark.com\/wp-content\/uploads\/2023\/12\/cropped-cropped-pet_like_park_logo-1.png\",\"contentUrl\":\"https:\/\/petlikepark.com\/wp-content\/uploads\/2023\/12\/cropped-cropped-pet_like_park_logo-1.png\",\"width\":250,\"height\":250,\"caption\":\"Pet Like Park\"},\"image\":{\"@id\":\"https:\/\/petlikepark.com\/#\/schema\/logo\/image\/\"}}]}<\/script>\n<!-- \/ Yoast SEO plugin. -->","yoast_head_json":{"title":"[:vi]Th\u1ee9c \u0103n cho m\u00e8o Cat Tigger [:] - Pet Like Park","robots":{"index":"index","follow":"follow","max-snippet":"max-snippet:-1","max-image-preview":"max-image-preview:large","max-video-preview":"max-video-preview:-1"},"canonical":"https:\/\/petlikepark.com\/product\/thuc-an-cho-meo-cat-tigger\/","og_locale":"en_US","og_type":"article","og_title":"[:vi]Th\u1ee9c \u0103n cho m\u00e8o Cat Tigger [:] - Pet Like Park","og_description":"[:vi]Cat Tigger l\u00e0 d\u00f2ng th\u1ee9c \u0103n cho m\u00e8o \u0111\u1ebfn t\u1eeb t\u1eadp \u0111o\u00e0n SAJO H\u00e0n Qu\u1ed1c, g\u1ed3m hai d\u1ea1ng ch\u00ednh l\u00e0 h\u1ea1t v\u00e0 pate, \u0111\u01b0\u1ee3c \u0111\u00e1nh gi\u00e1 cao nh\u1edd th\u00e0nh ph\u1ea7n t\u1ef1 nhi\u00ean v\u00e0 m\u1ee9c gi\u00e1 h\u1ee3p l\u00fd. S\u1ea3n ph\u1ea9m n\u1ed5i b\u1eadt v\u1edbi c\u00e1c v\u1ecb ph\u1ed5 bi\u1ebfn nh\u01b0 c\u00e1 ng\u1eeb v\u00e0 c\u00e1 h\u1ed3i, k\u1ebft h\u1ee3p \u1ee9c g\u00e0 v\u00e0 c\u00e1c vi ch\u1ea5t thi\u1ebft y\u1ebfu, ph\u00f9 h\u1ee3p cho m\u00e8o \u1edf m\u1ecdi l\u1ee9a tu\u1ed5i. D\u00f2ng h\u1ea1t \u0111\u01b0\u1ee3c thi\u1ebft k\u1ebf gi\u00fap h\u1ed7 tr\u1ee3 ti\u00eau h\u00f3a, gi\u1ea3m m\u00f9i ch\u1ea5t th\u1ea3i v\u00e0 t\u0103ng h\u1ea5p thu protein. V\u1edbi ngu\u1ed3n g\u1ed1c r\u00f5 r\u00e0ng, c\u00f4ng th\u1ee9c gi\u00e0u dinh d\u01b0\u1ee1ng v\u00e0 \u0111a d\u1ea1ng l\u1ef1a ch\u1ecdn, Cat Tigger l\u00e0 l\u1ef1a ch\u1ecdn \u0111\u00e1ng tin c\u1eady cho ng\u01b0\u1eddi nu\u00f4i m\u00e8o. Khi s\u1eed d\u1ee5ng, n\u00ean tu\u00e2n theo h\u01b0\u1edbng d\u1eabn cho \u0103n v\u00e0 b\u1ea3o qu\u1ea3n \u0111\u00fang c\u00e1ch \u0111\u1ec3 \u0111\u1ea3m b\u1ea3o hi\u1ec7u qu\u1ea3 dinh d\u01b0\u1ee1ng v\u00e0 ch\u1ea5t l\u01b0\u1ee3ng s\u1ea3n ph\u1ea9m.[:]","og_url":"https:\/\/petlikepark.com\/product\/thuc-an-cho-meo-cat-tigger\/","og_site_name":"Pet Like Park","article_modified_time":"2025-07-02T04:08:13+00:00","og_image":[{"width":2560,"height":2560,"url":"https:\/\/petlikepark.com\/wp-content\/uploads\/2025\/06\/Cat-Tigger-Mock-Up-1-scaled.jpg","type":"image\/jpeg"}],"twitter_card":"summary_large_image","twitter_misc":{"Est. reading time":"2 minutes"},"schema":{"@context":"https:\/\/schema.org","@graph":[{"@type":"WebPage","@id":"https:\/\/petlikepark.com\/product\/thuc-an-cho-meo-cat-tigger\/","url":"https:\/\/petlikepark.com\/product\/thuc-an-cho-meo-cat-tigger\/","name":"[:vi]Th\u1ee9c \u0103n cho m\u00e8o Cat Tigger [:] - Pet Like Park","isPartOf":{"@id":"https:\/\/petlikepark.com\/#website"},"datePublished":"2025-06-24T10:07:28+00:00","dateModified":"2025-07-02T04:08:13+00:00","breadcrumb":{"@id":"https:\/\/petlikepark.com\/product\/thuc-an-cho-meo-cat-tigger\/#breadcrumb"},"inLanguage":"en-US","potentialAction":[{"@type":"ReadAction","target":["https:\/\/petlikepark.com\/product\/thuc-an-cho-meo-cat-tigger\/"]}]},{"@type":"BreadcrumbList","@id":"https:\/\/petlikepark.com\/product\/thuc-an-cho-meo-cat-tigger\/#breadcrumb","itemListElement":[{"@type":"ListItem","position":1,"name":"Home","item":"https:\/\/petlikepark.com\/"},{"@type":"ListItem","position":2,"name":"S\u1ea3n ph\u1ea9m","item":"https:\/\/petlikepark.com\/san-pham\/"},{"@type":"ListItem","position":3,"name":"[:vi]Th\u1ee9c \u0103n cho m\u00e8o Cat Tigger [:]"}]},{"@type":"WebSite","@id":"https:\/\/petlikepark.com\/#website","url":"https:\/\/petlikepark.com\/","name":"Pet Like Park","description":"","publisher":{"@id":"https:\/\/petlikepark.com\/#organization"},"potentialAction":[{"@type":"SearchAction","target":{"@type":"EntryPoint","urlTemplate":"https:\/\/petlikepark.com\/?s={search_term_string}"},"query-input":"required name=search_term_string"}],"inLanguage":"en-US"},{"@type":"Organization","@id":"https:\/\/petlikepark.com\/#organization","name":"Pet Like Park","url":"https:\/\/petlikepark.com\/","logo":{"@type":"ImageObject","inLanguage":"en-US","@id":"https:\/\/petlikepark.com\/#\/schema\/logo\/image\/","url":"https:\/\/petlikepark.com\/wp-content\/uploads\/2023\/12\/cropped-cropped-pet_like_park_logo-1.png","contentUrl":"https:\/\/petlikepark.com\/wp-content\/uploads\/2023\/12\/cropped-cropped-pet_like_park_logo-1.png","width":250,"height":250,"caption":"Pet Like Park"},"image":{"@id":"https:\/\/petlikepark.com\/#\/schema\/logo\/image\/"}}]}},"_links":{"self":[{"href":"https:\/\/petlikepark.com\/en\/wp-json\/wp\/v2\/product\/2089"}],"collection":[{"href":"https:\/\/petlikepark.com\/en\/wp-json\/wp\/v2\/product"}],"about":[{"href":"https:\/\/petlikepark.com\/en\/wp-json\/wp\/v2\/types\/product"}],"replies":[{"embeddable":true,"href":"https:\/\/petlikepark.com\/en\/wp-json\/wp\/v2\/comments?post=2089"}],"wp:featuredmedia":[{"embeddable":true,"href":"https:\/\/petlikepark.com\/en\/wp-json\/wp\/v2\/media\/2090"}],"wp:attachment":[{"href":"https:\/\/petlikepark.com\/en\/wp-json\/wp\/v2\/media?parent=2089"}],"wp:term":[{"taxonomy":"product_cat","embeddable":true,"href":"https:\/\/petlikepark.com\/en\/wp-json\/wp\/v2\/product_cat?post=2089"},{"taxonomy":"product_tag","embeddable":true,"href":"https:\/\/petlikepark.com\/en\/wp-json\/wp\/v2\/product_tag?post=2089"}],"curies":[{"name":"wp","href":"https:\/\/api.w.org\/{rel}","templated":true}]}}