{"id":2097,"date":"2025-07-02T03:52:06","date_gmt":"2025-07-02T03:52:06","guid":{"rendered":"https:\/\/petlikepark.com\/?post_type=product&#038;p=2097"},"modified":"2025-07-02T04:37:09","modified_gmt":"2025-07-02T04:37:09","slug":"thuc-an-hat-hoan-chinh-cat-ta-cho-meo-truong-thanh","status":"publish","type":"product","link":"https:\/\/petlikepark.com\/en\/product\/thuc-an-hat-hoan-chinh-cat-ta-cho-meo-truong-thanh\/","title":{"rendered":"Cat TA Complete Dry Food For Adult Cats"},"content":{"rendered":"<p>Nutritional grain food for adult cats &#8211; Exclusively for Vietnamese cats<\/p>\n<p>Cat Ta is a dry food line for adult cats developed by Pet Like, a brand from Korea. Based on the sincere love for cats in Vietnam, the product not only meets international nutritional standards but is also optimized according to the physical condition and taste of Vietnamese cats, thereby providing an effective &#8211; easy to eat &#8211; easy to absorb nutritional solution.<\/p>\n<p>Outstanding nutritional advantages<\/p>\n<p>The product Cat Ta Adult Mix Flavour is manufactured in Vietnam using modern nutritional technology from Korea. Balanced, nutrient-rich formula, meeting the essential needs of adult cats:<\/p>\n<p>Bold, natural turkey &amp; tuna flavor: Stimulates the taste buds, suitable for Vietnamese cats&#8217; eating habits<br \/>\nTaurine &amp; Vitamin A: Supports cardiovascular health, improves eyesight<br \/>\nYucca extract: Helps reduce stool odor, improves the digestive system<br \/>\nPrebiotics &amp; natural fiber: Increases nutrient absorption and protects the intestines<br \/>\nOmega 3-6: For healthy skin, shiny fur and reduces hair loss<br \/>\nEssential protein &amp; vitamins: Helps increase resistance, supports comprehensive development<\/p>\n<p>Not just a lovely shape, Cat Ta&#8217;s heart-shaped pellets with a grain length of 9mm are our way of expressing our sincere affection and thoughtful care to each cat.<\/p>\n<p>This design is not only for aesthetic purposes \u2013 but also carries a deep meaning:<\/p>\n<p>Heart \u2013 a symbol of love: We believe that every meal is an opportunity to bond and show care for our pets. The heart-shaped pellets are like a message: \u201cEvery meal is an act of love.\u201d<\/p>\n<p>Compact design \u2013 easy to chew, easy to digest: Suitable for the teeth of adult cats, especially indoor cats, old cats or cats with sensitive constitutions.<\/p>\n<p>Arouse curiosity and appetite: The different shape helps cats be more interested in eating, thereby maintaining regular and healthy eating habits.<\/p>","protected":false},"excerpt":{"rendered":"<p>Adult cat food, Korean technology &#8211; delicious taste, heart-shaped grains, easy to eat and rich in nutrients for healthy cats every day.<\/p>\n","protected":false},"featured_media":2096,"comment_status":"open","ping_status":"closed","template":"","meta":[],"product_cat":[48],"product_tag":[],"yoast_head":"<!-- This site is optimized with the Yoast SEO plugin v20.2 - https:\/\/yoast.com\/wordpress\/plugins\/seo\/ -->\n<title>Cat TA Complete Dry Food For Adult Cats - Pet Like Park<\/title>\n<meta name=\"robots\" content=\"index, follow, max-snippet:-1, max-image-preview:large, max-video-preview:-1\" \/>\n<link rel=\"canonical\" href=\"https:\/\/petlikepark.com\/product\/thuc-an-hat-hoan-chinh-cat-ta-cho-meo-truong-thanh\/\" \/>\n<meta property=\"og:locale\" content=\"en_US\" \/>\n<meta property=\"og:type\" content=\"article\" \/>\n<meta property=\"og:title\" content=\"[:vi]Th\u1ee9c \u0102n H\u1ea1t Ho\u00e0n Ch\u1ec9nh Cat TA Cho M\u00e8o Tr\u01b0\u1edfng Th\u00e0nh[:en]Cat TA Complete Dry Food For Adult Cats[:] - Pet Like Park\" \/>\n<meta property=\"og:description\" content=\"[:vi]Th\u1ee9c \u0103n h\u1ea1t cho m\u00e8o tr\u01b0\u1edfng th\u00e0nh, c\u00f4ng ngh\u1ec7 H\u00e0n Qu\u1ed1c \u2013 v\u1ecb ngon h\u1ea5p d\u1eabn, h\u1ea1t h\u00ecnh tr\u00e1i tim, d\u1ec5 \u0103n v\u00e0 gi\u00e0u dinh d\u01b0\u1ee1ng cho b\u00e9 m\u00e8o kh\u1ecfe m\u1ed7i ng\u00e0y.[:en]Adult cat food, Korean technology - delicious taste, heart-shaped grains, easy to eat and rich in nutrients for healthy cats every day.[:]\" \/>\n<meta property=\"og:url\" content=\"https:\/\/petlikepark.com\/product\/thuc-an-hat-hoan-chinh-cat-ta-cho-meo-truong-thanh\/\" \/>\n<meta property=\"og:site_name\" content=\"Pet Like Park\" \/>\n<meta property=\"article:modified_time\" content=\"2025-07-02T04:37:09+00:00\" \/>\n<meta property=\"og:image\" content=\"https:\/\/petlikepark.com\/wp-content\/uploads\/2025\/07\/Cat-TA-min.png\" \/>\n\t<meta property=\"og:image:width\" content=\"4000\" \/>\n\t<meta property=\"og:image:height\" content=\"4000\" \/>\n\t<meta property=\"og:image:type\" content=\"image\/png\" \/>\n<meta name=\"twitter:card\" content=\"summary_large_image\" \/>\n<meta name=\"twitter:label1\" content=\"Est. reading time\" \/>\n\t<meta name=\"twitter:data1\" content=\"2 minutes\" \/>\n<script type=\"application\/ld+json\" class=\"yoast-schema-graph\">{\"@context\":\"https:\/\/schema.org\",\"@graph\":[{\"@type\":\"WebPage\",\"@id\":\"https:\/\/petlikepark.com\/product\/thuc-an-hat-hoan-chinh-cat-ta-cho-meo-truong-thanh\/\",\"url\":\"https:\/\/petlikepark.com\/product\/thuc-an-hat-hoan-chinh-cat-ta-cho-meo-truong-thanh\/\",\"name\":\"[:vi]Th\u1ee9c \u0102n H\u1ea1t Ho\u00e0n Ch\u1ec9nh Cat TA Cho M\u00e8o Tr\u01b0\u1edfng Th\u00e0nh[:en]Cat TA Complete Dry Food For Adult Cats[:] - Pet Like Park\",\"isPartOf\":{\"@id\":\"https:\/\/petlikepark.com\/#website\"},\"datePublished\":\"2025-07-02T03:52:06+00:00\",\"dateModified\":\"2025-07-02T04:37:09+00:00\",\"breadcrumb\":{\"@id\":\"https:\/\/petlikepark.com\/product\/thuc-an-hat-hoan-chinh-cat-ta-cho-meo-truong-thanh\/#breadcrumb\"},\"inLanguage\":\"en-US\",\"potentialAction\":[{\"@type\":\"ReadAction\",\"target\":[\"https:\/\/petlikepark.com\/product\/thuc-an-hat-hoan-chinh-cat-ta-cho-meo-truong-thanh\/\"]}]},{\"@type\":\"BreadcrumbList\",\"@id\":\"https:\/\/petlikepark.com\/product\/thuc-an-hat-hoan-chinh-cat-ta-cho-meo-truong-thanh\/#breadcrumb\",\"itemListElement\":[{\"@type\":\"ListItem\",\"position\":1,\"name\":\"Home\",\"item\":\"https:\/\/petlikepark.com\/\"},{\"@type\":\"ListItem\",\"position\":2,\"name\":\"S\u1ea3n ph\u1ea9m\",\"item\":\"https:\/\/petlikepark.com\/san-pham\/\"},{\"@type\":\"ListItem\",\"position\":3,\"name\":\"Th\u1ee9c \u0102n H\u1ea1t Ho\u00e0n Ch\u1ec9nh Cat TA Cho M\u00e8o Tr\u01b0\u1edfng Th\u00e0nh\"}]},{\"@type\":\"WebSite\",\"@id\":\"https:\/\/petlikepark.com\/#website\",\"url\":\"https:\/\/petlikepark.com\/\",\"name\":\"Pet Like Park\",\"description\":\"\",\"publisher\":{\"@id\":\"https:\/\/petlikepark.com\/#organization\"},\"potentialAction\":[{\"@type\":\"SearchAction\",\"target\":{\"@type\":\"EntryPoint\",\"urlTemplate\":\"https:\/\/petlikepark.com\/?s={search_term_string}\"},\"query-input\":\"required name=search_term_string\"}],\"inLanguage\":\"en-US\"},{\"@type\":\"Organization\",\"@id\":\"https:\/\/petlikepark.com\/#organization\",\"name\":\"Pet Like Park\",\"url\":\"https:\/\/petlikepark.com\/\",\"logo\":{\"@type\":\"ImageObject\",\"inLanguage\":\"en-US\",\"@id\":\"https:\/\/petlikepark.com\/#\/schema\/logo\/image\/\",\"url\":\"https:\/\/petlikepark.com\/wp-content\/uploads\/2023\/12\/cropped-cropped-pet_like_park_logo-1.png\",\"contentUrl\":\"https:\/\/petlikepark.com\/wp-content\/uploads\/2023\/12\/cropped-cropped-pet_like_park_logo-1.png\",\"width\":250,\"height\":250,\"caption\":\"Pet Like Park\"},\"image\":{\"@id\":\"https:\/\/petlikepark.com\/#\/schema\/logo\/image\/\"}}]}<\/script>\n<!-- \/ Yoast SEO plugin. -->","yoast_head_json":{"title":"[:vi]Th\u1ee9c \u0102n H\u1ea1t Ho\u00e0n Ch\u1ec9nh Cat TA Cho M\u00e8o Tr\u01b0\u1edfng Th\u00e0nh[:en]Cat TA Complete Dry Food For Adult Cats[:] - Pet Like Park","robots":{"index":"index","follow":"follow","max-snippet":"max-snippet:-1","max-image-preview":"max-image-preview:large","max-video-preview":"max-video-preview:-1"},"canonical":"https:\/\/petlikepark.com\/product\/thuc-an-hat-hoan-chinh-cat-ta-cho-meo-truong-thanh\/","og_locale":"en_US","og_type":"article","og_title":"[:vi]Th\u1ee9c \u0102n H\u1ea1t Ho\u00e0n Ch\u1ec9nh Cat TA Cho M\u00e8o Tr\u01b0\u1edfng Th\u00e0nh[:en]Cat TA Complete Dry Food For Adult Cats[:] - Pet Like Park","og_description":"[:vi]Th\u1ee9c \u0103n h\u1ea1t cho m\u00e8o tr\u01b0\u1edfng th\u00e0nh, c\u00f4ng ngh\u1ec7 H\u00e0n Qu\u1ed1c \u2013 v\u1ecb ngon h\u1ea5p d\u1eabn, h\u1ea1t h\u00ecnh tr\u00e1i tim, d\u1ec5 \u0103n v\u00e0 gi\u00e0u dinh d\u01b0\u1ee1ng cho b\u00e9 m\u00e8o kh\u1ecfe m\u1ed7i ng\u00e0y.[:en]Adult cat food, Korean technology - delicious taste, heart-shaped grains, easy to eat and rich in nutrients for healthy cats every day.[:]","og_url":"https:\/\/petlikepark.com\/product\/thuc-an-hat-hoan-chinh-cat-ta-cho-meo-truong-thanh\/","og_site_name":"Pet Like Park","article_modified_time":"2025-07-02T04:37:09+00:00","og_image":[{"width":4000,"height":4000,"url":"https:\/\/petlikepark.com\/wp-content\/uploads\/2025\/07\/Cat-TA-min.png","type":"image\/png"}],"twitter_card":"summary_large_image","twitter_misc":{"Est. reading time":"2 minutes"},"schema":{"@context":"https:\/\/schema.org","@graph":[{"@type":"WebPage","@id":"https:\/\/petlikepark.com\/product\/thuc-an-hat-hoan-chinh-cat-ta-cho-meo-truong-thanh\/","url":"https:\/\/petlikepark.com\/product\/thuc-an-hat-hoan-chinh-cat-ta-cho-meo-truong-thanh\/","name":"[:vi]Th\u1ee9c \u0102n H\u1ea1t Ho\u00e0n Ch\u1ec9nh Cat TA Cho M\u00e8o Tr\u01b0\u1edfng Th\u00e0nh[:en]Cat TA Complete Dry Food For Adult Cats[:] - Pet Like Park","isPartOf":{"@id":"https:\/\/petlikepark.com\/#website"},"datePublished":"2025-07-02T03:52:06+00:00","dateModified":"2025-07-02T04:37:09+00:00","breadcrumb":{"@id":"https:\/\/petlikepark.com\/product\/thuc-an-hat-hoan-chinh-cat-ta-cho-meo-truong-thanh\/#breadcrumb"},"inLanguage":"en-US","potentialAction":[{"@type":"ReadAction","target":["https:\/\/petlikepark.com\/product\/thuc-an-hat-hoan-chinh-cat-ta-cho-meo-truong-thanh\/"]}]},{"@type":"BreadcrumbList","@id":"https:\/\/petlikepark.com\/product\/thuc-an-hat-hoan-chinh-cat-ta-cho-meo-truong-thanh\/#breadcrumb","itemListElement":[{"@type":"ListItem","position":1,"name":"Home","item":"https:\/\/petlikepark.com\/"},{"@type":"ListItem","position":2,"name":"S\u1ea3n ph\u1ea9m","item":"https:\/\/petlikepark.com\/san-pham\/"},{"@type":"ListItem","position":3,"name":"Th\u1ee9c \u0102n H\u1ea1t Ho\u00e0n Ch\u1ec9nh Cat TA Cho M\u00e8o Tr\u01b0\u1edfng Th\u00e0nh"}]},{"@type":"WebSite","@id":"https:\/\/petlikepark.com\/#website","url":"https:\/\/petlikepark.com\/","name":"Pet Like Park","description":"","publisher":{"@id":"https:\/\/petlikepark.com\/#organization"},"potentialAction":[{"@type":"SearchAction","target":{"@type":"EntryPoint","urlTemplate":"https:\/\/petlikepark.com\/?s={search_term_string}"},"query-input":"required name=search_term_string"}],"inLanguage":"en-US"},{"@type":"Organization","@id":"https:\/\/petlikepark.com\/#organization","name":"Pet Like Park","url":"https:\/\/petlikepark.com\/","logo":{"@type":"ImageObject","inLanguage":"en-US","@id":"https:\/\/petlikepark.com\/#\/schema\/logo\/image\/","url":"https:\/\/petlikepark.com\/wp-content\/uploads\/2023\/12\/cropped-cropped-pet_like_park_logo-1.png","contentUrl":"https:\/\/petlikepark.com\/wp-content\/uploads\/2023\/12\/cropped-cropped-pet_like_park_logo-1.png","width":250,"height":250,"caption":"Pet Like Park"},"image":{"@id":"https:\/\/petlikepark.com\/#\/schema\/logo\/image\/"}}]}},"_links":{"self":[{"href":"https:\/\/petlikepark.com\/en\/wp-json\/wp\/v2\/product\/2097"}],"collection":[{"href":"https:\/\/petlikepark.com\/en\/wp-json\/wp\/v2\/product"}],"about":[{"href":"https:\/\/petlikepark.com\/en\/wp-json\/wp\/v2\/types\/product"}],"replies":[{"embeddable":true,"href":"https:\/\/petlikepark.com\/en\/wp-json\/wp\/v2\/comments?post=2097"}],"wp:featuredmedia":[{"embeddable":true,"href":"https:\/\/petlikepark.com\/en\/wp-json\/wp\/v2\/media\/2096"}],"wp:attachment":[{"href":"https:\/\/petlikepark.com\/en\/wp-json\/wp\/v2\/media?parent=2097"}],"wp:term":[{"taxonomy":"product_cat","embeddable":true,"href":"https:\/\/petlikepark.com\/en\/wp-json\/wp\/v2\/product_cat?post=2097"},{"taxonomy":"product_tag","embeddable":true,"href":"https:\/\/petlikepark.com\/en\/wp-json\/wp\/v2\/product_tag?post=2097"}],"curies":[{"name":"wp","href":"https:\/\/api.w.org\/{rel}","templated":true}]}}