{"id":2117,"date":"2025-07-02T05:04:08","date_gmt":"2025-07-02T05:04:08","guid":{"rendered":"https:\/\/petlikepark.com\/?post_type=product&#038;p=2117"},"modified":"2026-04-08T06:51:13","modified_gmt":"2026-04-08T06:51:13","slug":"thuc-an-hoan-chinh-kiki-cho-cho-truong-thanh-vi-bo","status":"publish","type":"product","link":"https:\/\/petlikepark.com\/en\/product\/thuc-an-hoan-chinh-kiki-cho-cho-truong-thanh-vi-bo\/","title":{"rendered":"KiKi Complete Food For Adult Dogs (Beef Flavor)"},"content":{"rendered":"<p>Kiki Adult Beef Flavour &#8211; Rich beef flavor, suitable for Vietnamese dogs<\/p>\n<p>Kiki is a line of food for adult dogs developed by Pet Like, a brand from Korea. After the success of the Cat Ta cat product, Kiki continues its mission of meeting the nutritional needs of pets in Vietnam, with a formula that has been carefully researched and adjusted to suit the living conditions, physical condition and taste of Vietnamese dogs.<\/p>\n<p>\ud83d\udcac The familiar name &#8220;Ki Ki&#8221;<\/p>\n<p>The name Kiki is inspired by the way Vietnamese people often name their beloved dogs in the family &#8211; simple, close and full of affection.<\/p>\n<p>Kiki Adult Beef Flavour is developed for all adult dogs, from puppies living in townhouses to puppies raised in the countryside or living with their devoted owners in small rented rooms.<\/p>\n<p>\ud83c\udf56\u00a0Delicious and easy to eat \u2013 Comprehensive nutrition every day<\/p>\n<p>The product is manufactured in Vietnam with technology and formulas from Korean experts, providing meals that are not only delicious but also support long-term health:<\/p>\n<p>\u2705\u00a0Rich beef flavor, naturally delicious \u2013 stimulates taste buds, easy to eat<\/p>\n<p>\u2705\u00a0Supplemented with vitamins, minerals and prebiotics \u2013 supports digestion, increases resistance<\/p>\n<p>\u2705\u00a0Contains no artificial colors \u2013 safe for health when used long-term<\/p>\n<p>\u2705\u00a0Rich in high-quality protein \u2013 helps muscles stay strong, fur is smooth and active every day<\/p>","protected":false},"excerpt":{"rendered":"<p>Dry food for adult dogs \u2013 rich beef flavor, Korean formula, optimized for the physical condition and taste of dogs in Vietnam.<\/p>\n","protected":false},"featured_media":2094,"comment_status":"open","ping_status":"closed","template":"","meta":[],"product_cat":[52],"product_tag":[],"yoast_head":"<!-- This site is optimized with the Yoast SEO plugin v20.2 - https:\/\/yoast.com\/wordpress\/plugins\/seo\/ -->\n<title>KiKi Complete Food For Adult Dogs (Beef Flavor) - Pet Like Park<\/title>\n<meta name=\"robots\" content=\"index, follow, max-snippet:-1, max-image-preview:large, max-video-preview:-1\" \/>\n<link rel=\"canonical\" href=\"https:\/\/petlikepark.com\/product\/thuc-an-hoan-chinh-kiki-cho-cho-truong-thanh-vi-bo\/\" \/>\n<meta property=\"og:locale\" content=\"en_US\" \/>\n<meta property=\"og:type\" content=\"article\" \/>\n<meta property=\"og:title\" content=\"[:vi]Th\u1ee9c \u0102n Ho\u00e0n Ch\u00ednh KiKi Cho Ch\u00f3 Tr\u01b0\u1edfng Th\u00e0nh (V\u1ecb B\u00f2)[:en]KiKi Complete Food For Adult Dogs (Beef Flavor)[:] - Pet Like Park\" \/>\n<meta property=\"og:description\" content=\"[:vi]Th\u1ee9c \u0103n kh\u00f4 cho ch\u00f3 tr\u01b0\u1edfng th\u00e0nh \u2013 v\u1ecb th\u1ecbt b\u00f2 \u0111\u1eadm \u0111\u00e0, c\u00f4ng th\u1ee9c H\u00e0n Qu\u1ed1c, t\u1ed1i \u01b0u cho th\u1ec3 tr\u1ea1ng v\u00e0 kh\u1ea9u v\u1ecb c\u1ee7a ch\u00f3 t\u1ea1i Vi\u1ec7t Nam.[:en]Dry food for adult dogs \u2013 rich beef flavor, Korean formula, optimized for the physical condition and taste of dogs in Vietnam.[:]\" \/>\n<meta property=\"og:url\" content=\"https:\/\/petlikepark.com\/product\/thuc-an-hoan-chinh-kiki-cho-cho-truong-thanh-vi-bo\/\" \/>\n<meta property=\"og:site_name\" content=\"Pet Like Park\" \/>\n<meta property=\"article:modified_time\" content=\"2026-04-08T06:51:13+00:00\" \/>\n<meta property=\"og:image\" content=\"https:\/\/petlikepark.com\/wp-content\/uploads\/2025\/07\/KIKI-Adult-min.png\" \/>\n\t<meta property=\"og:image:width\" content=\"4000\" \/>\n\t<meta property=\"og:image:height\" content=\"4000\" \/>\n\t<meta property=\"og:image:type\" content=\"image\/png\" \/>\n<meta name=\"twitter:card\" content=\"summary_large_image\" \/>\n<meta name=\"twitter:label1\" content=\"Est. reading time\" \/>\n\t<meta name=\"twitter:data1\" content=\"2 minutes\" \/>\n<script type=\"application\/ld+json\" class=\"yoast-schema-graph\">{\"@context\":\"https:\/\/schema.org\",\"@graph\":[{\"@type\":\"WebPage\",\"@id\":\"https:\/\/petlikepark.com\/product\/thuc-an-hoan-chinh-kiki-cho-cho-truong-thanh-vi-bo\/\",\"url\":\"https:\/\/petlikepark.com\/product\/thuc-an-hoan-chinh-kiki-cho-cho-truong-thanh-vi-bo\/\",\"name\":\"[:vi]Th\u1ee9c \u0102n Ho\u00e0n Ch\u00ednh KiKi Cho Ch\u00f3 Tr\u01b0\u1edfng Th\u00e0nh (V\u1ecb B\u00f2)[:en]KiKi Complete Food For Adult Dogs (Beef Flavor)[:] - Pet Like Park\",\"isPartOf\":{\"@id\":\"https:\/\/petlikepark.com\/#website\"},\"datePublished\":\"2025-07-02T05:04:08+00:00\",\"dateModified\":\"2026-04-08T06:51:13+00:00\",\"breadcrumb\":{\"@id\":\"https:\/\/petlikepark.com\/product\/thuc-an-hoan-chinh-kiki-cho-cho-truong-thanh-vi-bo\/#breadcrumb\"},\"inLanguage\":\"en-US\",\"potentialAction\":[{\"@type\":\"ReadAction\",\"target\":[\"https:\/\/petlikepark.com\/product\/thuc-an-hoan-chinh-kiki-cho-cho-truong-thanh-vi-bo\/\"]}]},{\"@type\":\"BreadcrumbList\",\"@id\":\"https:\/\/petlikepark.com\/product\/thuc-an-hoan-chinh-kiki-cho-cho-truong-thanh-vi-bo\/#breadcrumb\",\"itemListElement\":[{\"@type\":\"ListItem\",\"position\":1,\"name\":\"Home\",\"item\":\"https:\/\/petlikepark.com\/\"},{\"@type\":\"ListItem\",\"position\":2,\"name\":\"S\u1ea3n ph\u1ea9m\",\"item\":\"https:\/\/petlikepark.com\/san-pham\/\"},{\"@type\":\"ListItem\",\"position\":3,\"name\":\"Th\u1ee9c \u0102n Ho\u00e0n Ch\u00ednh KiKi Cho Ch\u00f3 Tr\u01b0\u1edfng Th\u00e0nh (V\u1ecb B\u00f2)\"}]},{\"@type\":\"WebSite\",\"@id\":\"https:\/\/petlikepark.com\/#website\",\"url\":\"https:\/\/petlikepark.com\/\",\"name\":\"Pet Like Park\",\"description\":\"\",\"publisher\":{\"@id\":\"https:\/\/petlikepark.com\/#organization\"},\"potentialAction\":[{\"@type\":\"SearchAction\",\"target\":{\"@type\":\"EntryPoint\",\"urlTemplate\":\"https:\/\/petlikepark.com\/?s={search_term_string}\"},\"query-input\":\"required name=search_term_string\"}],\"inLanguage\":\"en-US\"},{\"@type\":\"Organization\",\"@id\":\"https:\/\/petlikepark.com\/#organization\",\"name\":\"Pet Like Park\",\"url\":\"https:\/\/petlikepark.com\/\",\"logo\":{\"@type\":\"ImageObject\",\"inLanguage\":\"en-US\",\"@id\":\"https:\/\/petlikepark.com\/#\/schema\/logo\/image\/\",\"url\":\"https:\/\/petlikepark.com\/wp-content\/uploads\/2023\/12\/cropped-cropped-pet_like_park_logo-1.png\",\"contentUrl\":\"https:\/\/petlikepark.com\/wp-content\/uploads\/2023\/12\/cropped-cropped-pet_like_park_logo-1.png\",\"width\":250,\"height\":250,\"caption\":\"Pet Like Park\"},\"image\":{\"@id\":\"https:\/\/petlikepark.com\/#\/schema\/logo\/image\/\"}}]}<\/script>\n<!-- \/ Yoast SEO plugin. -->","yoast_head_json":{"title":"[:vi]Th\u1ee9c \u0102n Ho\u00e0n Ch\u00ednh KiKi Cho Ch\u00f3 Tr\u01b0\u1edfng Th\u00e0nh (V\u1ecb B\u00f2)[:en]KiKi Complete Food For Adult Dogs (Beef Flavor)[:] - Pet Like Park","robots":{"index":"index","follow":"follow","max-snippet":"max-snippet:-1","max-image-preview":"max-image-preview:large","max-video-preview":"max-video-preview:-1"},"canonical":"https:\/\/petlikepark.com\/product\/thuc-an-hoan-chinh-kiki-cho-cho-truong-thanh-vi-bo\/","og_locale":"en_US","og_type":"article","og_title":"[:vi]Th\u1ee9c \u0102n Ho\u00e0n Ch\u00ednh KiKi Cho Ch\u00f3 Tr\u01b0\u1edfng Th\u00e0nh (V\u1ecb B\u00f2)[:en]KiKi Complete Food For Adult Dogs (Beef Flavor)[:] - Pet Like Park","og_description":"[:vi]Th\u1ee9c \u0103n kh\u00f4 cho ch\u00f3 tr\u01b0\u1edfng th\u00e0nh \u2013 v\u1ecb th\u1ecbt b\u00f2 \u0111\u1eadm \u0111\u00e0, c\u00f4ng th\u1ee9c H\u00e0n Qu\u1ed1c, t\u1ed1i \u01b0u cho th\u1ec3 tr\u1ea1ng v\u00e0 kh\u1ea9u v\u1ecb c\u1ee7a ch\u00f3 t\u1ea1i Vi\u1ec7t Nam.[:en]Dry food for adult dogs \u2013 rich beef flavor, Korean formula, optimized for the physical condition and taste of dogs in Vietnam.[:]","og_url":"https:\/\/petlikepark.com\/product\/thuc-an-hoan-chinh-kiki-cho-cho-truong-thanh-vi-bo\/","og_site_name":"Pet Like Park","article_modified_time":"2026-04-08T06:51:13+00:00","og_image":[{"width":4000,"height":4000,"url":"https:\/\/petlikepark.com\/wp-content\/uploads\/2025\/07\/KIKI-Adult-min.png","type":"image\/png"}],"twitter_card":"summary_large_image","twitter_misc":{"Est. reading time":"2 minutes"},"schema":{"@context":"https:\/\/schema.org","@graph":[{"@type":"WebPage","@id":"https:\/\/petlikepark.com\/product\/thuc-an-hoan-chinh-kiki-cho-cho-truong-thanh-vi-bo\/","url":"https:\/\/petlikepark.com\/product\/thuc-an-hoan-chinh-kiki-cho-cho-truong-thanh-vi-bo\/","name":"[:vi]Th\u1ee9c \u0102n Ho\u00e0n Ch\u00ednh KiKi Cho Ch\u00f3 Tr\u01b0\u1edfng Th\u00e0nh (V\u1ecb B\u00f2)[:en]KiKi Complete Food For Adult Dogs (Beef Flavor)[:] - Pet Like Park","isPartOf":{"@id":"https:\/\/petlikepark.com\/#website"},"datePublished":"2025-07-02T05:04:08+00:00","dateModified":"2026-04-08T06:51:13+00:00","breadcrumb":{"@id":"https:\/\/petlikepark.com\/product\/thuc-an-hoan-chinh-kiki-cho-cho-truong-thanh-vi-bo\/#breadcrumb"},"inLanguage":"en-US","potentialAction":[{"@type":"ReadAction","target":["https:\/\/petlikepark.com\/product\/thuc-an-hoan-chinh-kiki-cho-cho-truong-thanh-vi-bo\/"]}]},{"@type":"BreadcrumbList","@id":"https:\/\/petlikepark.com\/product\/thuc-an-hoan-chinh-kiki-cho-cho-truong-thanh-vi-bo\/#breadcrumb","itemListElement":[{"@type":"ListItem","position":1,"name":"Home","item":"https:\/\/petlikepark.com\/"},{"@type":"ListItem","position":2,"name":"S\u1ea3n ph\u1ea9m","item":"https:\/\/petlikepark.com\/san-pham\/"},{"@type":"ListItem","position":3,"name":"Th\u1ee9c \u0102n Ho\u00e0n Ch\u00ednh KiKi Cho Ch\u00f3 Tr\u01b0\u1edfng Th\u00e0nh (V\u1ecb B\u00f2)"}]},{"@type":"WebSite","@id":"https:\/\/petlikepark.com\/#website","url":"https:\/\/petlikepark.com\/","name":"Pet Like Park","description":"","publisher":{"@id":"https:\/\/petlikepark.com\/#organization"},"potentialAction":[{"@type":"SearchAction","target":{"@type":"EntryPoint","urlTemplate":"https:\/\/petlikepark.com\/?s={search_term_string}"},"query-input":"required name=search_term_string"}],"inLanguage":"en-US"},{"@type":"Organization","@id":"https:\/\/petlikepark.com\/#organization","name":"Pet Like Park","url":"https:\/\/petlikepark.com\/","logo":{"@type":"ImageObject","inLanguage":"en-US","@id":"https:\/\/petlikepark.com\/#\/schema\/logo\/image\/","url":"https:\/\/petlikepark.com\/wp-content\/uploads\/2023\/12\/cropped-cropped-pet_like_park_logo-1.png","contentUrl":"https:\/\/petlikepark.com\/wp-content\/uploads\/2023\/12\/cropped-cropped-pet_like_park_logo-1.png","width":250,"height":250,"caption":"Pet Like Park"},"image":{"@id":"https:\/\/petlikepark.com\/#\/schema\/logo\/image\/"}}]}},"_links":{"self":[{"href":"https:\/\/petlikepark.com\/en\/wp-json\/wp\/v2\/product\/2117"}],"collection":[{"href":"https:\/\/petlikepark.com\/en\/wp-json\/wp\/v2\/product"}],"about":[{"href":"https:\/\/petlikepark.com\/en\/wp-json\/wp\/v2\/types\/product"}],"replies":[{"embeddable":true,"href":"https:\/\/petlikepark.com\/en\/wp-json\/wp\/v2\/comments?post=2117"}],"wp:featuredmedia":[{"embeddable":true,"href":"https:\/\/petlikepark.com\/en\/wp-json\/wp\/v2\/media\/2094"}],"wp:attachment":[{"href":"https:\/\/petlikepark.com\/en\/wp-json\/wp\/v2\/media?parent=2117"}],"wp:term":[{"taxonomy":"product_cat","embeddable":true,"href":"https:\/\/petlikepark.com\/en\/wp-json\/wp\/v2\/product_cat?post=2117"},{"taxonomy":"product_tag","embeddable":true,"href":"https:\/\/petlikepark.com\/en\/wp-json\/wp\/v2\/product_tag?post=2117"}],"curies":[{"name":"wp","href":"https:\/\/api.w.org\/{rel}","templated":true}]}}