{"id":2126,"date":"2025-07-02T06:16:54","date_gmt":"2025-07-02T06:16:54","guid":{"rendered":"https:\/\/petlikepark.com\/?post_type=product&#038;p=2126"},"modified":"2026-04-04T17:37:24","modified_gmt":"2026-04-04T17:37:24","slug":"thuc-an-hat-hoan-chinh-dog-like-cho-cho-con-vi-bo","status":"publish","type":"product","link":"https:\/\/petlikepark.com\/en\/product\/thuc-an-hat-hoan-chinh-dog-like-cho-cho-con-vi-bo\/","title":{"rendered":"Dog Like Complete Dry Food For Dogs (Beef Flavor)"},"content":{"rendered":"<p>Dog Like (Beef Flavor) is a product specifically for puppies, developed by Pet Like &#8211; the first pet food factory in Vietnam.<\/p>\n<p>With delicious beef flavor, the product provides a balanced and quality source of nutrition. Supports healthy dog \u200b\u200bdevelopment from the early stages of life.<\/p>\n<p>Outstanding uses:<\/p>\n<p>Enhance brain development: DHA combined with choline helps enhance brain development and nervous system function.<\/p>\n<p>Helps keep the heart healthy: Omega-3 fatty acids from fish oil for a healthy heart.<\/p>\n<p>Strengthen the immune system: Prebiotics, Beta-Glucan, natural antioxidants, Vitamin E and Selenium strengthen the immune system.<\/p>\n<p>Healthy digestive system: With easily digestible protein ingredients and Yucca extract to improve the digestive system and stool quality.<\/p>\n<p>Healthy Skin and Coat: Balanced Omega 3\/6 fatty acids combined with biotin ensure healthy skin and shiny coat.<\/p>\n<p>Healthy Bones and Teeth: Calcium\/Phosphorus and D3 for strong bones and healthy teeth.<\/p>\n<p>Quality Indicators:<\/p>\n<p>Crude Protein (min): 26%<br \/>\nCrude Fat (min): 10%<br \/>\nCrude Fiber (max): 5%<br \/>\nCrude Ash (max): 9%<br \/>\nMoisture (max): 10%<\/p>\n<p>Dog Like \u2013 Like Every Bite!<\/p>","protected":false},"excerpt":{"rendered":"<p>Beef flavored dry food for puppies &#8211; quality ingredients, easy-to-digest formula, balanced nutrition, suitable for Vietnamese puppies, sure to make Boss love every single grain of Dog Like.<\/p>\n","protected":false},"featured_media":2127,"comment_status":"open","ping_status":"closed","template":"","meta":[],"product_cat":[52],"product_tag":[],"yoast_head":"<!-- This site is optimized with the Yoast SEO plugin v20.2 - https:\/\/yoast.com\/wordpress\/plugins\/seo\/ -->\n<title>Dog Like Complete Dry Food For Dogs (Beef Flavor) - Pet Like Park<\/title>\n<meta name=\"robots\" content=\"index, follow, max-snippet:-1, max-image-preview:large, max-video-preview:-1\" \/>\n<link rel=\"canonical\" href=\"https:\/\/petlikepark.com\/product\/thuc-an-hat-hoan-chinh-dog-like-cho-cho-con-vi-bo\/\" \/>\n<meta property=\"og:locale\" content=\"en_US\" \/>\n<meta property=\"og:type\" content=\"article\" \/>\n<meta property=\"og:title\" content=\"[:vi]Th\u1ee9c \u0102n H\u1ea1t Ho\u00e0n Ch\u1ec9nh Dog Like Cho Cho Con (V\u1ecb B\u00f2)[:en]Dog Like Complete Dry Food For Dogs (Beef Flavor)[:] - Pet Like Park\" \/>\n<meta property=\"og:description\" content=\"[:vi]Th\u1ee9c \u0103n h\u1ea1t v\u1ecb b\u00f2 cho ch\u00f3 con \u2013 th\u00e0nh ph\u1ea7n ch\u1ea5t l\u01b0\u1ee3ng, c\u00f4ng th\u1ee9c d\u1ec5 ti\u00eau h\u00f3a, dinh d\u01b0\u1ee1ng c\u00e2n b\u1eb1ng, ph\u00f9 h\u1ee3p v\u1edbi c\u00e1c b\u00e9 c\u00fan Vi\u1ec7t Nam, ch\u1eafc ch\u1eafn khi\u1ebfn Boss y\u00eau th\u00edch say m\u00ea trong t\u1eebng h\u1ea1t Dog Like.[:en]Beef flavored dry food for puppies - quality ingredients, easy-to-digest formula, balanced nutrition, suitable for Vietnamese puppies, sure to make Boss love every single grain of Dog Like.[:]\" \/>\n<meta property=\"og:url\" content=\"https:\/\/petlikepark.com\/product\/thuc-an-hat-hoan-chinh-dog-like-cho-cho-con-vi-bo\/\" \/>\n<meta property=\"og:site_name\" content=\"Pet Like Park\" \/>\n<meta property=\"article:modified_time\" content=\"2026-04-04T17:37:24+00:00\" \/>\n<meta property=\"og:image\" content=\"https:\/\/petlikepark.com\/wp-content\/uploads\/2025\/07\/Dog-Like-Puppy-min.png\" \/>\n\t<meta property=\"og:image:width\" content=\"4000\" \/>\n\t<meta property=\"og:image:height\" content=\"4000\" \/>\n\t<meta property=\"og:image:type\" content=\"image\/png\" \/>\n<meta name=\"twitter:card\" content=\"summary_large_image\" \/>\n<meta name=\"twitter:label1\" content=\"Est. reading time\" \/>\n\t<meta name=\"twitter:data1\" content=\"1 minute\" \/>\n<script type=\"application\/ld+json\" class=\"yoast-schema-graph\">{\"@context\":\"https:\/\/schema.org\",\"@graph\":[{\"@type\":\"WebPage\",\"@id\":\"https:\/\/petlikepark.com\/product\/thuc-an-hat-hoan-chinh-dog-like-cho-cho-con-vi-bo\/\",\"url\":\"https:\/\/petlikepark.com\/product\/thuc-an-hat-hoan-chinh-dog-like-cho-cho-con-vi-bo\/\",\"name\":\"[:vi]Th\u1ee9c \u0102n H\u1ea1t Ho\u00e0n Ch\u1ec9nh Dog Like Cho Cho Con (V\u1ecb B\u00f2)[:en]Dog Like Complete Dry Food For Dogs (Beef Flavor)[:] - Pet Like Park\",\"isPartOf\":{\"@id\":\"https:\/\/petlikepark.com\/#website\"},\"datePublished\":\"2025-07-02T06:16:54+00:00\",\"dateModified\":\"2026-04-04T17:37:24+00:00\",\"breadcrumb\":{\"@id\":\"https:\/\/petlikepark.com\/product\/thuc-an-hat-hoan-chinh-dog-like-cho-cho-con-vi-bo\/#breadcrumb\"},\"inLanguage\":\"en-US\",\"potentialAction\":[{\"@type\":\"ReadAction\",\"target\":[\"https:\/\/petlikepark.com\/product\/thuc-an-hat-hoan-chinh-dog-like-cho-cho-con-vi-bo\/\"]}]},{\"@type\":\"BreadcrumbList\",\"@id\":\"https:\/\/petlikepark.com\/product\/thuc-an-hat-hoan-chinh-dog-like-cho-cho-con-vi-bo\/#breadcrumb\",\"itemListElement\":[{\"@type\":\"ListItem\",\"position\":1,\"name\":\"Home\",\"item\":\"https:\/\/petlikepark.com\/\"},{\"@type\":\"ListItem\",\"position\":2,\"name\":\"S\u1ea3n ph\u1ea9m\",\"item\":\"https:\/\/petlikepark.com\/san-pham\/\"},{\"@type\":\"ListItem\",\"position\":3,\"name\":\"Th\u1ee9c \u0102n H\u1ea1t Ho\u00e0n Ch\u1ec9nh Dog Like Cho Cho Con (V\u1ecb B\u00f2)\"}]},{\"@type\":\"WebSite\",\"@id\":\"https:\/\/petlikepark.com\/#website\",\"url\":\"https:\/\/petlikepark.com\/\",\"name\":\"Pet Like Park\",\"description\":\"\",\"publisher\":{\"@id\":\"https:\/\/petlikepark.com\/#organization\"},\"potentialAction\":[{\"@type\":\"SearchAction\",\"target\":{\"@type\":\"EntryPoint\",\"urlTemplate\":\"https:\/\/petlikepark.com\/?s={search_term_string}\"},\"query-input\":\"required name=search_term_string\"}],\"inLanguage\":\"en-US\"},{\"@type\":\"Organization\",\"@id\":\"https:\/\/petlikepark.com\/#organization\",\"name\":\"Pet Like Park\",\"url\":\"https:\/\/petlikepark.com\/\",\"logo\":{\"@type\":\"ImageObject\",\"inLanguage\":\"en-US\",\"@id\":\"https:\/\/petlikepark.com\/#\/schema\/logo\/image\/\",\"url\":\"https:\/\/petlikepark.com\/wp-content\/uploads\/2023\/12\/cropped-cropped-pet_like_park_logo-1.png\",\"contentUrl\":\"https:\/\/petlikepark.com\/wp-content\/uploads\/2023\/12\/cropped-cropped-pet_like_park_logo-1.png\",\"width\":250,\"height\":250,\"caption\":\"Pet Like Park\"},\"image\":{\"@id\":\"https:\/\/petlikepark.com\/#\/schema\/logo\/image\/\"}}]}<\/script>\n<!-- \/ Yoast SEO plugin. -->","yoast_head_json":{"title":"[:vi]Th\u1ee9c \u0102n H\u1ea1t Ho\u00e0n Ch\u1ec9nh Dog Like Cho Cho Con (V\u1ecb B\u00f2)[:en]Dog Like Complete Dry Food For Dogs (Beef Flavor)[:] - Pet Like Park","robots":{"index":"index","follow":"follow","max-snippet":"max-snippet:-1","max-image-preview":"max-image-preview:large","max-video-preview":"max-video-preview:-1"},"canonical":"https:\/\/petlikepark.com\/product\/thuc-an-hat-hoan-chinh-dog-like-cho-cho-con-vi-bo\/","og_locale":"en_US","og_type":"article","og_title":"[:vi]Th\u1ee9c \u0102n H\u1ea1t Ho\u00e0n Ch\u1ec9nh Dog Like Cho Cho Con (V\u1ecb B\u00f2)[:en]Dog Like Complete Dry Food For Dogs (Beef Flavor)[:] - Pet Like Park","og_description":"[:vi]Th\u1ee9c \u0103n h\u1ea1t v\u1ecb b\u00f2 cho ch\u00f3 con \u2013 th\u00e0nh ph\u1ea7n ch\u1ea5t l\u01b0\u1ee3ng, c\u00f4ng th\u1ee9c d\u1ec5 ti\u00eau h\u00f3a, dinh d\u01b0\u1ee1ng c\u00e2n b\u1eb1ng, ph\u00f9 h\u1ee3p v\u1edbi c\u00e1c b\u00e9 c\u00fan Vi\u1ec7t Nam, ch\u1eafc ch\u1eafn khi\u1ebfn Boss y\u00eau th\u00edch say m\u00ea trong t\u1eebng h\u1ea1t Dog Like.[:en]Beef flavored dry food for puppies - quality ingredients, easy-to-digest formula, balanced nutrition, suitable for Vietnamese puppies, sure to make Boss love every single grain of Dog Like.[:]","og_url":"https:\/\/petlikepark.com\/product\/thuc-an-hat-hoan-chinh-dog-like-cho-cho-con-vi-bo\/","og_site_name":"Pet Like Park","article_modified_time":"2026-04-04T17:37:24+00:00","og_image":[{"width":4000,"height":4000,"url":"https:\/\/petlikepark.com\/wp-content\/uploads\/2025\/07\/Dog-Like-Puppy-min.png","type":"image\/png"}],"twitter_card":"summary_large_image","twitter_misc":{"Est. reading time":"1 minute"},"schema":{"@context":"https:\/\/schema.org","@graph":[{"@type":"WebPage","@id":"https:\/\/petlikepark.com\/product\/thuc-an-hat-hoan-chinh-dog-like-cho-cho-con-vi-bo\/","url":"https:\/\/petlikepark.com\/product\/thuc-an-hat-hoan-chinh-dog-like-cho-cho-con-vi-bo\/","name":"[:vi]Th\u1ee9c \u0102n H\u1ea1t Ho\u00e0n Ch\u1ec9nh Dog Like Cho Cho Con (V\u1ecb B\u00f2)[:en]Dog Like Complete Dry Food For Dogs (Beef Flavor)[:] - Pet Like Park","isPartOf":{"@id":"https:\/\/petlikepark.com\/#website"},"datePublished":"2025-07-02T06:16:54+00:00","dateModified":"2026-04-04T17:37:24+00:00","breadcrumb":{"@id":"https:\/\/petlikepark.com\/product\/thuc-an-hat-hoan-chinh-dog-like-cho-cho-con-vi-bo\/#breadcrumb"},"inLanguage":"en-US","potentialAction":[{"@type":"ReadAction","target":["https:\/\/petlikepark.com\/product\/thuc-an-hat-hoan-chinh-dog-like-cho-cho-con-vi-bo\/"]}]},{"@type":"BreadcrumbList","@id":"https:\/\/petlikepark.com\/product\/thuc-an-hat-hoan-chinh-dog-like-cho-cho-con-vi-bo\/#breadcrumb","itemListElement":[{"@type":"ListItem","position":1,"name":"Home","item":"https:\/\/petlikepark.com\/"},{"@type":"ListItem","position":2,"name":"S\u1ea3n ph\u1ea9m","item":"https:\/\/petlikepark.com\/san-pham\/"},{"@type":"ListItem","position":3,"name":"Th\u1ee9c \u0102n H\u1ea1t Ho\u00e0n Ch\u1ec9nh Dog Like Cho Cho Con (V\u1ecb B\u00f2)"}]},{"@type":"WebSite","@id":"https:\/\/petlikepark.com\/#website","url":"https:\/\/petlikepark.com\/","name":"Pet Like Park","description":"","publisher":{"@id":"https:\/\/petlikepark.com\/#organization"},"potentialAction":[{"@type":"SearchAction","target":{"@type":"EntryPoint","urlTemplate":"https:\/\/petlikepark.com\/?s={search_term_string}"},"query-input":"required name=search_term_string"}],"inLanguage":"en-US"},{"@type":"Organization","@id":"https:\/\/petlikepark.com\/#organization","name":"Pet Like Park","url":"https:\/\/petlikepark.com\/","logo":{"@type":"ImageObject","inLanguage":"en-US","@id":"https:\/\/petlikepark.com\/#\/schema\/logo\/image\/","url":"https:\/\/petlikepark.com\/wp-content\/uploads\/2023\/12\/cropped-cropped-pet_like_park_logo-1.png","contentUrl":"https:\/\/petlikepark.com\/wp-content\/uploads\/2023\/12\/cropped-cropped-pet_like_park_logo-1.png","width":250,"height":250,"caption":"Pet Like Park"},"image":{"@id":"https:\/\/petlikepark.com\/#\/schema\/logo\/image\/"}}]}},"_links":{"self":[{"href":"https:\/\/petlikepark.com\/en\/wp-json\/wp\/v2\/product\/2126"}],"collection":[{"href":"https:\/\/petlikepark.com\/en\/wp-json\/wp\/v2\/product"}],"about":[{"href":"https:\/\/petlikepark.com\/en\/wp-json\/wp\/v2\/types\/product"}],"replies":[{"embeddable":true,"href":"https:\/\/petlikepark.com\/en\/wp-json\/wp\/v2\/comments?post=2126"}],"wp:featuredmedia":[{"embeddable":true,"href":"https:\/\/petlikepark.com\/en\/wp-json\/wp\/v2\/media\/2127"}],"wp:attachment":[{"href":"https:\/\/petlikepark.com\/en\/wp-json\/wp\/v2\/media?parent=2126"}],"wp:term":[{"taxonomy":"product_cat","embeddable":true,"href":"https:\/\/petlikepark.com\/en\/wp-json\/wp\/v2\/product_cat?post=2126"},{"taxonomy":"product_tag","embeddable":true,"href":"https:\/\/petlikepark.com\/en\/wp-json\/wp\/v2\/product_tag?post=2126"}],"curies":[{"name":"wp","href":"https:\/\/api.w.org\/{rel}","templated":true}]}}