{"id":348,"date":"2023-08-24T03:17:11","date_gmt":"2023-08-24T03:17:11","guid":{"rendered":"https:\/\/petlikepark.com\/?post_type=product&#038;p=348"},"modified":"2024-12-10T08:55:16","modified_gmt":"2024-12-10T08:55:16","slug":"english-duolight-cat","status":"publish","type":"product","link":"https:\/\/petlikepark.com\/en\/product\/english-duolight-cat\/","title":{"rendered":"Duolight Cat Dry Food 1.5kg"},"content":{"rendered":"<p><img loading=\"lazy\" decoding=\"async\" class=\"alignnone size-full wp-image-359\" src=\"https:\/\/petlikepark.com\/wp-content\/uploads\/2023\/08\/Hairball_management__800_x_800_px___1_-removebg-preview-1.png\" alt=\"\" width=\"500\" height=\"500\" srcset=\"https:\/\/petlikepark.com\/wp-content\/uploads\/2023\/08\/Hairball_management__800_x_800_px___1_-removebg-preview-1.png 500w, https:\/\/petlikepark.com\/wp-content\/uploads\/2023\/08\/Hairball_management__800_x_800_px___1_-removebg-preview-1-300x300.png 300w, https:\/\/petlikepark.com\/wp-content\/uploads\/2023\/08\/Hairball_management__800_x_800_px___1_-removebg-preview-1-150x150.png 150w, https:\/\/petlikepark.com\/wp-content\/uploads\/2023\/08\/Hairball_management__800_x_800_px___1_-removebg-preview-1-100x100.png 100w, https:\/\/petlikepark.com\/wp-content\/uploads\/2023\/08\/Hairball_management__800_x_800_px___1_-removebg-preview-1-400x400.png 400w\" sizes=\"(max-width: 500px) 100vw, 500px\" \/><\/p>\n<p><span style=\"font-family: arial, helvetica, sans-serif; font-size: 12pt;\">The name \u201cDuolight\u201d is made by combining Dou and Delight. \u201cDuo\u201d means you and your lovely pet both, and \u201cdelight\u201d means a happy moment. With Duolight, mealtime will be a happy moment for you and your pet.<\/span><\/p>\n<p><span style=\"font-family: arial, helvetica, sans-serif; font-size: 12pt;\"><strong>INGREDIENTS:<\/strong><\/span><\/p>\n<p><span style=\"font-family: arial, helvetica, sans-serif; font-size: 12pt;\">Animal protein mix (chicken, salmon, pork), corn, corn gluten, wheat flour, chicken oil, beet pulp, hydrolyzed flavor, monocalcium phosphate, calcium carbonate, lysine sulfate, cellulose, DL-methionine, salt, potassium chloride, choline chloride, taurine, citric acid, vitamin mix (vitamin A, vitamin B complex, vitamin D, vitamin K, biotin, folic acid, etc.), mineral mix (Zn, Cu, Fe, Selenium, etc.), yucca extract, vegetable mix.<\/span><\/p>\n<p><span style=\"font-family: arial, helvetica, sans-serif; font-size: 12pt;\"><strong>BENEFITS:\u00a0<\/strong><\/span><\/p>\n<ul>\n<li><span style=\"font-family: arial, helvetica, sans-serif; font-size: 12pt;\">With enthusiasm and experience from Korean veterinarians and nutritionists, Duolight Cat is carefully formulated with modern production lines that meet HACCP standards to ensure a full supply of nutrients. Essential for cats, especially essential amino acids for the cat&#8217;s body through animal protein sources (chicken, salmon, pork) and prebiotics found in vegetables to help keep the digestive system healthy.<\/span><\/li>\n<li><span style=\"font-family: arial, helvetica, sans-serif; font-size: 12pt;\">Provides omega 3 and 6, essential amino acids, with a balanced diet for healthy skin and shiny coat.<\/span><\/li>\n<li><span style=\"font-family: arial, helvetica, sans-serif; font-size: 12pt;\">Provides taurine, vitamin A, and zinc to help protect eyes from oxidative stress, keeping eyes healthy.<\/span><\/li>\n<li><span style=\"font-family: arial, helvetica, sans-serif; font-size: 12pt;\">Provides cellulose and beet pulp to improve intestinal motility in cats, helping to control and eliminate hairballs in the stomach.<\/span><\/li>\n<li><span style=\"font-family: arial, helvetica, sans-serif; font-size: 12pt;\">Provides antioxidants such as vitamin E and essential minerals to keep the urinary tract healthy.<\/span><\/li>\n<\/ul>\n<p><span style=\"font-family: arial, helvetica, sans-serif; font-size: 12pt;\"><strong>ANALYTICAL CONSTITUENTS:<\/strong><\/span><\/p>\n<ul>\n<li><span style=\"font-family: arial, helvetica, sans-serif; font-size: 12pt;\">Crude Protein (min) 32%<\/span><\/li>\n<li><span style=\"font-family: arial, helvetica, sans-serif; font-size: 12pt;\">Crude Fat (min) 12%<\/span><\/li>\n<li><span style=\"font-family: arial, helvetica, sans-serif; font-size: 12pt;\">Crude Fiber (max) 4%<\/span><\/li>\n<li><span style=\"font-family: arial, helvetica, sans-serif; font-size: 12pt;\">Crude Ash (max) 9%<\/span><\/li>\n<li><span style=\"font-family: arial, helvetica, sans-serif; font-size: 12pt;\">Moisture (max) 12%<\/span><\/li>\n<\/ul>\n<p><\/p>","protected":false},"excerpt":{"rendered":"<div class=\"xdj266r x11i5rnm xat24cr x1mh8g0r x1vvkbs x126k92a\">\n<div dir=\"auto\">\n<ul>\n<li><span style=\"font-family: arial, helvetica, sans-serif; font-size: 12pt;\"><strong>Age range:\u00a0<\/strong>all stage<\/span><\/li>\n<li><span style=\"font-family: arial, helvetica, sans-serif; font-size: 12pt;\"><strong>Made in<\/strong> Korea<\/span><\/li>\n<li><span style=\"font-family: arial, helvetica, sans-serif; font-size: 12pt;\"><strong>Brand:<\/strong> Gbiotech<\/span><\/li>\n<li><span style=\"font-family: arial, helvetica, sans-serif; font-size: 12pt;\"><strong>Shelf life:<\/strong>\u00a018 months<\/span><\/li>\n<\/ul>\n<\/div>\n<\/div>\n","protected":false},"featured_media":359,"comment_status":"open","ping_status":"closed","template":"","meta":[],"product_cat":[21,23,48],"product_tag":[],"yoast_head":"<!-- This site is optimized with the Yoast SEO plugin v20.2 - https:\/\/yoast.com\/wordpress\/plugins\/seo\/ -->\n<title>Duolight Cat Dry Food 1.5kg - Pet Like Park<\/title>\n<meta name=\"robots\" content=\"index, follow, max-snippet:-1, max-image-preview:large, max-video-preview:-1\" \/>\n<link rel=\"canonical\" href=\"https:\/\/petlikepark.com\/product\/english-duolight-cat\/\" \/>\n<meta property=\"og:locale\" content=\"en_US\" \/>\n<meta property=\"og:type\" content=\"article\" \/>\n<meta property=\"og:title\" content=\"[:vi]Th\u1ee9c \u0103n kh\u00f4 cho m\u00e8o Duolight Cat 1.5kg[:en]Duolight Cat Dry Food 1.5kg[:] - Pet Like Park\" \/>\n<meta property=\"og:description\" content=\"[:vi]  \u0110\u1ed1i t\u01b0\u1ee3ng s\u1eed d\u1ee5ng:\u00a0d\u00e0nh cho m\u00e8o m\u1ecdi l\u1ee9a tu\u1ed5i  Xu\u1ea5t x\u1ee9:\u00a0H\u00e0n Qu\u1ed1c  Th\u01b0\u01a1ng hi\u1ec7u: Gbiotech  H\u1ea1n s\u1eed d\u1ee5ng:\u00a018 th\u00e1ng [:en]    Age range:\u00a0all stage  Made in Korea  Brand: Gbiotech  Shelf life:\u00a018 months   [:]\" \/>\n<meta property=\"og:url\" content=\"https:\/\/petlikepark.com\/product\/english-duolight-cat\/\" \/>\n<meta property=\"og:site_name\" content=\"Pet Like Park\" \/>\n<meta property=\"article:modified_time\" content=\"2024-12-10T08:55:16+00:00\" \/>\n<meta property=\"og:image\" content=\"https:\/\/petlikepark.com\/wp-content\/uploads\/2023\/08\/Hairball_management__800_x_800_px___1_-removebg-preview-1.png\" \/>\n\t<meta property=\"og:image:width\" content=\"500\" \/>\n\t<meta property=\"og:image:height\" content=\"500\" \/>\n\t<meta property=\"og:image:type\" content=\"image\/png\" \/>\n<meta name=\"twitter:card\" content=\"summary_large_image\" \/>\n<meta name=\"twitter:label1\" content=\"Est. reading time\" \/>\n\t<meta name=\"twitter:data1\" content=\"2 minutes\" \/>\n<script type=\"application\/ld+json\" class=\"yoast-schema-graph\">{\"@context\":\"https:\/\/schema.org\",\"@graph\":[{\"@type\":\"WebPage\",\"@id\":\"https:\/\/petlikepark.com\/product\/english-duolight-cat\/\",\"url\":\"https:\/\/petlikepark.com\/product\/english-duolight-cat\/\",\"name\":\"[:vi]Th\u1ee9c \u0103n kh\u00f4 cho m\u00e8o Duolight Cat 1.5kg[:en]Duolight Cat Dry Food 1.5kg[:] - Pet Like Park\",\"isPartOf\":{\"@id\":\"https:\/\/petlikepark.com\/#website\"},\"datePublished\":\"2023-08-24T03:17:11+00:00\",\"dateModified\":\"2024-12-10T08:55:16+00:00\",\"breadcrumb\":{\"@id\":\"https:\/\/petlikepark.com\/product\/english-duolight-cat\/#breadcrumb\"},\"inLanguage\":\"en-US\",\"potentialAction\":[{\"@type\":\"ReadAction\",\"target\":[\"https:\/\/petlikepark.com\/product\/english-duolight-cat\/\"]}]},{\"@type\":\"BreadcrumbList\",\"@id\":\"https:\/\/petlikepark.com\/product\/english-duolight-cat\/#breadcrumb\",\"itemListElement\":[{\"@type\":\"ListItem\",\"position\":1,\"name\":\"Home\",\"item\":\"https:\/\/petlikepark.com\/\"},{\"@type\":\"ListItem\",\"position\":2,\"name\":\"S\u1ea3n ph\u1ea9m\",\"item\":\"https:\/\/petlikepark.com\/san-pham\/\"},{\"@type\":\"ListItem\",\"position\":3,\"name\":\"Th\u1ee9c \u0103n kh\u00f4 cho m\u00e8o Duolight Cat 1.5kg\"}]},{\"@type\":\"WebSite\",\"@id\":\"https:\/\/petlikepark.com\/#website\",\"url\":\"https:\/\/petlikepark.com\/\",\"name\":\"Pet Like Park\",\"description\":\"\",\"publisher\":{\"@id\":\"https:\/\/petlikepark.com\/#organization\"},\"potentialAction\":[{\"@type\":\"SearchAction\",\"target\":{\"@type\":\"EntryPoint\",\"urlTemplate\":\"https:\/\/petlikepark.com\/?s={search_term_string}\"},\"query-input\":\"required name=search_term_string\"}],\"inLanguage\":\"en-US\"},{\"@type\":\"Organization\",\"@id\":\"https:\/\/petlikepark.com\/#organization\",\"name\":\"Pet Like Park\",\"url\":\"https:\/\/petlikepark.com\/\",\"logo\":{\"@type\":\"ImageObject\",\"inLanguage\":\"en-US\",\"@id\":\"https:\/\/petlikepark.com\/#\/schema\/logo\/image\/\",\"url\":\"https:\/\/petlikepark.com\/wp-content\/uploads\/2023\/12\/cropped-cropped-pet_like_park_logo-1.png\",\"contentUrl\":\"https:\/\/petlikepark.com\/wp-content\/uploads\/2023\/12\/cropped-cropped-pet_like_park_logo-1.png\",\"width\":250,\"height\":250,\"caption\":\"Pet Like Park\"},\"image\":{\"@id\":\"https:\/\/petlikepark.com\/#\/schema\/logo\/image\/\"}}]}<\/script>\n<!-- \/ Yoast SEO plugin. -->","yoast_head_json":{"title":"[:vi]Th\u1ee9c \u0103n kh\u00f4 cho m\u00e8o Duolight Cat 1.5kg[:en]Duolight Cat Dry Food 1.5kg[:] - Pet Like Park","robots":{"index":"index","follow":"follow","max-snippet":"max-snippet:-1","max-image-preview":"max-image-preview:large","max-video-preview":"max-video-preview:-1"},"canonical":"https:\/\/petlikepark.com\/product\/english-duolight-cat\/","og_locale":"en_US","og_type":"article","og_title":"[:vi]Th\u1ee9c \u0103n kh\u00f4 cho m\u00e8o Duolight Cat 1.5kg[:en]Duolight Cat Dry Food 1.5kg[:] - Pet Like Park","og_description":"[:vi]  \u0110\u1ed1i t\u01b0\u1ee3ng s\u1eed d\u1ee5ng:\u00a0d\u00e0nh cho m\u00e8o m\u1ecdi l\u1ee9a tu\u1ed5i  Xu\u1ea5t x\u1ee9:\u00a0H\u00e0n Qu\u1ed1c  Th\u01b0\u01a1ng hi\u1ec7u: Gbiotech  H\u1ea1n s\u1eed d\u1ee5ng:\u00a018 th\u00e1ng [:en]    Age range:\u00a0all stage  Made in Korea  Brand: Gbiotech  Shelf life:\u00a018 months   [:]","og_url":"https:\/\/petlikepark.com\/product\/english-duolight-cat\/","og_site_name":"Pet Like Park","article_modified_time":"2024-12-10T08:55:16+00:00","og_image":[{"width":500,"height":500,"url":"https:\/\/petlikepark.com\/wp-content\/uploads\/2023\/08\/Hairball_management__800_x_800_px___1_-removebg-preview-1.png","type":"image\/png"}],"twitter_card":"summary_large_image","twitter_misc":{"Est. reading time":"2 minutes"},"schema":{"@context":"https:\/\/schema.org","@graph":[{"@type":"WebPage","@id":"https:\/\/petlikepark.com\/product\/english-duolight-cat\/","url":"https:\/\/petlikepark.com\/product\/english-duolight-cat\/","name":"[:vi]Th\u1ee9c \u0103n kh\u00f4 cho m\u00e8o Duolight Cat 1.5kg[:en]Duolight Cat Dry Food 1.5kg[:] - Pet Like Park","isPartOf":{"@id":"https:\/\/petlikepark.com\/#website"},"datePublished":"2023-08-24T03:17:11+00:00","dateModified":"2024-12-10T08:55:16+00:00","breadcrumb":{"@id":"https:\/\/petlikepark.com\/product\/english-duolight-cat\/#breadcrumb"},"inLanguage":"en-US","potentialAction":[{"@type":"ReadAction","target":["https:\/\/petlikepark.com\/product\/english-duolight-cat\/"]}]},{"@type":"BreadcrumbList","@id":"https:\/\/petlikepark.com\/product\/english-duolight-cat\/#breadcrumb","itemListElement":[{"@type":"ListItem","position":1,"name":"Home","item":"https:\/\/petlikepark.com\/"},{"@type":"ListItem","position":2,"name":"S\u1ea3n ph\u1ea9m","item":"https:\/\/petlikepark.com\/san-pham\/"},{"@type":"ListItem","position":3,"name":"Th\u1ee9c \u0103n kh\u00f4 cho m\u00e8o Duolight Cat 1.5kg"}]},{"@type":"WebSite","@id":"https:\/\/petlikepark.com\/#website","url":"https:\/\/petlikepark.com\/","name":"Pet Like Park","description":"","publisher":{"@id":"https:\/\/petlikepark.com\/#organization"},"potentialAction":[{"@type":"SearchAction","target":{"@type":"EntryPoint","urlTemplate":"https:\/\/petlikepark.com\/?s={search_term_string}"},"query-input":"required name=search_term_string"}],"inLanguage":"en-US"},{"@type":"Organization","@id":"https:\/\/petlikepark.com\/#organization","name":"Pet Like Park","url":"https:\/\/petlikepark.com\/","logo":{"@type":"ImageObject","inLanguage":"en-US","@id":"https:\/\/petlikepark.com\/#\/schema\/logo\/image\/","url":"https:\/\/petlikepark.com\/wp-content\/uploads\/2023\/12\/cropped-cropped-pet_like_park_logo-1.png","contentUrl":"https:\/\/petlikepark.com\/wp-content\/uploads\/2023\/12\/cropped-cropped-pet_like_park_logo-1.png","width":250,"height":250,"caption":"Pet Like Park"},"image":{"@id":"https:\/\/petlikepark.com\/#\/schema\/logo\/image\/"}}]}},"_links":{"self":[{"href":"https:\/\/petlikepark.com\/en\/wp-json\/wp\/v2\/product\/348"}],"collection":[{"href":"https:\/\/petlikepark.com\/en\/wp-json\/wp\/v2\/product"}],"about":[{"href":"https:\/\/petlikepark.com\/en\/wp-json\/wp\/v2\/types\/product"}],"replies":[{"embeddable":true,"href":"https:\/\/petlikepark.com\/en\/wp-json\/wp\/v2\/comments?post=348"}],"wp:featuredmedia":[{"embeddable":true,"href":"https:\/\/petlikepark.com\/en\/wp-json\/wp\/v2\/media\/359"}],"wp:attachment":[{"href":"https:\/\/petlikepark.com\/en\/wp-json\/wp\/v2\/media?parent=348"}],"wp:term":[{"taxonomy":"product_cat","embeddable":true,"href":"https:\/\/petlikepark.com\/en\/wp-json\/wp\/v2\/product_cat?post=348"},{"taxonomy":"product_tag","embeddable":true,"href":"https:\/\/petlikepark.com\/en\/wp-json\/wp\/v2\/product_tag?post=348"}],"curies":[{"name":"wp","href":"https:\/\/api.w.org\/{rel}","templated":true}]}}