{"id":517,"date":"2023-09-08T08:30:52","date_gmt":"2023-09-08T08:30:52","guid":{"rendered":"https:\/\/petlikepark.com\/?post_type=product&#038;p=517"},"modified":"2023-09-29T04:37:12","modified_gmt":"2023-09-29T04:37:12","slug":"thuc-an-hat-mem-cho-gia-zenith-senior","status":"publish","type":"product","link":"https:\/\/petlikepark.com\/en\/product\/thuc-an-hat-mem-cho-gia-zenith-senior\/","title":{"rendered":"ZENITH SOFT GRAIN FREE DOG FOOD FOR SENIORS"},"content":{"rendered":"<p><img loading=\"lazy\" decoding=\"async\" class=\"alignnone size-full wp-image-516\" src=\"https:\/\/petlikepark.com\/wp-content\/uploads\/2023\/09\/Sta-3.png\" alt=\"\" width=\"1000\" height=\"1000\" srcset=\"https:\/\/petlikepark.com\/wp-content\/uploads\/2023\/09\/Sta-3.png 1000w, https:\/\/petlikepark.com\/wp-content\/uploads\/2023\/09\/Sta-3-300x300.png 300w, https:\/\/petlikepark.com\/wp-content\/uploads\/2023\/09\/Sta-3-150x150.png 150w, https:\/\/petlikepark.com\/wp-content\/uploads\/2023\/09\/Sta-3-768x768.png 768w, https:\/\/petlikepark.com\/wp-content\/uploads\/2023\/09\/Sta-3-100x100.png 100w, https:\/\/petlikepark.com\/wp-content\/uploads\/2023\/09\/Sta-3-400x400.png 400w, https:\/\/petlikepark.com\/wp-content\/uploads\/2023\/09\/Sta-3-600x600.png 600w\" sizes=\"(max-width: 767px) 89vw, (max-width: 1000px) 54vw, (max-width: 1071px) 543px, 580px\" \/><\/p>\n<p><span style=\"font-family: arial, helvetica, sans-serif; font-size: 12pt;\"><strong>BENEFITS:<\/strong><\/span><\/p>\n<p><span style=\"font-family: arial, helvetica, sans-serif; font-size: 12pt;\">Zenith Soft Grain Dog Food For Seniors is made from pure fresh lamb which is rich in protein. Zenith soft kibbles help prevent diseases and supplement micronutrients, antioxidants, prevent aging, and increase the lifespan of dogs.<\/span><\/p>\n<ul>\n<li><span style=\"font-family: arial, helvetica, sans-serif; font-size: 12pt;\"><strong>Grain-Free<\/strong>: completely free of grains, wheat, rice, helps improve allergies in dogs.<\/span><\/li>\n<li><span style=\"font-family: arial, helvetica, sans-serif; font-size: 12pt;\">Contains<strong> \u03b2-glucan<\/strong> and <strong>coconut<\/strong> to help keep the digestive system healthy, increase nutrient absorption and improve your dog&#8217;s immunity.<\/span><\/li>\n<li><span style=\"font-family: arial, helvetica, sans-serif; font-size: 12pt;\"><strong>Boneless Chicken<\/strong>,\u00a0<strong>Lamb<\/strong>,\u00a0<strong>Chondroitin<\/strong>\u00a0and\u00a0<strong>Glucosamine<\/strong>\u00a0help provide rich nutrition and develop strong bones.<\/span><\/li>\n<\/ul>\n<p><span style=\"font-family: arial, helvetica, sans-serif; font-size: 12pt;\"><strong>INGREDIENT:<\/strong><\/span><\/p>\n<p><span style=\"font-family: arial, helvetica, sans-serif; font-size: 12pt;\">Lamb, chicken meal, potato, wheat starch, emulsifier, chicken oil, salmon oil, beta-glucan, coconut powder, calcium carbonate, chondroitin, glucosamine, Yuca extract, L-Carnitine, lysine, Levan fiber, vitamin and mineral blend, potassium sorbate, acidity regulator, red (natural color).<\/span><\/p>\n<p><span style=\"font-family: arial, helvetica, sans-serif; font-size: 12pt;\"><strong>ANALYTICAL CONSTITUENTS:<\/strong><\/span><\/p>\n<ul>\n<li><span style=\"font-family: arial, helvetica, sans-serif; font-size: 12pt;\">Crude protein: (minimum) 22%<\/span><\/li>\n<li><span style=\"font-family: arial, helvetica, sans-serif; font-size: 12pt;\">Crude fat: (minimum) 9%<\/span><\/li>\n<li><span style=\"font-family: arial, helvetica, sans-serif; font-size: 12pt;\">Crude fiber: (maximum) 10%<\/span><\/li>\n<li><span style=\"font-family: arial, helvetica, sans-serif; font-size: 12pt;\">Crude ash: (maximum) 8%<\/span><\/li>\n<li><span style=\"font-family: arial, helvetica, sans-serif; font-size: 12pt;\">Moisture: (max) 23%<\/span><\/li>\n<\/ul>\n<p><\/p>","protected":false},"excerpt":{"rendered":"<ul>\n<li><span style=\"font-family: arial, helvetica, sans-serif; font-size: 12pt;\"><strong>Age range: <\/strong>senior dogs<\/span><\/li>\n<li><span style=\"font-family: arial, helvetica, sans-serif; font-size: 12pt;\"><strong>Made in<\/strong>\u00a0Korea<\/span><\/li>\n<li><span style=\"font-family: arial, helvetica, sans-serif; font-size: 12pt;\"><strong>Brand:<\/strong>\u00a0Zenith<\/span><\/li>\n<li><span style=\"font-family: arial, helvetica, sans-serif; font-size: 12pt;\"><strong>Shelf life:<\/strong>\u00a018 months<\/span><\/li>\n<\/ul>\n","protected":false},"featured_media":516,"comment_status":"open","ping_status":"closed","template":"","meta":[],"product_cat":[21,23,52],"product_tag":[],"yoast_head":"<!-- This site is optimized with the Yoast SEO plugin v20.2 - https:\/\/yoast.com\/wordpress\/plugins\/seo\/ -->\n<title>ZENITH SOFT GRAIN FREE DOG FOOD FOR SENIORS - Pet Like Park<\/title>\n<meta name=\"robots\" content=\"index, follow, max-snippet:-1, max-image-preview:large, max-video-preview:-1\" \/>\n<link rel=\"canonical\" href=\"https:\/\/petlikepark.com\/product\/thuc-an-hat-mem-cho-gia-zenith-senior\/\" \/>\n<meta property=\"og:locale\" content=\"en_US\" \/>\n<meta property=\"og:type\" content=\"article\" \/>\n<meta property=\"og:title\" content=\"[:vi] TH\u1ee8C \u0102N H\u1ea0T M\u1ec0M CH\u00d3 GI\u00c0 ZENITH SENIOR[:en]ZENITH SOFT GRAIN FREE DOG FOOD FOR SENIORS[:] - Pet Like Park\" \/>\n<meta property=\"og:description\" content=\"[:vi]  \u0110\u1ed1i t\u01b0\u1ee3ng s\u1eed d\u1ee5ng: ch\u00f3 gi\u00e0  Xu\u1ea5t x\u1ee9:\u00a0H\u00e0n Qu\u1ed1c  Th\u01b0\u01a1ng hi\u1ec7u:\u00a0Zenith  H\u1ea1n s\u1eed d\u1ee5ng:\u00a018 th\u00e1ng [:en]  Age range: senior dogs  Made in\u00a0Korea  Brand:\u00a0Zenith  Shelf life:\u00a018 months [:]\" \/>\n<meta property=\"og:url\" content=\"https:\/\/petlikepark.com\/product\/thuc-an-hat-mem-cho-gia-zenith-senior\/\" \/>\n<meta property=\"og:site_name\" content=\"Pet Like Park\" \/>\n<meta property=\"article:modified_time\" content=\"2023-09-29T04:37:12+00:00\" \/>\n<meta property=\"og:image\" content=\"https:\/\/petlikepark.com\/wp-content\/uploads\/2023\/09\/Sta-3.png\" \/>\n\t<meta property=\"og:image:width\" content=\"1000\" \/>\n\t<meta property=\"og:image:height\" content=\"1000\" \/>\n\t<meta property=\"og:image:type\" content=\"image\/png\" \/>\n<meta name=\"twitter:card\" content=\"summary_large_image\" \/>\n<meta name=\"twitter:label1\" content=\"Est. reading time\" \/>\n\t<meta name=\"twitter:data1\" content=\"2 minutes\" \/>\n<script type=\"application\/ld+json\" class=\"yoast-schema-graph\">{\"@context\":\"https:\/\/schema.org\",\"@graph\":[{\"@type\":\"WebPage\",\"@id\":\"https:\/\/petlikepark.com\/product\/thuc-an-hat-mem-cho-gia-zenith-senior\/\",\"url\":\"https:\/\/petlikepark.com\/product\/thuc-an-hat-mem-cho-gia-zenith-senior\/\",\"name\":\"[:vi] TH\u1ee8C \u0102N H\u1ea0T M\u1ec0M CH\u00d3 GI\u00c0 ZENITH SENIOR[:en]ZENITH SOFT GRAIN FREE DOG FOOD FOR SENIORS[:] - Pet Like Park\",\"isPartOf\":{\"@id\":\"https:\/\/petlikepark.com\/#website\"},\"datePublished\":\"2023-09-08T08:30:52+00:00\",\"dateModified\":\"2023-09-29T04:37:12+00:00\",\"breadcrumb\":{\"@id\":\"https:\/\/petlikepark.com\/product\/thuc-an-hat-mem-cho-gia-zenith-senior\/#breadcrumb\"},\"inLanguage\":\"en-US\",\"potentialAction\":[{\"@type\":\"ReadAction\",\"target\":[\"https:\/\/petlikepark.com\/product\/thuc-an-hat-mem-cho-gia-zenith-senior\/\"]}]},{\"@type\":\"BreadcrumbList\",\"@id\":\"https:\/\/petlikepark.com\/product\/thuc-an-hat-mem-cho-gia-zenith-senior\/#breadcrumb\",\"itemListElement\":[{\"@type\":\"ListItem\",\"position\":1,\"name\":\"Home\",\"item\":\"https:\/\/petlikepark.com\/\"},{\"@type\":\"ListItem\",\"position\":2,\"name\":\"S\u1ea3n ph\u1ea9m\",\"item\":\"https:\/\/petlikepark.com\/san-pham\/\"},{\"@type\":\"ListItem\",\"position\":3,\"name\":\"TH\u1ee8C \u0102N H\u1ea0T M\u1ec0M CH\u00d3 GI\u00c0 ZENITH SENIOR\"}]},{\"@type\":\"WebSite\",\"@id\":\"https:\/\/petlikepark.com\/#website\",\"url\":\"https:\/\/petlikepark.com\/\",\"name\":\"Pet Like Park\",\"description\":\"\",\"publisher\":{\"@id\":\"https:\/\/petlikepark.com\/#organization\"},\"potentialAction\":[{\"@type\":\"SearchAction\",\"target\":{\"@type\":\"EntryPoint\",\"urlTemplate\":\"https:\/\/petlikepark.com\/?s={search_term_string}\"},\"query-input\":\"required name=search_term_string\"}],\"inLanguage\":\"en-US\"},{\"@type\":\"Organization\",\"@id\":\"https:\/\/petlikepark.com\/#organization\",\"name\":\"Pet Like Park\",\"url\":\"https:\/\/petlikepark.com\/\",\"logo\":{\"@type\":\"ImageObject\",\"inLanguage\":\"en-US\",\"@id\":\"https:\/\/petlikepark.com\/#\/schema\/logo\/image\/\",\"url\":\"https:\/\/petlikepark.com\/wp-content\/uploads\/2023\/12\/cropped-cropped-pet_like_park_logo-1.png\",\"contentUrl\":\"https:\/\/petlikepark.com\/wp-content\/uploads\/2023\/12\/cropped-cropped-pet_like_park_logo-1.png\",\"width\":250,\"height\":250,\"caption\":\"Pet Like Park\"},\"image\":{\"@id\":\"https:\/\/petlikepark.com\/#\/schema\/logo\/image\/\"}}]}<\/script>\n<!-- \/ Yoast SEO plugin. -->","yoast_head_json":{"title":"[:vi] TH\u1ee8C \u0102N H\u1ea0T M\u1ec0M CH\u00d3 GI\u00c0 ZENITH SENIOR[:en]ZENITH SOFT GRAIN FREE DOG FOOD FOR SENIORS[:] - Pet Like Park","robots":{"index":"index","follow":"follow","max-snippet":"max-snippet:-1","max-image-preview":"max-image-preview:large","max-video-preview":"max-video-preview:-1"},"canonical":"https:\/\/petlikepark.com\/product\/thuc-an-hat-mem-cho-gia-zenith-senior\/","og_locale":"en_US","og_type":"article","og_title":"[:vi] TH\u1ee8C \u0102N H\u1ea0T M\u1ec0M CH\u00d3 GI\u00c0 ZENITH SENIOR[:en]ZENITH SOFT GRAIN FREE DOG FOOD FOR SENIORS[:] - Pet Like Park","og_description":"[:vi]  \u0110\u1ed1i t\u01b0\u1ee3ng s\u1eed d\u1ee5ng: ch\u00f3 gi\u00e0  Xu\u1ea5t x\u1ee9:\u00a0H\u00e0n Qu\u1ed1c  Th\u01b0\u01a1ng hi\u1ec7u:\u00a0Zenith  H\u1ea1n s\u1eed d\u1ee5ng:\u00a018 th\u00e1ng [:en]  Age range: senior dogs  Made in\u00a0Korea  Brand:\u00a0Zenith  Shelf life:\u00a018 months [:]","og_url":"https:\/\/petlikepark.com\/product\/thuc-an-hat-mem-cho-gia-zenith-senior\/","og_site_name":"Pet Like Park","article_modified_time":"2023-09-29T04:37:12+00:00","og_image":[{"width":1000,"height":1000,"url":"https:\/\/petlikepark.com\/wp-content\/uploads\/2023\/09\/Sta-3.png","type":"image\/png"}],"twitter_card":"summary_large_image","twitter_misc":{"Est. reading time":"2 minutes"},"schema":{"@context":"https:\/\/schema.org","@graph":[{"@type":"WebPage","@id":"https:\/\/petlikepark.com\/product\/thuc-an-hat-mem-cho-gia-zenith-senior\/","url":"https:\/\/petlikepark.com\/product\/thuc-an-hat-mem-cho-gia-zenith-senior\/","name":"[:vi] TH\u1ee8C \u0102N H\u1ea0T M\u1ec0M CH\u00d3 GI\u00c0 ZENITH SENIOR[:en]ZENITH SOFT GRAIN FREE DOG FOOD FOR SENIORS[:] - Pet Like Park","isPartOf":{"@id":"https:\/\/petlikepark.com\/#website"},"datePublished":"2023-09-08T08:30:52+00:00","dateModified":"2023-09-29T04:37:12+00:00","breadcrumb":{"@id":"https:\/\/petlikepark.com\/product\/thuc-an-hat-mem-cho-gia-zenith-senior\/#breadcrumb"},"inLanguage":"en-US","potentialAction":[{"@type":"ReadAction","target":["https:\/\/petlikepark.com\/product\/thuc-an-hat-mem-cho-gia-zenith-senior\/"]}]},{"@type":"BreadcrumbList","@id":"https:\/\/petlikepark.com\/product\/thuc-an-hat-mem-cho-gia-zenith-senior\/#breadcrumb","itemListElement":[{"@type":"ListItem","position":1,"name":"Home","item":"https:\/\/petlikepark.com\/"},{"@type":"ListItem","position":2,"name":"S\u1ea3n ph\u1ea9m","item":"https:\/\/petlikepark.com\/san-pham\/"},{"@type":"ListItem","position":3,"name":"TH\u1ee8C \u0102N H\u1ea0T M\u1ec0M CH\u00d3 GI\u00c0 ZENITH SENIOR"}]},{"@type":"WebSite","@id":"https:\/\/petlikepark.com\/#website","url":"https:\/\/petlikepark.com\/","name":"Pet Like Park","description":"","publisher":{"@id":"https:\/\/petlikepark.com\/#organization"},"potentialAction":[{"@type":"SearchAction","target":{"@type":"EntryPoint","urlTemplate":"https:\/\/petlikepark.com\/?s={search_term_string}"},"query-input":"required name=search_term_string"}],"inLanguage":"en-US"},{"@type":"Organization","@id":"https:\/\/petlikepark.com\/#organization","name":"Pet Like Park","url":"https:\/\/petlikepark.com\/","logo":{"@type":"ImageObject","inLanguage":"en-US","@id":"https:\/\/petlikepark.com\/#\/schema\/logo\/image\/","url":"https:\/\/petlikepark.com\/wp-content\/uploads\/2023\/12\/cropped-cropped-pet_like_park_logo-1.png","contentUrl":"https:\/\/petlikepark.com\/wp-content\/uploads\/2023\/12\/cropped-cropped-pet_like_park_logo-1.png","width":250,"height":250,"caption":"Pet Like Park"},"image":{"@id":"https:\/\/petlikepark.com\/#\/schema\/logo\/image\/"}}]}},"_links":{"self":[{"href":"https:\/\/petlikepark.com\/en\/wp-json\/wp\/v2\/product\/517"}],"collection":[{"href":"https:\/\/petlikepark.com\/en\/wp-json\/wp\/v2\/product"}],"about":[{"href":"https:\/\/petlikepark.com\/en\/wp-json\/wp\/v2\/types\/product"}],"replies":[{"embeddable":true,"href":"https:\/\/petlikepark.com\/en\/wp-json\/wp\/v2\/comments?post=517"}],"wp:featuredmedia":[{"embeddable":true,"href":"https:\/\/petlikepark.com\/en\/wp-json\/wp\/v2\/media\/516"}],"wp:attachment":[{"href":"https:\/\/petlikepark.com\/en\/wp-json\/wp\/v2\/media?parent=517"}],"wp:term":[{"taxonomy":"product_cat","embeddable":true,"href":"https:\/\/petlikepark.com\/en\/wp-json\/wp\/v2\/product_cat?post=517"},{"taxonomy":"product_tag","embeddable":true,"href":"https:\/\/petlikepark.com\/en\/wp-json\/wp\/v2\/product_tag?post=517"}],"curies":[{"name":"wp","href":"https:\/\/api.w.org\/{rel}","templated":true}]}}