{"id":687,"date":"2023-09-16T02:49:32","date_gmt":"2023-09-16T02:49:32","guid":{"rendered":"https:\/\/petlikepark.com\/?post_type=product&#038;p=687"},"modified":"2024-12-17T09:26:30","modified_gmt":"2024-12-17T09:26:30","slug":"loveat-red-label-vi-ca-com-160gr","status":"publish","type":"product","link":"https:\/\/petlikepark.com\/en\/product\/loveat-red-label-vi-ca-com-160gr\/","title":{"rendered":"LOVEAT RED LABEL &#8211; ANCHOVY 160gr"},"content":{"rendered":"<p><img loading=\"lazy\" decoding=\"async\" class=\"alignnone size-full wp-image-688\" src=\"https:\/\/petlikepark.com\/wp-content\/uploads\/2023\/09\/Loveat-Redlabel-Anchovy.jpg\" alt=\"\" width=\"1024\" height=\"768\" srcset=\"https:\/\/petlikepark.com\/wp-content\/uploads\/2023\/09\/Loveat-Redlabel-Anchovy.jpg 1024w, https:\/\/petlikepark.com\/wp-content\/uploads\/2023\/09\/Loveat-Redlabel-Anchovy-300x225.jpg 300w, https:\/\/petlikepark.com\/wp-content\/uploads\/2023\/09\/Loveat-Redlabel-Anchovy-768x576.jpg 768w, https:\/\/petlikepark.com\/wp-content\/uploads\/2023\/09\/Loveat-Redlabel-Anchovy-600x450.jpg 600w\" sizes=\"(max-width: 767px) 89vw, (max-width: 1000px) 54vw, (max-width: 1071px) 543px, 580px\" \/><\/p>\n<p><span style=\"font-family: arial, helvetica, sans-serif; font-size: 12pt;\"><strong>INGREDIENTS:<\/strong><\/span><\/p>\n<p><span style=\"font-family: arial, helvetica, sans-serif; font-size: 12pt;\">Red Tuna, White Tuna, Purified Water, Anchovies, Fructo Oligosaccharides, Guar gum, Cellulose, Red Ginseng Extract, Vitamin E.<\/span><\/p>\n<p><span style=\"font-family: arial, helvetica, sans-serif; font-size: 12pt;\"><strong>BENEFITS:<\/strong><\/span><\/p>\n<ul>\n<li><span style=\"font-family: arial, helvetica, sans-serif; font-size: 12pt;\">Pate for cats for 3 months and older provides nutrition for the body<\/span><\/li>\n<li><span style=\"font-family: arial, helvetica, sans-serif; font-size: 12pt;\">Controls hairball<\/span><\/li>\n<li><span style=\"font-family: arial, helvetica, sans-serif; font-size: 12pt;\">Provides vitamins, fiber and protein<\/span><\/li>\n<li><span style=\"font-family: arial, helvetica, sans-serif; font-size: 12pt;\">Supports skin and hair care<\/span><\/li>\n<li><span style=\"font-family: arial, helvetica, sans-serif; font-size: 12pt;\">Red ginseng extract helps strengthen the immune system, increase blood circulation, prevent platelet aggregation, and improve cardiovascular health.<\/span><\/li>\n<li><span style=\"font-family: arial, helvetica, sans-serif; font-size: 12pt;\">Provides water to prevent kidney diseases<\/span><\/li>\n<\/ul>\n<p><span style=\"font-family: arial, helvetica, sans-serif; font-size: 12pt;\"><strong>ANALYTICAL CONSTITUENTS:<\/strong><\/span><\/p>\n<ul>\n<li><span style=\"font-family: arial, helvetica, sans-serif; font-size: 12pt;\">Crude Protein: (minimum) 10%<\/span><\/li>\n<li><span style=\"font-family: arial, helvetica, sans-serif; font-size: 12pt;\">Crude fat: (minimum) 0.7%<\/span><\/li>\n<li><span style=\"font-family: arial, helvetica, sans-serif; font-size: 12pt;\">Crude fiber: (maximum) 0.6%<\/span><\/li>\n<li><span style=\"font-family: arial, helvetica, sans-serif; font-size: 12pt;\">Crude ash: (maximum) 4.0%<\/span><\/li>\n<li><span style=\"font-family: arial, helvetica, sans-serif; font-size: 12pt;\">Moisture: (maximum) 84.5%<\/span><\/li>\n<\/ul>\n<p><\/p>","protected":false},"excerpt":{"rendered":"<div class=\"woocommerce-product-details__short-description\">\n<ul>\n<li><span style=\"font-family: arial, helvetica, sans-serif; font-size: 12pt;\"><strong>Age range:\u00a0<\/strong>cats over 3 months old<\/span><\/li>\n<li><span style=\"font-family: arial, helvetica, sans-serif; font-size: 12pt;\"><strong>Made in<\/strong>\u00a0Korea<\/span><\/li>\n<li><span style=\"font-family: arial, helvetica, sans-serif; font-size: 12pt;\"><strong>Brand:\u00a0<\/strong>Sajo<\/span><\/li>\n<li><span style=\"font-family: arial, helvetica, sans-serif; font-size: 12pt;\"><strong>Shelf life:<\/strong>\u00a03 years<\/span><\/li>\n<\/ul>\n<\/div>\n<form class=\"cart\" action=\"https:\/\/petlikepark.com\/en\/product\/loveat-red-label-vi-ca-bao-nhat-160gr\/\" enctype=\"multipart\/form-data\" method=\"post\">\n<div class=\"quantity\"><\/div>\n<\/form>\n","protected":false},"featured_media":688,"comment_status":"open","ping_status":"closed","template":"","meta":[],"product_cat":[88,21,24,48],"product_tag":[],"yoast_head":"<!-- This site is optimized with the Yoast SEO plugin v20.2 - https:\/\/yoast.com\/wordpress\/plugins\/seo\/ -->\n<title>LOVEAT RED LABEL - ANCHOVY 160gr  - Pet Like Park<\/title>\n<meta name=\"robots\" content=\"index, follow, max-snippet:-1, max-image-preview:large, max-video-preview:-1\" \/>\n<link rel=\"canonical\" href=\"https:\/\/petlikepark.com\/product\/loveat-red-label-vi-ca-com-160gr\/\" \/>\n<meta property=\"og:locale\" content=\"en_US\" \/>\n<meta property=\"og:type\" content=\"article\" \/>\n<meta property=\"og:title\" content=\"[:vi]LOVEAT RED LABEL V\u1eca C\u00c1 C\u01a0M 160gr[:en]LOVEAT RED LABEL - ANCHOVY 160gr [:] - Pet Like Park\" \/>\n<meta property=\"og:description\" content=\"[:vi]  \u0110\u1ed1i t\u01b0\u1ee3ng s\u1eed d\u1ee5ng:\u00a0m\u00e8o tr\u00ean 3 th\u00e1ng tu\u1ed5i  Xu\u1ea5t x\u1ee9:\u00a0H\u00e0n Qu\u1ed1c  Th\u01b0\u01a1ng hi\u1ec7u:\u00a0Sajo  H\u1ea1n s\u1eed d\u1ee5ng:\u00a03 n\u0103m [:en]   Age range:\u00a0cats over 3 months old  Made in\u00a0Korea  Brand:\u00a0Sajo  Shelf life:\u00a03 years     [:]\" \/>\n<meta property=\"og:url\" content=\"https:\/\/petlikepark.com\/product\/loveat-red-label-vi-ca-com-160gr\/\" \/>\n<meta property=\"og:site_name\" content=\"Pet Like Park\" \/>\n<meta property=\"article:modified_time\" content=\"2024-12-17T09:26:30+00:00\" \/>\n<meta property=\"og:image\" content=\"https:\/\/petlikepark.com\/wp-content\/uploads\/2023\/09\/Loveat-Redlabel-Anchovy.jpg\" \/>\n\t<meta property=\"og:image:width\" content=\"1024\" \/>\n\t<meta property=\"og:image:height\" content=\"768\" \/>\n\t<meta property=\"og:image:type\" content=\"image\/jpeg\" \/>\n<meta name=\"twitter:card\" content=\"summary_large_image\" \/>\n<meta name=\"twitter:label1\" content=\"Est. reading time\" \/>\n\t<meta name=\"twitter:data1\" content=\"1 minute\" \/>\n<script type=\"application\/ld+json\" class=\"yoast-schema-graph\">{\"@context\":\"https:\/\/schema.org\",\"@graph\":[{\"@type\":\"WebPage\",\"@id\":\"https:\/\/petlikepark.com\/product\/loveat-red-label-vi-ca-com-160gr\/\",\"url\":\"https:\/\/petlikepark.com\/product\/loveat-red-label-vi-ca-com-160gr\/\",\"name\":\"[:vi]LOVEAT RED LABEL V\u1eca C\u00c1 C\u01a0M 160gr[:en]LOVEAT RED LABEL - ANCHOVY 160gr [:] - Pet Like Park\",\"isPartOf\":{\"@id\":\"https:\/\/petlikepark.com\/#website\"},\"datePublished\":\"2023-09-16T02:49:32+00:00\",\"dateModified\":\"2024-12-17T09:26:30+00:00\",\"breadcrumb\":{\"@id\":\"https:\/\/petlikepark.com\/product\/loveat-red-label-vi-ca-com-160gr\/#breadcrumb\"},\"inLanguage\":\"en-US\",\"potentialAction\":[{\"@type\":\"ReadAction\",\"target\":[\"https:\/\/petlikepark.com\/product\/loveat-red-label-vi-ca-com-160gr\/\"]}]},{\"@type\":\"BreadcrumbList\",\"@id\":\"https:\/\/petlikepark.com\/product\/loveat-red-label-vi-ca-com-160gr\/#breadcrumb\",\"itemListElement\":[{\"@type\":\"ListItem\",\"position\":1,\"name\":\"Home\",\"item\":\"https:\/\/petlikepark.com\/\"},{\"@type\":\"ListItem\",\"position\":2,\"name\":\"S\u1ea3n ph\u1ea9m\",\"item\":\"https:\/\/petlikepark.com\/san-pham\/\"},{\"@type\":\"ListItem\",\"position\":3,\"name\":\"[:vi]LOVEAT RED LABEL V\u1eca C\u00c1 C\u01a0M 160gr[:en]LOVEAT RED LABEL &#8211; ANCHOVY 160gr [:]\"}]},{\"@type\":\"WebSite\",\"@id\":\"https:\/\/petlikepark.com\/#website\",\"url\":\"https:\/\/petlikepark.com\/\",\"name\":\"Pet Like Park\",\"description\":\"\",\"publisher\":{\"@id\":\"https:\/\/petlikepark.com\/#organization\"},\"potentialAction\":[{\"@type\":\"SearchAction\",\"target\":{\"@type\":\"EntryPoint\",\"urlTemplate\":\"https:\/\/petlikepark.com\/?s={search_term_string}\"},\"query-input\":\"required name=search_term_string\"}],\"inLanguage\":\"en-US\"},{\"@type\":\"Organization\",\"@id\":\"https:\/\/petlikepark.com\/#organization\",\"name\":\"Pet Like Park\",\"url\":\"https:\/\/petlikepark.com\/\",\"logo\":{\"@type\":\"ImageObject\",\"inLanguage\":\"en-US\",\"@id\":\"https:\/\/petlikepark.com\/#\/schema\/logo\/image\/\",\"url\":\"https:\/\/petlikepark.com\/wp-content\/uploads\/2023\/12\/cropped-cropped-pet_like_park_logo-1.png\",\"contentUrl\":\"https:\/\/petlikepark.com\/wp-content\/uploads\/2023\/12\/cropped-cropped-pet_like_park_logo-1.png\",\"width\":250,\"height\":250,\"caption\":\"Pet Like Park\"},\"image\":{\"@id\":\"https:\/\/petlikepark.com\/#\/schema\/logo\/image\/\"}}]}<\/script>\n<!-- \/ Yoast SEO plugin. -->","yoast_head_json":{"title":"[:vi]LOVEAT RED LABEL V\u1eca C\u00c1 C\u01a0M 160gr[:en]LOVEAT RED LABEL - ANCHOVY 160gr [:] - Pet Like Park","robots":{"index":"index","follow":"follow","max-snippet":"max-snippet:-1","max-image-preview":"max-image-preview:large","max-video-preview":"max-video-preview:-1"},"canonical":"https:\/\/petlikepark.com\/product\/loveat-red-label-vi-ca-com-160gr\/","og_locale":"en_US","og_type":"article","og_title":"[:vi]LOVEAT RED LABEL V\u1eca C\u00c1 C\u01a0M 160gr[:en]LOVEAT RED LABEL - ANCHOVY 160gr [:] - Pet Like Park","og_description":"[:vi]  \u0110\u1ed1i t\u01b0\u1ee3ng s\u1eed d\u1ee5ng:\u00a0m\u00e8o tr\u00ean 3 th\u00e1ng tu\u1ed5i  Xu\u1ea5t x\u1ee9:\u00a0H\u00e0n Qu\u1ed1c  Th\u01b0\u01a1ng hi\u1ec7u:\u00a0Sajo  H\u1ea1n s\u1eed d\u1ee5ng:\u00a03 n\u0103m [:en]   Age range:\u00a0cats over 3 months old  Made in\u00a0Korea  Brand:\u00a0Sajo  Shelf life:\u00a03 years     [:]","og_url":"https:\/\/petlikepark.com\/product\/loveat-red-label-vi-ca-com-160gr\/","og_site_name":"Pet Like Park","article_modified_time":"2024-12-17T09:26:30+00:00","og_image":[{"width":1024,"height":768,"url":"https:\/\/petlikepark.com\/wp-content\/uploads\/2023\/09\/Loveat-Redlabel-Anchovy.jpg","type":"image\/jpeg"}],"twitter_card":"summary_large_image","twitter_misc":{"Est. reading time":"1 minute"},"schema":{"@context":"https:\/\/schema.org","@graph":[{"@type":"WebPage","@id":"https:\/\/petlikepark.com\/product\/loveat-red-label-vi-ca-com-160gr\/","url":"https:\/\/petlikepark.com\/product\/loveat-red-label-vi-ca-com-160gr\/","name":"[:vi]LOVEAT RED LABEL V\u1eca C\u00c1 C\u01a0M 160gr[:en]LOVEAT RED LABEL - ANCHOVY 160gr [:] - Pet Like Park","isPartOf":{"@id":"https:\/\/petlikepark.com\/#website"},"datePublished":"2023-09-16T02:49:32+00:00","dateModified":"2024-12-17T09:26:30+00:00","breadcrumb":{"@id":"https:\/\/petlikepark.com\/product\/loveat-red-label-vi-ca-com-160gr\/#breadcrumb"},"inLanguage":"en-US","potentialAction":[{"@type":"ReadAction","target":["https:\/\/petlikepark.com\/product\/loveat-red-label-vi-ca-com-160gr\/"]}]},{"@type":"BreadcrumbList","@id":"https:\/\/petlikepark.com\/product\/loveat-red-label-vi-ca-com-160gr\/#breadcrumb","itemListElement":[{"@type":"ListItem","position":1,"name":"Home","item":"https:\/\/petlikepark.com\/"},{"@type":"ListItem","position":2,"name":"S\u1ea3n ph\u1ea9m","item":"https:\/\/petlikepark.com\/san-pham\/"},{"@type":"ListItem","position":3,"name":"[:vi]LOVEAT RED LABEL V\u1eca C\u00c1 C\u01a0M 160gr[:en]LOVEAT RED LABEL &#8211; ANCHOVY 160gr [:]"}]},{"@type":"WebSite","@id":"https:\/\/petlikepark.com\/#website","url":"https:\/\/petlikepark.com\/","name":"Pet Like Park","description":"","publisher":{"@id":"https:\/\/petlikepark.com\/#organization"},"potentialAction":[{"@type":"SearchAction","target":{"@type":"EntryPoint","urlTemplate":"https:\/\/petlikepark.com\/?s={search_term_string}"},"query-input":"required name=search_term_string"}],"inLanguage":"en-US"},{"@type":"Organization","@id":"https:\/\/petlikepark.com\/#organization","name":"Pet Like Park","url":"https:\/\/petlikepark.com\/","logo":{"@type":"ImageObject","inLanguage":"en-US","@id":"https:\/\/petlikepark.com\/#\/schema\/logo\/image\/","url":"https:\/\/petlikepark.com\/wp-content\/uploads\/2023\/12\/cropped-cropped-pet_like_park_logo-1.png","contentUrl":"https:\/\/petlikepark.com\/wp-content\/uploads\/2023\/12\/cropped-cropped-pet_like_park_logo-1.png","width":250,"height":250,"caption":"Pet Like Park"},"image":{"@id":"https:\/\/petlikepark.com\/#\/schema\/logo\/image\/"}}]}},"_links":{"self":[{"href":"https:\/\/petlikepark.com\/en\/wp-json\/wp\/v2\/product\/687"}],"collection":[{"href":"https:\/\/petlikepark.com\/en\/wp-json\/wp\/v2\/product"}],"about":[{"href":"https:\/\/petlikepark.com\/en\/wp-json\/wp\/v2\/types\/product"}],"replies":[{"embeddable":true,"href":"https:\/\/petlikepark.com\/en\/wp-json\/wp\/v2\/comments?post=687"}],"wp:featuredmedia":[{"embeddable":true,"href":"https:\/\/petlikepark.com\/en\/wp-json\/wp\/v2\/media\/688"}],"wp:attachment":[{"href":"https:\/\/petlikepark.com\/en\/wp-json\/wp\/v2\/media?parent=687"}],"wp:term":[{"taxonomy":"product_cat","embeddable":true,"href":"https:\/\/petlikepark.com\/en\/wp-json\/wp\/v2\/product_cat?post=687"},{"taxonomy":"product_tag","embeddable":true,"href":"https:\/\/petlikepark.com\/en\/wp-json\/wp\/v2\/product_tag?post=687"}],"curies":[{"name":"wp","href":"https:\/\/api.w.org\/{rel}","templated":true}]}}