{"id":753,"date":"2023-09-29T02:04:42","date_gmt":"2023-09-29T02:04:42","guid":{"rendered":"https:\/\/petlikepark.com\/?post_type=product&#038;p=753"},"modified":"2024-12-17T09:25:45","modified_gmt":"2024-12-17T09:25:45","slug":"bob-ee-bo-yak-da-long-bong-muot-cho-meo-truong-thanh","status":"publish","type":"product","link":"https:\/\/petlikepark.com\/en\/product\/bob-ee-bo-yak-da-long-bong-muot-cho-meo-truong-thanh\/","title":{"rendered":"BOB-EE-BO-YAK CAT SHINY SKIN AND HAIR 2kg"},"content":{"rendered":"<p><img loading=\"lazy\" decoding=\"async\" class=\"alignnone size-full wp-image-175\" src=\"https:\/\/petlikepark.com\/wp-content\/uploads\/2023\/03\/Bob-\u2013-Ee-\u2013-Bo-\u2013-Yak-CAT-SHINY-SKIN-HAIR.jpg\" alt=\"\" width=\"800\" height=\"800\" srcset=\"https:\/\/petlikepark.com\/wp-content\/uploads\/2023\/03\/Bob-\u2013-Ee-\u2013-Bo-\u2013-Yak-CAT-SHINY-SKIN-HAIR.jpg 800w, https:\/\/petlikepark.com\/wp-content\/uploads\/2023\/03\/Bob-\u2013-Ee-\u2013-Bo-\u2013-Yak-CAT-SHINY-SKIN-HAIR-300x300.jpg 300w, https:\/\/petlikepark.com\/wp-content\/uploads\/2023\/03\/Bob-\u2013-Ee-\u2013-Bo-\u2013-Yak-CAT-SHINY-SKIN-HAIR-150x150.jpg 150w, https:\/\/petlikepark.com\/wp-content\/uploads\/2023\/03\/Bob-\u2013-Ee-\u2013-Bo-\u2013-Yak-CAT-SHINY-SKIN-HAIR-768x768.jpg 768w, https:\/\/petlikepark.com\/wp-content\/uploads\/2023\/03\/Bob-\u2013-Ee-\u2013-Bo-\u2013-Yak-CAT-SHINY-SKIN-HAIR-100x100.jpg 100w, https:\/\/petlikepark.com\/wp-content\/uploads\/2023\/03\/Bob-\u2013-Ee-\u2013-Bo-\u2013-Yak-CAT-SHINY-SKIN-HAIR-400x400.jpg 400w, https:\/\/petlikepark.com\/wp-content\/uploads\/2023\/03\/Bob-\u2013-Ee-\u2013-Bo-\u2013-Yak-CAT-SHINY-SKIN-HAIR-600x600.jpg 600w\" sizes=\"(max-width: 767px) 89vw, (max-width: 1000px) 54vw, (max-width: 1071px) 543px, 580px\" \/><\/p>\n<p><span style=\"font-family: arial, helvetica, sans-serif; font-size: 12pt;\"><strong>BENEFITS:<\/strong><\/span><\/p>\n<ul>\n<li><span style=\"font-family: arial, helvetica, sans-serif; font-size: 12pt;\">Use fresh ingredients that human can consume \u2013 100% human grade.<\/span><\/li>\n<li><span style=\"font-family: arial, helvetica, sans-serif; font-size: 12pt;\">Chicken is low in calories but rich in amino acids, which is especially beneficial for weight control.<\/span><\/li>\n<li><span style=\"font-family: arial, helvetica, sans-serif; font-size: 12pt;\">Beet root is rich in fiber, gives a feeling of fullness for a long time, helps prevent obesity, and prevents constipation.<\/span><\/li>\n<li><span style=\"font-family: arial, helvetica, sans-serif; font-size: 12pt;\">L-Carnitine is a supplement that helps promote the conversion of fat into energy, thereby supporting fat loss and weight control.<\/span><\/li>\n<\/ul>\n<p><span style=\"font-family: arial, helvetica, sans-serif; font-size: 12pt;\"><strong>INGREDIENTS:<\/strong><\/span><\/p>\n<p><span style=\"font-family: arial, helvetica, sans-serif; font-size: 12pt;\">Chicken, Green Beans, Corn Flour, Corn Protein, Flaxseed, Beets, Chicken Liver, Soy Protein Concentrate, Oat Fiber, Additives (Dibasic Calcium Phosphate), Brewer&#8217;s Yeast, Potassium Chloride, Canola Oil , Calcium carbonate, Salt, DL-methionine, L-lysine, Choline chloride, vitamin premix, mineral premix, L-Carnitine, Taurine, vitamin E, Yeast extract, Rosemary extract, Green tea extract.<\/span><\/p>\n<p><span style=\"font-family: arial, helvetica, sans-serif; font-size: 12pt;\"><strong>ANALYTICAL CONSTITUENTS:<\/strong><\/span><\/p>\n<p><span style=\"font-family: arial, helvetica, sans-serif; font-size: 12pt;\">Crude protein: (minimum) 25%<\/span><br \/>\n<span style=\"font-family: arial, helvetica, sans-serif; font-size: 12pt;\">Crude fat: (minimum) 12%<\/span><br \/>\n<span style=\"font-family: arial, helvetica, sans-serif; font-size: 12pt;\">Crude fiber: (maximum) 4%<\/span><br \/>\n<span style=\"font-family: arial, helvetica, sans-serif; font-size: 12pt;\">Crude ash: (maximum) 8%<\/span><br \/>\n<span style=\"font-family: arial, helvetica, sans-serif; font-size: 12pt;\">Moisture: (maximum) 10%<\/span><\/p>","protected":false},"excerpt":{"rendered":"<ul>\n<li><span style=\"font-family: arial, helvetica, sans-serif; font-size: 12pt;\"><strong>Age range:<\/strong> adult cats over 1 year old<\/span><\/li>\n<li><span style=\"font-family: arial, helvetica, sans-serif; font-size: 12pt;\"><strong>Made in<\/strong>\u00a0Korea<\/span><\/li>\n<li><span style=\"font-family: arial, helvetica, sans-serif; font-size: 12pt;\"><strong>Brand:<\/strong>\u00a0Harim<\/span><\/li>\n<li><span style=\"font-family: arial, helvetica, sans-serif; font-size: 12pt;\"><strong>Shelf life:<\/strong>\u00a012 months<\/span><\/li>\n<\/ul>\n","protected":false},"featured_media":175,"comment_status":"open","ping_status":"closed","template":"","meta":[],"product_cat":[88,21,23,52],"product_tag":[],"yoast_head":"<!-- This site is optimized with the Yoast SEO plugin v20.2 - https:\/\/yoast.com\/wordpress\/plugins\/seo\/ -->\n<title>BOB-EE-BO-YAK CAT SHINY SKIN AND HAIR 2kg - Pet Like Park<\/title>\n<meta name=\"robots\" content=\"index, follow, max-snippet:-1, max-image-preview:large, max-video-preview:-1\" \/>\n<link rel=\"canonical\" href=\"https:\/\/petlikepark.com\/product\/bob-ee-bo-yak-da-long-bong-muot-cho-meo-truong-thanh\/\" \/>\n<meta property=\"og:locale\" content=\"en_US\" \/>\n<meta property=\"og:type\" content=\"article\" \/>\n<meta property=\"og:title\" content=\"[:vi]BOB-EE-BO-YAK DA L\u00d4NG B\u00d3NG M\u01af\u1ee2T CHO M\u00c8O TR\u01af\u1edeNG TH\u00c0NH 2kg[:en]BOB-EE-BO-YAK CAT SHINY SKIN AND HAIR 2kg[:] - Pet Like Park\" \/>\n<meta property=\"og:description\" content=\"[:vi]  \u0110\u1ed1i t\u01b0\u1ee3ng s\u1eed d\u1ee5ng: m\u00e8o tr\u01b0\u1edfng th\u00e0nh tr\u00ean 1 n\u0103m tu\u1ed5i  Xu\u1ea5t x\u1ee9:\u00a0H\u00e0n Qu\u1ed1c  Th\u01b0\u01a1ng hi\u1ec7u:\u00a0Harim  H\u1ea1n s\u1eed d\u1ee5ng:\u00a012 th\u00e1ng [:en]  Age range: adult cats over 1 year old  Made in\u00a0Korea  Brand:\u00a0Harim  Shelf life:\u00a012 months [:]\" \/>\n<meta property=\"og:url\" content=\"https:\/\/petlikepark.com\/product\/bob-ee-bo-yak-da-long-bong-muot-cho-meo-truong-thanh\/\" \/>\n<meta property=\"og:site_name\" content=\"Pet Like Park\" \/>\n<meta property=\"article:modified_time\" content=\"2024-12-17T09:25:45+00:00\" \/>\n<meta property=\"og:image\" content=\"https:\/\/petlikepark.com\/wp-content\/uploads\/2023\/03\/Bob-\u2013-Ee-\u2013-Bo-\u2013-Yak-CAT-SHINY-SKIN-HAIR.jpg\" \/>\n\t<meta property=\"og:image:width\" content=\"800\" \/>\n\t<meta property=\"og:image:height\" content=\"800\" \/>\n\t<meta property=\"og:image:type\" content=\"image\/jpeg\" \/>\n<meta name=\"twitter:card\" content=\"summary_large_image\" \/>\n<meta name=\"twitter:label1\" content=\"Est. reading time\" \/>\n\t<meta name=\"twitter:data1\" content=\"1 minute\" \/>\n<script type=\"application\/ld+json\" class=\"yoast-schema-graph\">{\"@context\":\"https:\/\/schema.org\",\"@graph\":[{\"@type\":\"WebPage\",\"@id\":\"https:\/\/petlikepark.com\/product\/bob-ee-bo-yak-da-long-bong-muot-cho-meo-truong-thanh\/\",\"url\":\"https:\/\/petlikepark.com\/product\/bob-ee-bo-yak-da-long-bong-muot-cho-meo-truong-thanh\/\",\"name\":\"[:vi]BOB-EE-BO-YAK DA L\u00d4NG B\u00d3NG M\u01af\u1ee2T CHO M\u00c8O TR\u01af\u1edeNG TH\u00c0NH 2kg[:en]BOB-EE-BO-YAK CAT SHINY SKIN AND HAIR 2kg[:] - Pet Like Park\",\"isPartOf\":{\"@id\":\"https:\/\/petlikepark.com\/#website\"},\"datePublished\":\"2023-09-29T02:04:42+00:00\",\"dateModified\":\"2024-12-17T09:25:45+00:00\",\"breadcrumb\":{\"@id\":\"https:\/\/petlikepark.com\/product\/bob-ee-bo-yak-da-long-bong-muot-cho-meo-truong-thanh\/#breadcrumb\"},\"inLanguage\":\"en-US\",\"potentialAction\":[{\"@type\":\"ReadAction\",\"target\":[\"https:\/\/petlikepark.com\/product\/bob-ee-bo-yak-da-long-bong-muot-cho-meo-truong-thanh\/\"]}]},{\"@type\":\"BreadcrumbList\",\"@id\":\"https:\/\/petlikepark.com\/product\/bob-ee-bo-yak-da-long-bong-muot-cho-meo-truong-thanh\/#breadcrumb\",\"itemListElement\":[{\"@type\":\"ListItem\",\"position\":1,\"name\":\"Home\",\"item\":\"https:\/\/petlikepark.com\/\"},{\"@type\":\"ListItem\",\"position\":2,\"name\":\"S\u1ea3n ph\u1ea9m\",\"item\":\"https:\/\/petlikepark.com\/san-pham\/\"},{\"@type\":\"ListItem\",\"position\":3,\"name\":\"[:vi]BOB-EE-BO-YAK DA L\u00d4NG B\u00d3NG M\u01af\u1ee2T CHO M\u00c8O TR\u01af\u1edeNG TH\u00c0NH 2kg[:en]BOB-EE-BO-YAK CAT SHINY SKIN AND HAIR 2kg[:]\"}]},{\"@type\":\"WebSite\",\"@id\":\"https:\/\/petlikepark.com\/#website\",\"url\":\"https:\/\/petlikepark.com\/\",\"name\":\"Pet Like Park\",\"description\":\"\",\"publisher\":{\"@id\":\"https:\/\/petlikepark.com\/#organization\"},\"potentialAction\":[{\"@type\":\"SearchAction\",\"target\":{\"@type\":\"EntryPoint\",\"urlTemplate\":\"https:\/\/petlikepark.com\/?s={search_term_string}\"},\"query-input\":\"required name=search_term_string\"}],\"inLanguage\":\"en-US\"},{\"@type\":\"Organization\",\"@id\":\"https:\/\/petlikepark.com\/#organization\",\"name\":\"Pet Like Park\",\"url\":\"https:\/\/petlikepark.com\/\",\"logo\":{\"@type\":\"ImageObject\",\"inLanguage\":\"en-US\",\"@id\":\"https:\/\/petlikepark.com\/#\/schema\/logo\/image\/\",\"url\":\"https:\/\/petlikepark.com\/wp-content\/uploads\/2023\/12\/cropped-cropped-pet_like_park_logo-1.png\",\"contentUrl\":\"https:\/\/petlikepark.com\/wp-content\/uploads\/2023\/12\/cropped-cropped-pet_like_park_logo-1.png\",\"width\":250,\"height\":250,\"caption\":\"Pet Like Park\"},\"image\":{\"@id\":\"https:\/\/petlikepark.com\/#\/schema\/logo\/image\/\"}}]}<\/script>\n<!-- \/ Yoast SEO plugin. -->","yoast_head_json":{"title":"[:vi]BOB-EE-BO-YAK DA L\u00d4NG B\u00d3NG M\u01af\u1ee2T CHO M\u00c8O TR\u01af\u1edeNG TH\u00c0NH 2kg[:en]BOB-EE-BO-YAK CAT SHINY SKIN AND HAIR 2kg[:] - Pet Like Park","robots":{"index":"index","follow":"follow","max-snippet":"max-snippet:-1","max-image-preview":"max-image-preview:large","max-video-preview":"max-video-preview:-1"},"canonical":"https:\/\/petlikepark.com\/product\/bob-ee-bo-yak-da-long-bong-muot-cho-meo-truong-thanh\/","og_locale":"en_US","og_type":"article","og_title":"[:vi]BOB-EE-BO-YAK DA L\u00d4NG B\u00d3NG M\u01af\u1ee2T CHO M\u00c8O TR\u01af\u1edeNG TH\u00c0NH 2kg[:en]BOB-EE-BO-YAK CAT SHINY SKIN AND HAIR 2kg[:] - Pet Like Park","og_description":"[:vi]  \u0110\u1ed1i t\u01b0\u1ee3ng s\u1eed d\u1ee5ng: m\u00e8o tr\u01b0\u1edfng th\u00e0nh tr\u00ean 1 n\u0103m tu\u1ed5i  Xu\u1ea5t x\u1ee9:\u00a0H\u00e0n Qu\u1ed1c  Th\u01b0\u01a1ng hi\u1ec7u:\u00a0Harim  H\u1ea1n s\u1eed d\u1ee5ng:\u00a012 th\u00e1ng [:en]  Age range: adult cats over 1 year old  Made in\u00a0Korea  Brand:\u00a0Harim  Shelf life:\u00a012 months [:]","og_url":"https:\/\/petlikepark.com\/product\/bob-ee-bo-yak-da-long-bong-muot-cho-meo-truong-thanh\/","og_site_name":"Pet Like Park","article_modified_time":"2024-12-17T09:25:45+00:00","og_image":[{"width":800,"height":800,"url":"https:\/\/petlikepark.com\/wp-content\/uploads\/2023\/03\/Bob-\u2013-Ee-\u2013-Bo-\u2013-Yak-CAT-SHINY-SKIN-HAIR.jpg","type":"image\/jpeg"}],"twitter_card":"summary_large_image","twitter_misc":{"Est. reading time":"1 minute"},"schema":{"@context":"https:\/\/schema.org","@graph":[{"@type":"WebPage","@id":"https:\/\/petlikepark.com\/product\/bob-ee-bo-yak-da-long-bong-muot-cho-meo-truong-thanh\/","url":"https:\/\/petlikepark.com\/product\/bob-ee-bo-yak-da-long-bong-muot-cho-meo-truong-thanh\/","name":"[:vi]BOB-EE-BO-YAK DA L\u00d4NG B\u00d3NG M\u01af\u1ee2T CHO M\u00c8O TR\u01af\u1edeNG TH\u00c0NH 2kg[:en]BOB-EE-BO-YAK CAT SHINY SKIN AND HAIR 2kg[:] - Pet Like Park","isPartOf":{"@id":"https:\/\/petlikepark.com\/#website"},"datePublished":"2023-09-29T02:04:42+00:00","dateModified":"2024-12-17T09:25:45+00:00","breadcrumb":{"@id":"https:\/\/petlikepark.com\/product\/bob-ee-bo-yak-da-long-bong-muot-cho-meo-truong-thanh\/#breadcrumb"},"inLanguage":"en-US","potentialAction":[{"@type":"ReadAction","target":["https:\/\/petlikepark.com\/product\/bob-ee-bo-yak-da-long-bong-muot-cho-meo-truong-thanh\/"]}]},{"@type":"BreadcrumbList","@id":"https:\/\/petlikepark.com\/product\/bob-ee-bo-yak-da-long-bong-muot-cho-meo-truong-thanh\/#breadcrumb","itemListElement":[{"@type":"ListItem","position":1,"name":"Home","item":"https:\/\/petlikepark.com\/"},{"@type":"ListItem","position":2,"name":"S\u1ea3n ph\u1ea9m","item":"https:\/\/petlikepark.com\/san-pham\/"},{"@type":"ListItem","position":3,"name":"[:vi]BOB-EE-BO-YAK DA L\u00d4NG B\u00d3NG M\u01af\u1ee2T CHO M\u00c8O TR\u01af\u1edeNG TH\u00c0NH 2kg[:en]BOB-EE-BO-YAK CAT SHINY SKIN AND HAIR 2kg[:]"}]},{"@type":"WebSite","@id":"https:\/\/petlikepark.com\/#website","url":"https:\/\/petlikepark.com\/","name":"Pet Like Park","description":"","publisher":{"@id":"https:\/\/petlikepark.com\/#organization"},"potentialAction":[{"@type":"SearchAction","target":{"@type":"EntryPoint","urlTemplate":"https:\/\/petlikepark.com\/?s={search_term_string}"},"query-input":"required name=search_term_string"}],"inLanguage":"en-US"},{"@type":"Organization","@id":"https:\/\/petlikepark.com\/#organization","name":"Pet Like Park","url":"https:\/\/petlikepark.com\/","logo":{"@type":"ImageObject","inLanguage":"en-US","@id":"https:\/\/petlikepark.com\/#\/schema\/logo\/image\/","url":"https:\/\/petlikepark.com\/wp-content\/uploads\/2023\/12\/cropped-cropped-pet_like_park_logo-1.png","contentUrl":"https:\/\/petlikepark.com\/wp-content\/uploads\/2023\/12\/cropped-cropped-pet_like_park_logo-1.png","width":250,"height":250,"caption":"Pet Like Park"},"image":{"@id":"https:\/\/petlikepark.com\/#\/schema\/logo\/image\/"}}]}},"_links":{"self":[{"href":"https:\/\/petlikepark.com\/en\/wp-json\/wp\/v2\/product\/753"}],"collection":[{"href":"https:\/\/petlikepark.com\/en\/wp-json\/wp\/v2\/product"}],"about":[{"href":"https:\/\/petlikepark.com\/en\/wp-json\/wp\/v2\/types\/product"}],"replies":[{"embeddable":true,"href":"https:\/\/petlikepark.com\/en\/wp-json\/wp\/v2\/comments?post=753"}],"wp:featuredmedia":[{"embeddable":true,"href":"https:\/\/petlikepark.com\/en\/wp-json\/wp\/v2\/media\/175"}],"wp:attachment":[{"href":"https:\/\/petlikepark.com\/en\/wp-json\/wp\/v2\/media?parent=753"}],"wp:term":[{"taxonomy":"product_cat","embeddable":true,"href":"https:\/\/petlikepark.com\/en\/wp-json\/wp\/v2\/product_cat?post=753"},{"taxonomy":"product_tag","embeddable":true,"href":"https:\/\/petlikepark.com\/en\/wp-json\/wp\/v2\/product_tag?post=753"}],"curies":[{"name":"wp","href":"https:\/\/api.w.org\/{rel}","templated":true}]}}