{"id":769,"date":"2023-10-03T06:41:45","date_gmt":"2023-10-03T06:41:45","guid":{"rendered":"https:\/\/petlikepark.com\/?post_type=product&#038;p=769"},"modified":"2024-12-15T03:19:27","modified_gmt":"2024-12-15T03:19:27","slug":"thuc-an-huu-co-cho-cho-con-natural-core-eco-5a-vi-thit-cuu-sao-chep","status":"publish","type":"product","link":"https:\/\/petlikepark.com\/en\/product\/thuc-an-huu-co-cho-cho-con-natural-core-eco-5a-vi-thit-cuu-sao-chep\/","title":{"rendered":"ROYAL CANIN MINI PUPPY DRY"},"content":{"rendered":"<p><img loading=\"lazy\" decoding=\"async\" class=\"alignnone size-full wp-image-771\" src=\"https:\/\/petlikepark.com\/wp-content\/uploads\/2023\/10\/packshot-puppy-mini-shn17.png\" alt=\"\" width=\"250\" height=\"354\" srcset=\"https:\/\/petlikepark.com\/wp-content\/uploads\/2023\/10\/packshot-puppy-mini-shn17.png 250w, https:\/\/petlikepark.com\/wp-content\/uploads\/2023\/10\/packshot-puppy-mini-shn17-212x300.png 212w\" sizes=\"(max-width: 250px) 100vw, 250px\" \/><\/p>\n<p><span style=\"font-family: arial, helvetica, sans-serif; font-size: 12pt;\"><strong>BENEFITS:<\/strong><\/span><\/p>\n<ul>\n<li><span style=\"font-family: arial, helvetica, sans-serif; font-size: 12pt;\"><strong>Supports a healthy immune system<\/strong>The growth period is a very important time for puppies: That&#8217;s when puppies have big changes in size, behavior and start to like to explore things more. During this critical period, the puppy&#8217;s immune system continues to mature. Royal Canin Mini Puppy helps support the development of the natural immune system thanks to a system of antioxidant nutrients including vitamin E (patented formula code No EP1146870).<\/span><\/li>\n<li><span style=\"font-family: arial, helvetica, sans-serif; font-size: 12pt;\"><strong>Energy-rich nutrients<\/strong>Fulfills the high energy needs of small breed puppies during their short growth period and satisfies the picky eating habits common in small breed dogs.<\/span><\/li>\n<li><span style=\"font-family: arial, helvetica, sans-serif; font-size: 12pt;\"><strong>Supports healthy digestive health<\/strong>The product helps support digestive health thanks to Highly Digestible Protein (L.I.P*) and prebiotics (including FOS). *Protein is carefully selected with high digestibility up to 90%.<\/span><\/li>\n<\/ul>\n<p><span style=\"font-family: arial, helvetica, sans-serif; font-size: 12pt;\"><strong>INGREDIENTS:<\/strong><\/span><\/p>\n<p><span style=\"font-family: arial, helvetica, sans-serif; font-size: 12pt;\">Poultry protein, rice, animal fats, vegetable protein*, corn, sugar beet, cornstarch, animal protein, corn gluten, minerals, fish oil, soybean oil, fructo-oligo-saccharides (0, 34%), hydrolyzed yeast (source of manno-oligo-saccharides), yeast extract (source of betaglucan), marigold extract (source of lutein).<\/span><br \/>\n<span style=\"font-family: arial, helvetica, sans-serif; font-size: 12pt;\">Nutritional additives: Vitamin A, Vitamin D3, Vitamin E, E1 (Iron), E2 (Iodine), E4 (Copper), E5 (Manganese), E6 (Zinc), E8 (Selenium) &#8211; Technical additives: Clinoptilolite &#8211; Sensory additive: Yucca extract &#8211; Antioxidant.<\/span><br \/>\n<span style=\"font-family: arial, helvetica, sans-serif; font-size: 12pt;\">* L.I.P.: Highly digestible protein.<\/span><\/p>\n<p><span style=\"font-family: arial, helvetica, sans-serif; font-size: 12pt;\"><strong>ANALYTICAL CONSTITUENTS:<\/strong><\/span><\/p>\n<p><span style=\"font-family: arial, helvetica, sans-serif; font-size: 12pt;\">Crude protein: (minimum) 31%<\/span><br \/>\n<span style=\"font-family: arial, helvetica, sans-serif; font-size: 12pt;\">Crude fat: (minimum) 20%<\/span><br \/>\n<span style=\"font-family: arial, helvetica, sans-serif; font-size: 12pt;\">Crude fiber: (maximum) 1.4%<\/span><br \/>\n<span style=\"font-family: arial, helvetica, sans-serif; font-size: 12pt;\">Crude ash: (maximum) 7.7%<\/span><\/p>","protected":false},"excerpt":{"rendered":"<ul>\n<li><span style=\"font-family: arial, helvetica, sans-serif; font-size: 12pt;\"><strong>Age range:<\/strong> for small breed puppies from 2 to 10 months old\u00a0<\/span><\/li>\n<li><span style=\"font-family: arial, helvetica, sans-serif; font-size: 12pt;\"><strong>Made in<\/strong> France<\/span><\/li>\n<li><span style=\"font-family: arial, helvetica, sans-serif; font-size: 12pt;\"><strong>Brand:<\/strong> Royal Canin<\/span><\/li>\n<li><span style=\"font-family: arial, helvetica, sans-serif; font-size: 12pt;\"><strong>Shelf life:<\/strong> 18 months<\/span><\/li>\n<\/ul>\n","protected":false},"featured_media":771,"comment_status":"open","ping_status":"closed","template":"","meta":[],"product_cat":[21,23,52],"product_tag":[],"yoast_head":"<!-- This site is optimized with the Yoast SEO plugin v20.2 - https:\/\/yoast.com\/wordpress\/plugins\/seo\/ -->\n<title>ROYAL CANIN MINI PUPPY DRY - Pet Like Park<\/title>\n<meta name=\"robots\" content=\"index, follow, max-snippet:-1, max-image-preview:large, max-video-preview:-1\" \/>\n<link rel=\"canonical\" href=\"https:\/\/petlikepark.com\/product\/thuc-an-huu-co-cho-cho-con-natural-core-eco-5a-vi-thit-cuu-sao-chep\/\" \/>\n<meta property=\"og:locale\" content=\"en_US\" \/>\n<meta property=\"og:type\" content=\"article\" \/>\n<meta property=\"og:title\" content=\"[:vi]TH\u1ee8C \u0102N CHO CH\u00d3 CON ROYAL CANIN MINI PUPPY[:en]ROYAL CANIN MINI PUPPY DRY[:] - Pet Like Park\" \/>\n<meta property=\"og:description\" content=\"[:vi]  \u0110\u1ed1i t\u01b0\u1ee3ng s\u1eed d\u1ee5ng: ch\u00f3 con gi\u1ed1ng nh\u1ecf (c\u00e2n n\u1eb7ng tr\u01b0\u1edfng th\u00e0nh d\u01b0\u1edbi 10kg) t\u1eeb 2 - 10 th\u00e1ng tu\u1ed5i.  Xu\u1ea5t x\u1ee9: Ph\u00e1p  Th\u01b0\u01a1ng hi\u1ec7u: Royal Canin  H\u1ea1n s\u1eed d\u1ee5ng: 18 th\u00e1ng [:en]  Age range: for small breed puppies from 2 to 10 months old\u00a0  Made in France  Brand: Royal Canin  Shelf life: 18 months [:]\" \/>\n<meta property=\"og:url\" content=\"https:\/\/petlikepark.com\/product\/thuc-an-huu-co-cho-cho-con-natural-core-eco-5a-vi-thit-cuu-sao-chep\/\" \/>\n<meta property=\"og:site_name\" content=\"Pet Like Park\" \/>\n<meta property=\"article:modified_time\" content=\"2024-12-15T03:19:27+00:00\" \/>\n<meta property=\"og:image\" content=\"https:\/\/petlikepark.com\/wp-content\/uploads\/2023\/10\/packshot-puppy-mini-shn17.png\" \/>\n\t<meta property=\"og:image:width\" content=\"250\" \/>\n\t<meta property=\"og:image:height\" content=\"354\" \/>\n\t<meta property=\"og:image:type\" content=\"image\/png\" \/>\n<meta name=\"twitter:card\" content=\"summary_large_image\" \/>\n<meta name=\"twitter:label1\" content=\"Est. reading time\" \/>\n\t<meta name=\"twitter:data1\" content=\"2 minutes\" \/>\n<script type=\"application\/ld+json\" class=\"yoast-schema-graph\">{\"@context\":\"https:\/\/schema.org\",\"@graph\":[{\"@type\":\"WebPage\",\"@id\":\"https:\/\/petlikepark.com\/product\/thuc-an-huu-co-cho-cho-con-natural-core-eco-5a-vi-thit-cuu-sao-chep\/\",\"url\":\"https:\/\/petlikepark.com\/product\/thuc-an-huu-co-cho-cho-con-natural-core-eco-5a-vi-thit-cuu-sao-chep\/\",\"name\":\"[:vi]TH\u1ee8C \u0102N CHO CH\u00d3 CON ROYAL CANIN MINI PUPPY[:en]ROYAL CANIN MINI PUPPY DRY[:] - Pet Like Park\",\"isPartOf\":{\"@id\":\"https:\/\/petlikepark.com\/#website\"},\"datePublished\":\"2023-10-03T06:41:45+00:00\",\"dateModified\":\"2024-12-15T03:19:27+00:00\",\"breadcrumb\":{\"@id\":\"https:\/\/petlikepark.com\/product\/thuc-an-huu-co-cho-cho-con-natural-core-eco-5a-vi-thit-cuu-sao-chep\/#breadcrumb\"},\"inLanguage\":\"en-US\",\"potentialAction\":[{\"@type\":\"ReadAction\",\"target\":[\"https:\/\/petlikepark.com\/product\/thuc-an-huu-co-cho-cho-con-natural-core-eco-5a-vi-thit-cuu-sao-chep\/\"]}]},{\"@type\":\"BreadcrumbList\",\"@id\":\"https:\/\/petlikepark.com\/product\/thuc-an-huu-co-cho-cho-con-natural-core-eco-5a-vi-thit-cuu-sao-chep\/#breadcrumb\",\"itemListElement\":[{\"@type\":\"ListItem\",\"position\":1,\"name\":\"Home\",\"item\":\"https:\/\/petlikepark.com\/\"},{\"@type\":\"ListItem\",\"position\":2,\"name\":\"S\u1ea3n ph\u1ea9m\",\"item\":\"https:\/\/petlikepark.com\/san-pham\/\"},{\"@type\":\"ListItem\",\"position\":3,\"name\":\"[:vi]TH\u1ee8C \u0102N CHO CH\u00d3 CON ROYAL CANIN MINI PUPPY[:en]ROYAL CANIN MINI PUPPY DRY[:]\"}]},{\"@type\":\"WebSite\",\"@id\":\"https:\/\/petlikepark.com\/#website\",\"url\":\"https:\/\/petlikepark.com\/\",\"name\":\"Pet Like Park\",\"description\":\"\",\"publisher\":{\"@id\":\"https:\/\/petlikepark.com\/#organization\"},\"potentialAction\":[{\"@type\":\"SearchAction\",\"target\":{\"@type\":\"EntryPoint\",\"urlTemplate\":\"https:\/\/petlikepark.com\/?s={search_term_string}\"},\"query-input\":\"required name=search_term_string\"}],\"inLanguage\":\"en-US\"},{\"@type\":\"Organization\",\"@id\":\"https:\/\/petlikepark.com\/#organization\",\"name\":\"Pet Like Park\",\"url\":\"https:\/\/petlikepark.com\/\",\"logo\":{\"@type\":\"ImageObject\",\"inLanguage\":\"en-US\",\"@id\":\"https:\/\/petlikepark.com\/#\/schema\/logo\/image\/\",\"url\":\"https:\/\/petlikepark.com\/wp-content\/uploads\/2023\/12\/cropped-cropped-pet_like_park_logo-1.png\",\"contentUrl\":\"https:\/\/petlikepark.com\/wp-content\/uploads\/2023\/12\/cropped-cropped-pet_like_park_logo-1.png\",\"width\":250,\"height\":250,\"caption\":\"Pet Like Park\"},\"image\":{\"@id\":\"https:\/\/petlikepark.com\/#\/schema\/logo\/image\/\"}}]}<\/script>\n<!-- \/ Yoast SEO plugin. -->","yoast_head_json":{"title":"[:vi]TH\u1ee8C \u0102N CHO CH\u00d3 CON ROYAL CANIN MINI PUPPY[:en]ROYAL CANIN MINI PUPPY DRY[:] - Pet Like Park","robots":{"index":"index","follow":"follow","max-snippet":"max-snippet:-1","max-image-preview":"max-image-preview:large","max-video-preview":"max-video-preview:-1"},"canonical":"https:\/\/petlikepark.com\/product\/thuc-an-huu-co-cho-cho-con-natural-core-eco-5a-vi-thit-cuu-sao-chep\/","og_locale":"en_US","og_type":"article","og_title":"[:vi]TH\u1ee8C \u0102N CHO CH\u00d3 CON ROYAL CANIN MINI PUPPY[:en]ROYAL CANIN MINI PUPPY DRY[:] - Pet Like Park","og_description":"[:vi]  \u0110\u1ed1i t\u01b0\u1ee3ng s\u1eed d\u1ee5ng: ch\u00f3 con gi\u1ed1ng nh\u1ecf (c\u00e2n n\u1eb7ng tr\u01b0\u1edfng th\u00e0nh d\u01b0\u1edbi 10kg) t\u1eeb 2 - 10 th\u00e1ng tu\u1ed5i.  Xu\u1ea5t x\u1ee9: Ph\u00e1p  Th\u01b0\u01a1ng hi\u1ec7u: Royal Canin  H\u1ea1n s\u1eed d\u1ee5ng: 18 th\u00e1ng [:en]  Age range: for small breed puppies from 2 to 10 months old\u00a0  Made in France  Brand: Royal Canin  Shelf life: 18 months [:]","og_url":"https:\/\/petlikepark.com\/product\/thuc-an-huu-co-cho-cho-con-natural-core-eco-5a-vi-thit-cuu-sao-chep\/","og_site_name":"Pet Like Park","article_modified_time":"2024-12-15T03:19:27+00:00","og_image":[{"width":250,"height":354,"url":"https:\/\/petlikepark.com\/wp-content\/uploads\/2023\/10\/packshot-puppy-mini-shn17.png","type":"image\/png"}],"twitter_card":"summary_large_image","twitter_misc":{"Est. reading time":"2 minutes"},"schema":{"@context":"https:\/\/schema.org","@graph":[{"@type":"WebPage","@id":"https:\/\/petlikepark.com\/product\/thuc-an-huu-co-cho-cho-con-natural-core-eco-5a-vi-thit-cuu-sao-chep\/","url":"https:\/\/petlikepark.com\/product\/thuc-an-huu-co-cho-cho-con-natural-core-eco-5a-vi-thit-cuu-sao-chep\/","name":"[:vi]TH\u1ee8C \u0102N CHO CH\u00d3 CON ROYAL CANIN MINI PUPPY[:en]ROYAL CANIN MINI PUPPY DRY[:] - Pet Like Park","isPartOf":{"@id":"https:\/\/petlikepark.com\/#website"},"datePublished":"2023-10-03T06:41:45+00:00","dateModified":"2024-12-15T03:19:27+00:00","breadcrumb":{"@id":"https:\/\/petlikepark.com\/product\/thuc-an-huu-co-cho-cho-con-natural-core-eco-5a-vi-thit-cuu-sao-chep\/#breadcrumb"},"inLanguage":"en-US","potentialAction":[{"@type":"ReadAction","target":["https:\/\/petlikepark.com\/product\/thuc-an-huu-co-cho-cho-con-natural-core-eco-5a-vi-thit-cuu-sao-chep\/"]}]},{"@type":"BreadcrumbList","@id":"https:\/\/petlikepark.com\/product\/thuc-an-huu-co-cho-cho-con-natural-core-eco-5a-vi-thit-cuu-sao-chep\/#breadcrumb","itemListElement":[{"@type":"ListItem","position":1,"name":"Home","item":"https:\/\/petlikepark.com\/"},{"@type":"ListItem","position":2,"name":"S\u1ea3n ph\u1ea9m","item":"https:\/\/petlikepark.com\/san-pham\/"},{"@type":"ListItem","position":3,"name":"[:vi]TH\u1ee8C \u0102N CHO CH\u00d3 CON ROYAL CANIN MINI PUPPY[:en]ROYAL CANIN MINI PUPPY DRY[:]"}]},{"@type":"WebSite","@id":"https:\/\/petlikepark.com\/#website","url":"https:\/\/petlikepark.com\/","name":"Pet Like Park","description":"","publisher":{"@id":"https:\/\/petlikepark.com\/#organization"},"potentialAction":[{"@type":"SearchAction","target":{"@type":"EntryPoint","urlTemplate":"https:\/\/petlikepark.com\/?s={search_term_string}"},"query-input":"required name=search_term_string"}],"inLanguage":"en-US"},{"@type":"Organization","@id":"https:\/\/petlikepark.com\/#organization","name":"Pet Like Park","url":"https:\/\/petlikepark.com\/","logo":{"@type":"ImageObject","inLanguage":"en-US","@id":"https:\/\/petlikepark.com\/#\/schema\/logo\/image\/","url":"https:\/\/petlikepark.com\/wp-content\/uploads\/2023\/12\/cropped-cropped-pet_like_park_logo-1.png","contentUrl":"https:\/\/petlikepark.com\/wp-content\/uploads\/2023\/12\/cropped-cropped-pet_like_park_logo-1.png","width":250,"height":250,"caption":"Pet Like Park"},"image":{"@id":"https:\/\/petlikepark.com\/#\/schema\/logo\/image\/"}}]}},"_links":{"self":[{"href":"https:\/\/petlikepark.com\/en\/wp-json\/wp\/v2\/product\/769"}],"collection":[{"href":"https:\/\/petlikepark.com\/en\/wp-json\/wp\/v2\/product"}],"about":[{"href":"https:\/\/petlikepark.com\/en\/wp-json\/wp\/v2\/types\/product"}],"replies":[{"embeddable":true,"href":"https:\/\/petlikepark.com\/en\/wp-json\/wp\/v2\/comments?post=769"}],"wp:featuredmedia":[{"embeddable":true,"href":"https:\/\/petlikepark.com\/en\/wp-json\/wp\/v2\/media\/771"}],"wp:attachment":[{"href":"https:\/\/petlikepark.com\/en\/wp-json\/wp\/v2\/media?parent=769"}],"wp:term":[{"taxonomy":"product_cat","embeddable":true,"href":"https:\/\/petlikepark.com\/en\/wp-json\/wp\/v2\/product_cat?post=769"},{"taxonomy":"product_tag","embeddable":true,"href":"https:\/\/petlikepark.com\/en\/wp-json\/wp\/v2\/product_tag?post=769"}],"curies":[{"name":"wp","href":"https:\/\/api.w.org\/{rel}","templated":true}]}}