{"id":785,"date":"2023-10-03T09:41:03","date_gmt":"2023-10-03T09:41:03","guid":{"rendered":"https:\/\/petlikepark.com\/?post_type=product&#038;p=785"},"modified":"2024-12-15T02:26:21","modified_gmt":"2024-12-15T02:26:21","slug":"thuc-an-cho-cho-con-royal-canin-poodle-puppy-dry","status":"publish","type":"product","link":"https:\/\/petlikepark.com\/en\/product\/thuc-an-cho-cho-con-royal-canin-poodle-puppy-dry\/","title":{"rendered":"Royal Canin Puppy Poodle 1.5kg"},"content":{"rendered":"<p><img loading=\"lazy\" decoding=\"async\" class=\"alignnone size-full wp-image-788\" src=\"https:\/\/petlikepark.com\/wp-content\/uploads\/2023\/10\/pu-poodle-packshot-bhn18.png\" alt=\"\" width=\"250\" height=\"354\" srcset=\"https:\/\/petlikepark.com\/wp-content\/uploads\/2023\/10\/pu-poodle-packshot-bhn18.png 250w, https:\/\/petlikepark.com\/wp-content\/uploads\/2023\/10\/pu-poodle-packshot-bhn18-212x300.png 212w\" sizes=\"(max-width: 250px) 100vw, 250px\" \/><\/p>\n<p><span style=\"font-family: arial, helvetica, sans-serif; font-size: 12pt;\"><strong>BENEFITS:<\/strong><\/span><\/p>\n<ul>\n<li><span style=\"font-family: arial, helvetica, sans-serif; font-size: 12pt;\"><strong>Supports a healthy immune system<\/strong><\/span><br \/>\n<span style=\"font-family: arial, helvetica, sans-serif; font-size: 12pt;\">The growth period is a very important time for puppies: That&#8217;s when puppies have big changes in size, behavior and start to like to explore things more. During this critical period, the puppy&#8217;s immune system continues to mature. ROYAL CANIN POODLE PUPPY helps support the development of Poodle puppies&#8217; natural immune system thanks to a system of antioxidant nutrients including vitamin E (patented formula code No EP1146870).<\/span><\/li>\n<li><span style=\"font-family: arial, helvetica, sans-serif; font-size: 12pt;\"><strong>Skin and fur care<\/strong><\/span><br \/>\n<span style=\"font-family: arial, helvetica, sans-serif; font-size: 12pt;\">Nutritional formula helps care for your Poodle&#8217;s skin health thanks to high levels of Omega 3 fatty acids (EPA &amp; DHA) and borage oil. Appropriate protein content helps support the growth and maintenance of a shiny coat.<\/span><\/li>\n<li><span style=\"font-family: arial, helvetica, sans-serif; font-size: 12pt;\"><strong>Supports healthy digestive health<\/strong><\/span><br \/>\n<span style=\"font-family: arial, helvetica, sans-serif; font-size: 12pt;\">The product helps support digestive health thanks to Highly Digestible Protein (L.I.P*) and prebiotics (including FOS). *Protein is carefully selected with high digestibility up to 90%.<\/span><\/li>\n<li><span style=\"font-family: arial, helvetica, sans-serif; font-size: 12pt;\"><strong>Special grain design<\/strong><\/span><br \/>\n<span style=\"font-family: arial, helvetica, sans-serif; font-size: 12pt;\">The granular texture helps reduce the risk of tartar formation thanks to calcium chelate.<\/span><\/li>\n<\/ul>\n<p><span style=\"font-family: arial, helvetica, sans-serif; font-size: 12pt;\"><strong>INGREDIENTS:<\/strong><\/span><\/p>\n<p><span style=\"font-family: arial, helvetica, sans-serif; font-size: 12pt;\">Dried poultry protein, vegetable protein isolate*, animal fat, corn, rice, wheat, corn gluten, hydrolyzed animal protein, cornstarch, beet pulp, minerals, fish oil, soybean oil , yeast and their parts, fructo-oligo-saccharides (0.34%), psyllium husks and seeds, hydrolyzed yeast (source of manno-oligo-saccharides), yeast extract (source of betaglucans), borage oil (0.1%), marigold extract (source of lutein).<\/span><\/p>\n<p><span style=\"font-family: arial, helvetica, sans-serif; font-size: 12pt;\">Additives (per kg): Nutritional additives: Vitamin A: 29000 IU, Vitamin D3: 800 IU, Vitamin E: 590 mg &#8211; E1 (Iron): 38 mg, E2 (Iodine): 3.8 mg, E4 ( Copper): 12 mg, E5 (Manganese): 49 mg, E6 (Zinc): 103 mg, E8 (Selenium): 0.06 mg &#8211; Technological additives: Sedimentary-based Clinoptilolite: 10 g &#8211; Sensory additives: Yucca Extract: 125 mg &#8211; Preservative &#8211; Antioxidant.<\/span><\/p>\n<p><span style=\"font-family: arial, helvetica, sans-serif; font-size: 12pt;\"><strong>ANALYTICAL CONSTITUENTS:<\/strong><\/span><\/p>\n<p><span style=\"font-family: arial, helvetica, sans-serif; font-size: 12pt;\">Crude protein: (minimum) 33%<\/span><br \/>\n<span style=\"font-family: arial, helvetica, sans-serif; font-size: 12pt;\">Crude fat: (minimum) 19%<\/span><br \/>\n<span style=\"font-family: arial, helvetica, sans-serif; font-size: 12pt;\">Crude fiber: (maximum) 7.8%<\/span><br \/>\n<span style=\"font-family: arial, helvetica, sans-serif; font-size: 12pt;\">Crude ash: (maximum) 1.4%<\/span><\/p>","protected":false},"excerpt":{"rendered":"<ul>\n<li><span style=\"font-family: arial, helvetica, sans-serif; font-size: 12pt;\"><strong>Age range:<\/strong> puppies (Poodle breed) from 2 to 10 months old<\/span><\/li>\n<li><span style=\"font-family: arial, helvetica, sans-serif; font-size: 12pt;\"><strong>Made in<\/strong> France<\/span><\/li>\n<li><span style=\"font-family: arial, helvetica, sans-serif; font-size: 12pt;\"><strong>Brand:<\/strong> Royal Canin<\/span><\/li>\n<li><span style=\"font-family: arial, helvetica, sans-serif; font-size: 12pt;\"><strong>Shelf life:<\/strong> 18 months<\/span><\/li>\n<\/ul>\n","protected":false},"featured_media":788,"comment_status":"open","ping_status":"closed","template":"","meta":[],"product_cat":[21,23,52],"product_tag":[],"yoast_head":"<!-- This site is optimized with the Yoast SEO plugin v20.2 - https:\/\/yoast.com\/wordpress\/plugins\/seo\/ -->\n<title>Royal Canin Puppy Poodle 1.5kg - Pet Like Park<\/title>\n<meta name=\"robots\" content=\"index, follow, max-snippet:-1, max-image-preview:large, max-video-preview:-1\" \/>\n<link rel=\"canonical\" href=\"https:\/\/petlikepark.com\/product\/thuc-an-cho-cho-con-royal-canin-poodle-puppy-dry\/\" \/>\n<meta property=\"og:locale\" content=\"en_US\" \/>\n<meta property=\"og:type\" content=\"article\" \/>\n<meta property=\"og:title\" content=\"[:vi]Th\u1ee9c \u0103n Ch\u00f3 Con Royal Canin Poodle 1.5kg[:en]Royal Canin Puppy Poodle 1.5kg[:] - Pet Like Park\" \/>\n<meta property=\"og:description\" content=\"[:vi]  \u0110\u1ed1i t\u01b0\u1ee3ng s\u1eed d\u1ee5ng: gi\u1ed1ng ch\u00f3 Poodle t\u1eeb 2-10 th\u00e1ng tu\u1ed5i  Xu\u1ea5t x\u1ee9: Ph\u00e1p  Th\u01b0\u01a1ng hi\u1ec7u: Royal Canin  H\u1ea1n s\u1eed d\u1ee5ng: 18 th\u00e1ng [:en]  Age range: puppies (Poodle breed) from 2 to 10 months old  Made in France  Brand: Royal Canin  Shelf life: 18 months [:]\" \/>\n<meta property=\"og:url\" content=\"https:\/\/petlikepark.com\/product\/thuc-an-cho-cho-con-royal-canin-poodle-puppy-dry\/\" \/>\n<meta property=\"og:site_name\" content=\"Pet Like Park\" \/>\n<meta property=\"article:modified_time\" content=\"2024-12-15T02:26:21+00:00\" \/>\n<meta property=\"og:image\" content=\"https:\/\/petlikepark.com\/wp-content\/uploads\/2023\/10\/pu-poodle-packshot-bhn18.png\" \/>\n\t<meta property=\"og:image:width\" content=\"250\" \/>\n\t<meta property=\"og:image:height\" content=\"354\" \/>\n\t<meta property=\"og:image:type\" content=\"image\/png\" \/>\n<meta name=\"twitter:card\" content=\"summary_large_image\" \/>\n<meta name=\"twitter:label1\" content=\"Est. reading time\" \/>\n\t<meta name=\"twitter:data1\" content=\"2 minutes\" \/>\n<script type=\"application\/ld+json\" class=\"yoast-schema-graph\">{\"@context\":\"https:\/\/schema.org\",\"@graph\":[{\"@type\":\"WebPage\",\"@id\":\"https:\/\/petlikepark.com\/product\/thuc-an-cho-cho-con-royal-canin-poodle-puppy-dry\/\",\"url\":\"https:\/\/petlikepark.com\/product\/thuc-an-cho-cho-con-royal-canin-poodle-puppy-dry\/\",\"name\":\"[:vi]Th\u1ee9c \u0103n Ch\u00f3 Con Royal Canin Poodle 1.5kg[:en]Royal Canin Puppy Poodle 1.5kg[:] - Pet Like Park\",\"isPartOf\":{\"@id\":\"https:\/\/petlikepark.com\/#website\"},\"datePublished\":\"2023-10-03T09:41:03+00:00\",\"dateModified\":\"2024-12-15T02:26:21+00:00\",\"breadcrumb\":{\"@id\":\"https:\/\/petlikepark.com\/product\/thuc-an-cho-cho-con-royal-canin-poodle-puppy-dry\/#breadcrumb\"},\"inLanguage\":\"en-US\",\"potentialAction\":[{\"@type\":\"ReadAction\",\"target\":[\"https:\/\/petlikepark.com\/product\/thuc-an-cho-cho-con-royal-canin-poodle-puppy-dry\/\"]}]},{\"@type\":\"BreadcrumbList\",\"@id\":\"https:\/\/petlikepark.com\/product\/thuc-an-cho-cho-con-royal-canin-poodle-puppy-dry\/#breadcrumb\",\"itemListElement\":[{\"@type\":\"ListItem\",\"position\":1,\"name\":\"Home\",\"item\":\"https:\/\/petlikepark.com\/\"},{\"@type\":\"ListItem\",\"position\":2,\"name\":\"S\u1ea3n ph\u1ea9m\",\"item\":\"https:\/\/petlikepark.com\/san-pham\/\"},{\"@type\":\"ListItem\",\"position\":3,\"name\":\"Th\u1ee9c \u0103n Ch\u00f3 Con Royal Canin Poodle 1.5kg\"}]},{\"@type\":\"WebSite\",\"@id\":\"https:\/\/petlikepark.com\/#website\",\"url\":\"https:\/\/petlikepark.com\/\",\"name\":\"Pet Like Park\",\"description\":\"\",\"publisher\":{\"@id\":\"https:\/\/petlikepark.com\/#organization\"},\"potentialAction\":[{\"@type\":\"SearchAction\",\"target\":{\"@type\":\"EntryPoint\",\"urlTemplate\":\"https:\/\/petlikepark.com\/?s={search_term_string}\"},\"query-input\":\"required name=search_term_string\"}],\"inLanguage\":\"en-US\"},{\"@type\":\"Organization\",\"@id\":\"https:\/\/petlikepark.com\/#organization\",\"name\":\"Pet Like Park\",\"url\":\"https:\/\/petlikepark.com\/\",\"logo\":{\"@type\":\"ImageObject\",\"inLanguage\":\"en-US\",\"@id\":\"https:\/\/petlikepark.com\/#\/schema\/logo\/image\/\",\"url\":\"https:\/\/petlikepark.com\/wp-content\/uploads\/2023\/12\/cropped-cropped-pet_like_park_logo-1.png\",\"contentUrl\":\"https:\/\/petlikepark.com\/wp-content\/uploads\/2023\/12\/cropped-cropped-pet_like_park_logo-1.png\",\"width\":250,\"height\":250,\"caption\":\"Pet Like Park\"},\"image\":{\"@id\":\"https:\/\/petlikepark.com\/#\/schema\/logo\/image\/\"}}]}<\/script>\n<!-- \/ Yoast SEO plugin. -->","yoast_head_json":{"title":"[:vi]Th\u1ee9c \u0103n Ch\u00f3 Con Royal Canin Poodle 1.5kg[:en]Royal Canin Puppy Poodle 1.5kg[:] - Pet Like Park","robots":{"index":"index","follow":"follow","max-snippet":"max-snippet:-1","max-image-preview":"max-image-preview:large","max-video-preview":"max-video-preview:-1"},"canonical":"https:\/\/petlikepark.com\/product\/thuc-an-cho-cho-con-royal-canin-poodle-puppy-dry\/","og_locale":"en_US","og_type":"article","og_title":"[:vi]Th\u1ee9c \u0103n Ch\u00f3 Con Royal Canin Poodle 1.5kg[:en]Royal Canin Puppy Poodle 1.5kg[:] - Pet Like Park","og_description":"[:vi]  \u0110\u1ed1i t\u01b0\u1ee3ng s\u1eed d\u1ee5ng: gi\u1ed1ng ch\u00f3 Poodle t\u1eeb 2-10 th\u00e1ng tu\u1ed5i  Xu\u1ea5t x\u1ee9: Ph\u00e1p  Th\u01b0\u01a1ng hi\u1ec7u: Royal Canin  H\u1ea1n s\u1eed d\u1ee5ng: 18 th\u00e1ng [:en]  Age range: puppies (Poodle breed) from 2 to 10 months old  Made in France  Brand: Royal Canin  Shelf life: 18 months [:]","og_url":"https:\/\/petlikepark.com\/product\/thuc-an-cho-cho-con-royal-canin-poodle-puppy-dry\/","og_site_name":"Pet Like Park","article_modified_time":"2024-12-15T02:26:21+00:00","og_image":[{"width":250,"height":354,"url":"https:\/\/petlikepark.com\/wp-content\/uploads\/2023\/10\/pu-poodle-packshot-bhn18.png","type":"image\/png"}],"twitter_card":"summary_large_image","twitter_misc":{"Est. reading time":"2 minutes"},"schema":{"@context":"https:\/\/schema.org","@graph":[{"@type":"WebPage","@id":"https:\/\/petlikepark.com\/product\/thuc-an-cho-cho-con-royal-canin-poodle-puppy-dry\/","url":"https:\/\/petlikepark.com\/product\/thuc-an-cho-cho-con-royal-canin-poodle-puppy-dry\/","name":"[:vi]Th\u1ee9c \u0103n Ch\u00f3 Con Royal Canin Poodle 1.5kg[:en]Royal Canin Puppy Poodle 1.5kg[:] - Pet Like Park","isPartOf":{"@id":"https:\/\/petlikepark.com\/#website"},"datePublished":"2023-10-03T09:41:03+00:00","dateModified":"2024-12-15T02:26:21+00:00","breadcrumb":{"@id":"https:\/\/petlikepark.com\/product\/thuc-an-cho-cho-con-royal-canin-poodle-puppy-dry\/#breadcrumb"},"inLanguage":"en-US","potentialAction":[{"@type":"ReadAction","target":["https:\/\/petlikepark.com\/product\/thuc-an-cho-cho-con-royal-canin-poodle-puppy-dry\/"]}]},{"@type":"BreadcrumbList","@id":"https:\/\/petlikepark.com\/product\/thuc-an-cho-cho-con-royal-canin-poodle-puppy-dry\/#breadcrumb","itemListElement":[{"@type":"ListItem","position":1,"name":"Home","item":"https:\/\/petlikepark.com\/"},{"@type":"ListItem","position":2,"name":"S\u1ea3n ph\u1ea9m","item":"https:\/\/petlikepark.com\/san-pham\/"},{"@type":"ListItem","position":3,"name":"Th\u1ee9c \u0103n Ch\u00f3 Con Royal Canin Poodle 1.5kg"}]},{"@type":"WebSite","@id":"https:\/\/petlikepark.com\/#website","url":"https:\/\/petlikepark.com\/","name":"Pet Like Park","description":"","publisher":{"@id":"https:\/\/petlikepark.com\/#organization"},"potentialAction":[{"@type":"SearchAction","target":{"@type":"EntryPoint","urlTemplate":"https:\/\/petlikepark.com\/?s={search_term_string}"},"query-input":"required name=search_term_string"}],"inLanguage":"en-US"},{"@type":"Organization","@id":"https:\/\/petlikepark.com\/#organization","name":"Pet Like Park","url":"https:\/\/petlikepark.com\/","logo":{"@type":"ImageObject","inLanguage":"en-US","@id":"https:\/\/petlikepark.com\/#\/schema\/logo\/image\/","url":"https:\/\/petlikepark.com\/wp-content\/uploads\/2023\/12\/cropped-cropped-pet_like_park_logo-1.png","contentUrl":"https:\/\/petlikepark.com\/wp-content\/uploads\/2023\/12\/cropped-cropped-pet_like_park_logo-1.png","width":250,"height":250,"caption":"Pet Like Park"},"image":{"@id":"https:\/\/petlikepark.com\/#\/schema\/logo\/image\/"}}]}},"_links":{"self":[{"href":"https:\/\/petlikepark.com\/en\/wp-json\/wp\/v2\/product\/785"}],"collection":[{"href":"https:\/\/petlikepark.com\/en\/wp-json\/wp\/v2\/product"}],"about":[{"href":"https:\/\/petlikepark.com\/en\/wp-json\/wp\/v2\/types\/product"}],"replies":[{"embeddable":true,"href":"https:\/\/petlikepark.com\/en\/wp-json\/wp\/v2\/comments?post=785"}],"wp:featuredmedia":[{"embeddable":true,"href":"https:\/\/petlikepark.com\/en\/wp-json\/wp\/v2\/media\/788"}],"wp:attachment":[{"href":"https:\/\/petlikepark.com\/en\/wp-json\/wp\/v2\/media?parent=785"}],"wp:term":[{"taxonomy":"product_cat","embeddable":true,"href":"https:\/\/petlikepark.com\/en\/wp-json\/wp\/v2\/product_cat?post=785"},{"taxonomy":"product_tag","embeddable":true,"href":"https:\/\/petlikepark.com\/en\/wp-json\/wp\/v2\/product_tag?post=785"}],"curies":[{"name":"wp","href":"https:\/\/api.w.org\/{rel}","templated":true}]}}