{"id":95,"date":"2023-02-28T06:18:13","date_gmt":"2023-02-28T06:18:13","guid":{"rendered":"https:\/\/petlikepark.com\/?post_type=product&#038;p=95"},"modified":"2024-12-23T04:41:36","modified_gmt":"2024-12-23T04:41:36","slug":"the-real-grain-free-oven-baked-lamb-adult","status":"publish","type":"product","link":"https:\/\/petlikepark.com\/en\/product\/the-real-grain-free-oven-baked-lamb-adult\/","title":{"rendered":"THE REAL GRAIN FREE OVEN \u2013 BAKED LAMB ADULT"},"content":{"rendered":"<p><img loading=\"lazy\" decoding=\"async\" class=\"alignnone size-full wp-image-136\" src=\"https:\/\/petlikepark.com\/wp-content\/uploads\/2023\/02\/THE-REAL-GRAIN-FREE-OVEN-BAKED-LAMB-ADULT-.jpg\" alt=\"\" width=\"800\" height=\"800\" srcset=\"https:\/\/petlikepark.com\/wp-content\/uploads\/2023\/02\/THE-REAL-GRAIN-FREE-OVEN-BAKED-LAMB-ADULT-.jpg 800w, https:\/\/petlikepark.com\/wp-content\/uploads\/2023\/02\/THE-REAL-GRAIN-FREE-OVEN-BAKED-LAMB-ADULT--300x300.jpg 300w, https:\/\/petlikepark.com\/wp-content\/uploads\/2023\/02\/THE-REAL-GRAIN-FREE-OVEN-BAKED-LAMB-ADULT--150x150.jpg 150w, https:\/\/petlikepark.com\/wp-content\/uploads\/2023\/02\/THE-REAL-GRAIN-FREE-OVEN-BAKED-LAMB-ADULT--768x768.jpg 768w, https:\/\/petlikepark.com\/wp-content\/uploads\/2023\/02\/THE-REAL-GRAIN-FREE-OVEN-BAKED-LAMB-ADULT--100x100.jpg 100w, https:\/\/petlikepark.com\/wp-content\/uploads\/2023\/02\/THE-REAL-GRAIN-FREE-OVEN-BAKED-LAMB-ADULT--400x400.jpg 400w, https:\/\/petlikepark.com\/wp-content\/uploads\/2023\/02\/THE-REAL-GRAIN-FREE-OVEN-BAKED-LAMB-ADULT--600x600.jpg 600w\" sizes=\"(max-width: 767px) 89vw, (max-width: 1000px) 54vw, (max-width: 1071px) 543px, 580px\" \/><\/p>\n<p><span style=\"font-family: arial, helvetica, sans-serif; font-size: 12pt;\"><strong>BENEFITS:<\/strong><\/span><\/p>\n<ul>\n<li><span style=\"font-family: arial, helvetica, sans-serif; font-size: 12pt;\">Use fresh ingredients that human can consume &#8211; 100% human grade.<\/span><\/li>\n<li><span style=\"font-family: arial, helvetica, sans-serif; font-size: 12pt;\">Do not contain grains that may cause allergies to pets.<\/span><\/li>\n<li><span style=\"font-family: arial, helvetica, sans-serif; font-size: 12pt;\">Real fresh lamb.<\/span><\/li>\n<li><span style=\"font-family: arial, helvetica, sans-serif; font-size: 12pt;\">Beans provide protein and fibre to help support the digestive system.<\/span><\/li>\n<li><span style=\"font-family: arial, helvetica, sans-serif; font-size: 12pt;\">Soft kibbles are made by oven-baked to keep the original flavors of the food and suitable for picky or senior dogs.<\/span><\/li>\n<\/ul>\n<p><span style=\"font-family: arial, helvetica, sans-serif; font-size: 12pt;\"><strong>INGREDIENTS:<\/strong><\/span><\/p>\n<p><span style=\"font-family: arial, helvetica, sans-serif; font-size: 12pt;\">Lamb, peas, lentils, pea protein, tapioca starch, pea starch, flaxseed, beet fiber, beef tallow, chicken liver, calcium phosphate, brewer&#8217;s yeast, egg powder, calcium carbonate, potassium salt, Carrots, pumpkin, blueberries, fish oil, Taurine, mineral premix, vitamins, Tocopherol, rosemary extract, green tea extract, Chicory Inulin, L-lysine, monoglyceride, Choline chloride, DL-methionine, L- Carnitine.<\/span><\/p>\n<p><span style=\"font-family: arial, helvetica, sans-serif; font-size: 12pt;\"><strong>ANALYTICAL CONSTITUENTS:<\/strong><\/span><\/p>\n<p><span style=\"font-family: arial, helvetica, sans-serif; font-size: 12pt;\">Crude protein: (minimum) 25%<\/span><br \/>\n<span style=\"font-family: arial, helvetica, sans-serif; font-size: 12pt;\">Crude fat: (minimum) 15%<\/span><br \/>\n<span style=\"font-family: arial, helvetica, sans-serif; font-size: 12pt;\">Crude fiber: (maximum) 4%<\/span><br \/>\n<span style=\"font-family: arial, helvetica, sans-serif; font-size: 12pt;\">Crude ash: (maximum) 8%<\/span><br \/>\n<span style=\"font-family: arial, helvetica, sans-serif; font-size: 12pt;\">Moisture: (maximum) 10%<\/span><\/p>","protected":false},"excerpt":{"rendered":"<ul>\n<li><span style=\"font-family: arial, helvetica, sans-serif; font-size: 12pt;\"><strong>Age range:<\/strong> Adult dogs over 1 year old<\/span><\/li>\n<li><span style=\"font-family: arial, helvetica, sans-serif; font-size: 12pt;\"><strong>Made in<\/strong> Korea<\/span><\/li>\n<li><span style=\"font-family: arial, helvetica, sans-serif; font-size: 12pt;\"><strong>Brand:<\/strong> Harim<\/span><\/li>\n<li><span style=\"font-family: arial, helvetica, sans-serif; font-size: 12pt;\"><strong>Shelf life:<\/strong> 12 months<\/span><\/li>\n<\/ul>\n","protected":false},"featured_media":136,"comment_status":"open","ping_status":"closed","template":"","meta":[],"product_cat":[88,21,23,52],"product_tag":[],"yoast_head":"<!-- This site is optimized with the Yoast SEO plugin v20.2 - https:\/\/yoast.com\/wordpress\/plugins\/seo\/ -->\n<title>THE REAL GRAIN FREE OVEN \u2013 BAKED LAMB ADULT - Pet Like Park<\/title>\n<meta name=\"robots\" content=\"index, follow, max-snippet:-1, max-image-preview:large, max-video-preview:-1\" \/>\n<link rel=\"canonical\" href=\"https:\/\/petlikepark.com\/product\/the-real-grain-free-oven-baked-lamb-adult\/\" \/>\n<meta property=\"og:locale\" content=\"en_US\" \/>\n<meta property=\"og:type\" content=\"article\" \/>\n<meta property=\"og:title\" content=\"[:vi]THE REAL GRAIN FREE OVEN \u2013 BAKED V\u1eca TH\u1ecaT C\u1eeaU CHO CH\u00d3 TR\u01af\u1edeNG TH\u00c0NH[:en]THE REAL GRAIN FREE OVEN \u2013 BAKED LAMB ADULT[:] - Pet Like Park\" \/>\n<meta property=\"og:description\" content=\"[:vi]  \u0110\u1ed1i t\u01b0\u1ee3ng s\u1eed d\u1ee5ng: ch\u00f3 tr\u01b0\u1edfng th\u00e0nh tr\u00ean 1 n\u0103m tu\u1ed5i  Xu\u1ea5t x\u1ee9: H\u00e0n Qu\u1ed1c  Th\u01b0\u01a1ng hi\u1ec7u: Harim  H\u1ea1n s\u1eed d\u1ee5ng: 12 th\u00e1ng [:en]  Age range: Adult dogs over 1 year old  Made in Korea  Brand: Harim  Shelf life: 12 months [:]\" \/>\n<meta property=\"og:url\" content=\"https:\/\/petlikepark.com\/product\/the-real-grain-free-oven-baked-lamb-adult\/\" \/>\n<meta property=\"og:site_name\" content=\"Pet Like Park\" \/>\n<meta property=\"article:modified_time\" content=\"2024-12-23T04:41:36+00:00\" \/>\n<meta property=\"og:image\" content=\"https:\/\/petlikepark.com\/wp-content\/uploads\/2023\/02\/THE-REAL-GRAIN-FREE-OVEN-BAKED-LAMB-ADULT-.jpg\" \/>\n\t<meta property=\"og:image:width\" content=\"800\" \/>\n\t<meta property=\"og:image:height\" content=\"800\" \/>\n\t<meta property=\"og:image:type\" content=\"image\/jpeg\" \/>\n<meta name=\"twitter:card\" content=\"summary_large_image\" \/>\n<meta name=\"twitter:label1\" content=\"Est. reading time\" \/>\n\t<meta name=\"twitter:data1\" content=\"2 minutes\" \/>\n<script type=\"application\/ld+json\" class=\"yoast-schema-graph\">{\"@context\":\"https:\/\/schema.org\",\"@graph\":[{\"@type\":\"WebPage\",\"@id\":\"https:\/\/petlikepark.com\/product\/the-real-grain-free-oven-baked-lamb-adult\/\",\"url\":\"https:\/\/petlikepark.com\/product\/the-real-grain-free-oven-baked-lamb-adult\/\",\"name\":\"[:vi]THE REAL GRAIN FREE OVEN \u2013 BAKED V\u1eca TH\u1ecaT C\u1eeaU CHO CH\u00d3 TR\u01af\u1edeNG TH\u00c0NH[:en]THE REAL GRAIN FREE OVEN \u2013 BAKED LAMB ADULT[:] - Pet Like Park\",\"isPartOf\":{\"@id\":\"https:\/\/petlikepark.com\/#website\"},\"datePublished\":\"2023-02-28T06:18:13+00:00\",\"dateModified\":\"2024-12-23T04:41:36+00:00\",\"breadcrumb\":{\"@id\":\"https:\/\/petlikepark.com\/product\/the-real-grain-free-oven-baked-lamb-adult\/#breadcrumb\"},\"inLanguage\":\"en-US\",\"potentialAction\":[{\"@type\":\"ReadAction\",\"target\":[\"https:\/\/petlikepark.com\/product\/the-real-grain-free-oven-baked-lamb-adult\/\"]}]},{\"@type\":\"BreadcrumbList\",\"@id\":\"https:\/\/petlikepark.com\/product\/the-real-grain-free-oven-baked-lamb-adult\/#breadcrumb\",\"itemListElement\":[{\"@type\":\"ListItem\",\"position\":1,\"name\":\"Home\",\"item\":\"https:\/\/petlikepark.com\/\"},{\"@type\":\"ListItem\",\"position\":2,\"name\":\"S\u1ea3n ph\u1ea9m\",\"item\":\"https:\/\/petlikepark.com\/san-pham\/\"},{\"@type\":\"ListItem\",\"position\":3,\"name\":\"[:vi]THE REAL GRAIN FREE OVEN \u2013 BAKED V\u1eca TH\u1ecaT C\u1eeaU CHO CH\u00d3 TR\u01af\u1edeNG TH\u00c0NH[:en]THE REAL GRAIN FREE OVEN \u2013 BAKED LAMB ADULT[:]\"}]},{\"@type\":\"WebSite\",\"@id\":\"https:\/\/petlikepark.com\/#website\",\"url\":\"https:\/\/petlikepark.com\/\",\"name\":\"Pet Like Park\",\"description\":\"\",\"publisher\":{\"@id\":\"https:\/\/petlikepark.com\/#organization\"},\"potentialAction\":[{\"@type\":\"SearchAction\",\"target\":{\"@type\":\"EntryPoint\",\"urlTemplate\":\"https:\/\/petlikepark.com\/?s={search_term_string}\"},\"query-input\":\"required name=search_term_string\"}],\"inLanguage\":\"en-US\"},{\"@type\":\"Organization\",\"@id\":\"https:\/\/petlikepark.com\/#organization\",\"name\":\"Pet Like Park\",\"url\":\"https:\/\/petlikepark.com\/\",\"logo\":{\"@type\":\"ImageObject\",\"inLanguage\":\"en-US\",\"@id\":\"https:\/\/petlikepark.com\/#\/schema\/logo\/image\/\",\"url\":\"https:\/\/petlikepark.com\/wp-content\/uploads\/2023\/12\/cropped-cropped-pet_like_park_logo-1.png\",\"contentUrl\":\"https:\/\/petlikepark.com\/wp-content\/uploads\/2023\/12\/cropped-cropped-pet_like_park_logo-1.png\",\"width\":250,\"height\":250,\"caption\":\"Pet Like Park\"},\"image\":{\"@id\":\"https:\/\/petlikepark.com\/#\/schema\/logo\/image\/\"}}]}<\/script>\n<!-- \/ Yoast SEO plugin. -->","yoast_head_json":{"title":"[:vi]THE REAL GRAIN FREE OVEN \u2013 BAKED V\u1eca TH\u1ecaT C\u1eeaU CHO CH\u00d3 TR\u01af\u1edeNG TH\u00c0NH[:en]THE REAL GRAIN FREE OVEN \u2013 BAKED LAMB ADULT[:] - Pet Like Park","robots":{"index":"index","follow":"follow","max-snippet":"max-snippet:-1","max-image-preview":"max-image-preview:large","max-video-preview":"max-video-preview:-1"},"canonical":"https:\/\/petlikepark.com\/product\/the-real-grain-free-oven-baked-lamb-adult\/","og_locale":"en_US","og_type":"article","og_title":"[:vi]THE REAL GRAIN FREE OVEN \u2013 BAKED V\u1eca TH\u1ecaT C\u1eeaU CHO CH\u00d3 TR\u01af\u1edeNG TH\u00c0NH[:en]THE REAL GRAIN FREE OVEN \u2013 BAKED LAMB ADULT[:] - Pet Like Park","og_description":"[:vi]  \u0110\u1ed1i t\u01b0\u1ee3ng s\u1eed d\u1ee5ng: ch\u00f3 tr\u01b0\u1edfng th\u00e0nh tr\u00ean 1 n\u0103m tu\u1ed5i  Xu\u1ea5t x\u1ee9: H\u00e0n Qu\u1ed1c  Th\u01b0\u01a1ng hi\u1ec7u: Harim  H\u1ea1n s\u1eed d\u1ee5ng: 12 th\u00e1ng [:en]  Age range: Adult dogs over 1 year old  Made in Korea  Brand: Harim  Shelf life: 12 months [:]","og_url":"https:\/\/petlikepark.com\/product\/the-real-grain-free-oven-baked-lamb-adult\/","og_site_name":"Pet Like Park","article_modified_time":"2024-12-23T04:41:36+00:00","og_image":[{"width":800,"height":800,"url":"https:\/\/petlikepark.com\/wp-content\/uploads\/2023\/02\/THE-REAL-GRAIN-FREE-OVEN-BAKED-LAMB-ADULT-.jpg","type":"image\/jpeg"}],"twitter_card":"summary_large_image","twitter_misc":{"Est. reading time":"2 minutes"},"schema":{"@context":"https:\/\/schema.org","@graph":[{"@type":"WebPage","@id":"https:\/\/petlikepark.com\/product\/the-real-grain-free-oven-baked-lamb-adult\/","url":"https:\/\/petlikepark.com\/product\/the-real-grain-free-oven-baked-lamb-adult\/","name":"[:vi]THE REAL GRAIN FREE OVEN \u2013 BAKED V\u1eca TH\u1ecaT C\u1eeaU CHO CH\u00d3 TR\u01af\u1edeNG TH\u00c0NH[:en]THE REAL GRAIN FREE OVEN \u2013 BAKED LAMB ADULT[:] - Pet Like Park","isPartOf":{"@id":"https:\/\/petlikepark.com\/#website"},"datePublished":"2023-02-28T06:18:13+00:00","dateModified":"2024-12-23T04:41:36+00:00","breadcrumb":{"@id":"https:\/\/petlikepark.com\/product\/the-real-grain-free-oven-baked-lamb-adult\/#breadcrumb"},"inLanguage":"en-US","potentialAction":[{"@type":"ReadAction","target":["https:\/\/petlikepark.com\/product\/the-real-grain-free-oven-baked-lamb-adult\/"]}]},{"@type":"BreadcrumbList","@id":"https:\/\/petlikepark.com\/product\/the-real-grain-free-oven-baked-lamb-adult\/#breadcrumb","itemListElement":[{"@type":"ListItem","position":1,"name":"Home","item":"https:\/\/petlikepark.com\/"},{"@type":"ListItem","position":2,"name":"S\u1ea3n ph\u1ea9m","item":"https:\/\/petlikepark.com\/san-pham\/"},{"@type":"ListItem","position":3,"name":"[:vi]THE REAL GRAIN FREE OVEN \u2013 BAKED V\u1eca TH\u1ecaT C\u1eeaU CHO CH\u00d3 TR\u01af\u1edeNG TH\u00c0NH[:en]THE REAL GRAIN FREE OVEN \u2013 BAKED LAMB ADULT[:]"}]},{"@type":"WebSite","@id":"https:\/\/petlikepark.com\/#website","url":"https:\/\/petlikepark.com\/","name":"Pet Like Park","description":"","publisher":{"@id":"https:\/\/petlikepark.com\/#organization"},"potentialAction":[{"@type":"SearchAction","target":{"@type":"EntryPoint","urlTemplate":"https:\/\/petlikepark.com\/?s={search_term_string}"},"query-input":"required name=search_term_string"}],"inLanguage":"en-US"},{"@type":"Organization","@id":"https:\/\/petlikepark.com\/#organization","name":"Pet Like Park","url":"https:\/\/petlikepark.com\/","logo":{"@type":"ImageObject","inLanguage":"en-US","@id":"https:\/\/petlikepark.com\/#\/schema\/logo\/image\/","url":"https:\/\/petlikepark.com\/wp-content\/uploads\/2023\/12\/cropped-cropped-pet_like_park_logo-1.png","contentUrl":"https:\/\/petlikepark.com\/wp-content\/uploads\/2023\/12\/cropped-cropped-pet_like_park_logo-1.png","width":250,"height":250,"caption":"Pet Like Park"},"image":{"@id":"https:\/\/petlikepark.com\/#\/schema\/logo\/image\/"}}]}},"_links":{"self":[{"href":"https:\/\/petlikepark.com\/en\/wp-json\/wp\/v2\/product\/95"}],"collection":[{"href":"https:\/\/petlikepark.com\/en\/wp-json\/wp\/v2\/product"}],"about":[{"href":"https:\/\/petlikepark.com\/en\/wp-json\/wp\/v2\/types\/product"}],"replies":[{"embeddable":true,"href":"https:\/\/petlikepark.com\/en\/wp-json\/wp\/v2\/comments?post=95"}],"wp:featuredmedia":[{"embeddable":true,"href":"https:\/\/petlikepark.com\/en\/wp-json\/wp\/v2\/media\/136"}],"wp:attachment":[{"href":"https:\/\/petlikepark.com\/en\/wp-json\/wp\/v2\/media?parent=95"}],"wp:term":[{"taxonomy":"product_cat","embeddable":true,"href":"https:\/\/petlikepark.com\/en\/wp-json\/wp\/v2\/product_cat?post=95"},{"taxonomy":"product_tag","embeddable":true,"href":"https:\/\/petlikepark.com\/en\/wp-json\/wp\/v2\/product_tag?post=95"}],"curies":[{"name":"wp","href":"https:\/\/api.w.org\/{rel}","templated":true}]}}